{"id":140,"date":"2012-02-23T18:03:44","date_gmt":"2012-02-23T18:03:44","guid":{"rendered":"http:\/\/goldenti.com\/site\/?page_id=140"},"modified":"2019-03-11T15:25:15","modified_gmt":"2019-03-11T21:25:15","slug":"tecnologia","status":"publish","type":"page","link":"https:\/\/goldenti.com\/site\/tecnologia\/","title":{"rendered":"Tecnolog\u00eda"},"content":{"rendered":"\n<h2 class=\"wp-block-heading\">Modernizaci\u00f3n Tecnol\u00f3gica<\/h2>\n\n\n\n<div class=\"wp-block-image\"><figure class=\"alignleft\"><img fetchpriority=\"high\" decoding=\"async\" width=\"300\" height=\"220\" src=\"http:\/\/goldenti.com\/site\/wp-content\/uploads\/2012\/02\/24642.jpg\" alt=\"24642\" class=\"wp-image-15211\"\/><\/figure><\/div>\n\n\n\n<p>Desarrollamos e implementamos sistemas de informaci\u00f3n a la medida que habiliten la toma de decisiones oportuna a trav\u00e9s de informaci\u00f3n oportuna y confiable.<\/p> <br \/> \n\n\n\n<hr class=\"wp-block-separator\"\/>\n\n\n\n<h2 class=\"wp-block-heading\">Infraestructura<\/h2>\n\n\n\n<div class=\"wp-block-image\"><figure class=\"alignleft\"><img decoding=\"async\" width=\"670\" height=\"457\" src=\"http:\/\/goldenti.com\/site\/wp-content\/uploads\/2012\/02\/grafico_assets_management1.jpg\" alt=\"grafico_assets_management1\" class=\"wp-image-15213\" srcset=\"https:\/\/goldenti.com\/site\/wp-content\/uploads\/2012\/02\/grafico_assets_management1.jpg 670w, https:\/\/goldenti.com\/site\/wp-content\/uploads\/2012\/02\/grafico_assets_management1-300x205.jpg 300w\" sizes=\"(max-width: 670px) 100vw, 670px\" \/><\/figure><\/div>\n\n\n\n<p><\/p>\n\n\n\n<p>Suministramos e implementamos plataformas tecnol\u00f3gicas que disminuyan el costo total de propiedad e incrementen la competitividad.<\/p>\n\n\n\n<hr class=\"wp-block-separator\"\/>\n\n\n\n<h2 class=\"wp-block-heading\">Lean IT<\/h2>\n\n\n\n<div class=\"wp-block-image\"><figure class=\"alignleft\"><img decoding=\"async\" width=\"718\" height=\"458\" src=\"http:\/\/goldenti.com\/site\/wp-content\/uploads\/2012\/02\/important-aspects-of-lean-thinking.jpg\" alt=\"important-aspects-of-lean-thinking\" class=\"wp-image-15215\" srcset=\"https:\/\/goldenti.com\/site\/wp-content\/uploads\/2012\/02\/important-aspects-of-lean-thinking.jpg 718w, https:\/\/goldenti.com\/site\/wp-content\/uploads\/2012\/02\/important-aspects-of-lean-thinking-300x191.jpg 300w\" sizes=\"(max-width: 718px) 100vw, 718px\" \/><\/figure><\/div>\n\n\n\n<p><\/p>\n\n\n\n<p>Optimizamos los modelos de operaci\u00f3n de IT aplicando herramientas de Lean Manufacturing y Six Sigma.<\/p>\n\n\n\n<hr class=\"wp-block-separator\"\/>\n\n\n\n<h2 class=\"wp-block-heading\">Risk Management<\/h2>\n\n\n\n<div class=\"wp-block-image\"><figure class=\"alignleft\"><img loading=\"lazy\" decoding=\"async\" width=\"627\" height=\"470\" src=\"http:\/\/goldenti.com\/site\/wp-content\/uploads\/2012\/02\/Risk-Management.png\" alt=\"Risk-Management\" class=\"wp-image-15217\" srcset=\"https:\/\/goldenti.com\/site\/wp-content\/uploads\/2012\/02\/Risk-Management.png 627w, https:\/\/goldenti.com\/site\/wp-content\/uploads\/2012\/02\/Risk-Management-300x225.png 300w\" sizes=\"(max-width: 627px) 100vw, 627px\" \/><\/figure><\/div>\n\n\n\n<p><\/p>\n\n\n\n<p><\/p>\n\n\n\n<p><\/p>\n\n\n\n<p><\/p>\n\n\n\n<p>La administraci\u00f3n de riesgos es proactivamente identificar y mitigar los riesgos para facilitar el logro de los objetivos.<\/p>\n\n\n\n<hr class=\"wp-block-separator\"\/>\n\n\n\n<h2 class=\"wp-block-heading\">CIO Competences Development<\/h2>\n\n\n\n<div class=\"wp-block-image\"><figure class=\"alignleft\"><img loading=\"lazy\" decoding=\"async\" width=\"600\" height=\"576\" src=\"http:\/\/goldenti.com\/site\/wp-content\/uploads\/2012\/02\/core_competency_desktop.jpg\" alt=\"core_competency\" class=\"wp-image-15221\" srcset=\"https:\/\/goldenti.com\/site\/wp-content\/uploads\/2012\/02\/core_competency_desktop.jpg 600w, https:\/\/goldenti.com\/site\/wp-content\/uploads\/2012\/02\/core_competency_desktop-300x288.jpg 300w\" sizes=\"(max-width: 600px) 100vw, 600px\" \/><\/figure><\/div>\n\n\n\n<p><\/p>\n\n\n\n<p>Los nuevos retos demandan un perfil diferente de CIO adicionando la parte de negocios y sustentabilidad.<\/p>\n\n\n\n<hr class=\"wp-block-separator\"\/>\n\n\n\n<h2 class=\"wp-block-heading\">Seguridad de informaci\u00f3n y Sistema de Gesti\u00f3n ISO 27001<\/h2>\n\n\n\n<div class=\"wp-block-image\"><figure class=\"alignleft\"><img loading=\"lazy\" decoding=\"async\" width=\"570\" height=\"350\" src=\"http:\/\/goldenti.com\/site\/wp-content\/uploads\/2012\/02\/unlock.jpg\" alt=\"unlock\" class=\"wp-image-15223\" srcset=\"https:\/\/goldenti.com\/site\/wp-content\/uploads\/2012\/02\/unlock.jpg 570w, https:\/\/goldenti.com\/site\/wp-content\/uploads\/2012\/02\/unlock-300x184.jpg 300w\" sizes=\"(max-width: 570px) 100vw, 570px\" \/><\/figure><\/div>\n\n\n\n<p><\/p>\n\n\n\n<p>La confidencialidad, integridad y disponibilidad de la informaci\u00f3n es un requerimiento legal para las organizaci\u00f3n y las posibles amenazas se multiplican exponencialmente.<\/p>\n","protected":false},"excerpt":{"rendered":"<p>Modernizaci\u00f3n Tecnol\u00f3gica Desarrollamos e implementamos sistemas de informaci\u00f3n a la medida que habiliten la toma de [&hellip;]<\/p>\n","protected":false},"author":1,"featured_media":0,"parent":0,"menu_order":0,"comment_status":"closed","ping_status":"closed","template":"","meta":{"footnotes":""},"class_list":["post-140","page","type-page","status-publish","hentry"],"yoast_head":"<!-- This site is optimized with the Yoast SEO plugin v27.1.1 - https:\/\/yoast.com\/product\/yoast-seo-wordpress\/ -->\n<title>Tecnolog\u00eda -<\/title>\n<meta name=\"robots\" content=\"index, follow, max-snippet:-1, max-image-preview:large, max-video-preview:-1\" \/>\n<link rel=\"canonical\" href=\"https:\/\/goldenti.com\/site\/tecnologia\/\" \/>\n<meta property=\"og:locale\" content=\"es_ES\" \/>\n<meta property=\"og:type\" content=\"article\" \/>\n<meta property=\"og:title\" content=\"Tecnolog\u00eda -\" \/>\n<meta property=\"og:description\" content=\"Modernizaci\u00f3n Tecnol\u00f3gica Desarrollamos e implementamos sistemas de informaci\u00f3n a la medida que habiliten la toma de [&hellip;]\" \/>\n<meta property=\"og:url\" content=\"https:\/\/goldenti.com\/site\/tecnologia\/\" \/>\n<meta property=\"article:modified_time\" content=\"2019-03-11T21:25:15+00:00\" \/>\n<meta property=\"og:image\" content=\"http:\/\/goldenti.com\/site\/wp-content\/uploads\/2012\/02\/24642.jpg\" \/>\n<meta name=\"twitter:card\" content=\"summary_large_image\" \/>\n<meta name=\"twitter:label1\" content=\"Tiempo de lectura\" \/>\n\t<meta name=\"twitter:data1\" content=\"1 minuto\" \/>\n<script type=\"application\/ld+json\" class=\"yoast-schema-graph\">{\"@context\":\"https:\/\/schema.org\",\"@graph\":[{\"@type\":\"WebPage\",\"@id\":\"https:\/\/goldenti.com\/site\/tecnologia\/\",\"url\":\"https:\/\/goldenti.com\/site\/tecnologia\/\",\"name\":\"Tecnolog\u00eda -\",\"isPartOf\":{\"@id\":\"https:\/\/goldenti.com\/site\/#website\"},\"primaryImageOfPage\":{\"@id\":\"https:\/\/goldenti.com\/site\/tecnologia\/#primaryimage\"},\"image\":{\"@id\":\"https:\/\/goldenti.com\/site\/tecnologia\/#primaryimage\"},\"thumbnailUrl\":\"http:\/\/goldenti.com\/site\/wp-content\/uploads\/2012\/02\/24642.jpg\",\"datePublished\":\"2012-02-23T18:03:44+00:00\",\"dateModified\":\"2019-03-11T21:25:15+00:00\",\"breadcrumb\":{\"@id\":\"https:\/\/goldenti.com\/site\/tecnologia\/#breadcrumb\"},\"inLanguage\":\"es\",\"potentialAction\":[{\"@type\":\"ReadAction\",\"target\":[\"https:\/\/goldenti.com\/site\/tecnologia\/\"]}]},{\"@type\":\"ImageObject\",\"inLanguage\":\"es\",\"@id\":\"https:\/\/goldenti.com\/site\/tecnologia\/#primaryimage\",\"url\":\"https:\/\/goldenti.com\/site\/wp-content\/uploads\/2012\/02\/24642.jpg\",\"contentUrl\":\"https:\/\/goldenti.com\/site\/wp-content\/uploads\/2012\/02\/24642.jpg\",\"width\":300,\"height\":220},{\"@type\":\"BreadcrumbList\",\"@id\":\"https:\/\/goldenti.com\/site\/tecnologia\/#breadcrumb\",\"itemListElement\":[{\"@type\":\"ListItem\",\"position\":1,\"name\":\"Portada\",\"item\":\"https:\/\/goldenti.com\/site\/\"},{\"@type\":\"ListItem\",\"position\":2,\"name\":\"Tecnolog\u00eda\"}]},{\"@type\":\"WebSite\",\"@id\":\"https:\/\/goldenti.com\/site\/#website\",\"url\":\"https:\/\/goldenti.com\/site\/\",\"name\":\"\",\"description\":\"\",\"potentialAction\":[{\"@type\":\"SearchAction\",\"target\":{\"@type\":\"EntryPoint\",\"urlTemplate\":\"https:\/\/goldenti.com\/site\/?s={search_term_string}\"},\"query-input\":{\"@type\":\"PropertyValueSpecification\",\"valueRequired\":true,\"valueName\":\"search_term_string\"}}],\"inLanguage\":\"es\"}]}<\/script>\n<!-- \/ Yoast SEO plugin. -->","yoast_head_json":{"title":"Tecnolog\u00eda -","robots":{"index":"index","follow":"follow","max-snippet":"max-snippet:-1","max-image-preview":"max-image-preview:large","max-video-preview":"max-video-preview:-1"},"canonical":"https:\/\/goldenti.com\/site\/tecnologia\/","og_locale":"es_ES","og_type":"article","og_title":"Tecnolog\u00eda -","og_description":"Modernizaci\u00f3n Tecnol\u00f3gica Desarrollamos e implementamos sistemas de informaci\u00f3n a la medida que habiliten la toma de [&hellip;]","og_url":"https:\/\/goldenti.com\/site\/tecnologia\/","article_modified_time":"2019-03-11T21:25:15+00:00","og_image":[{"url":"http:\/\/goldenti.com\/site\/wp-content\/uploads\/2012\/02\/24642.jpg","type":"","width":"","height":""}],"twitter_card":"summary_large_image","twitter_misc":{"Tiempo de lectura":"1 minuto"},"schema":{"@context":"https:\/\/schema.org","@graph":[{"@type":"WebPage","@id":"https:\/\/goldenti.com\/site\/tecnologia\/","url":"https:\/\/goldenti.com\/site\/tecnologia\/","name":"Tecnolog\u00eda -","isPartOf":{"@id":"https:\/\/goldenti.com\/site\/#website"},"primaryImageOfPage":{"@id":"https:\/\/goldenti.com\/site\/tecnologia\/#primaryimage"},"image":{"@id":"https:\/\/goldenti.com\/site\/tecnologia\/#primaryimage"},"thumbnailUrl":"http:\/\/goldenti.com\/site\/wp-content\/uploads\/2012\/02\/24642.jpg","datePublished":"2012-02-23T18:03:44+00:00","dateModified":"2019-03-11T21:25:15+00:00","breadcrumb":{"@id":"https:\/\/goldenti.com\/site\/tecnologia\/#breadcrumb"},"inLanguage":"es","potentialAction":[{"@type":"ReadAction","target":["https:\/\/goldenti.com\/site\/tecnologia\/"]}]},{"@type":"ImageObject","inLanguage":"es","@id":"https:\/\/goldenti.com\/site\/tecnologia\/#primaryimage","url":"https:\/\/goldenti.com\/site\/wp-content\/uploads\/2012\/02\/24642.jpg","contentUrl":"https:\/\/goldenti.com\/site\/wp-content\/uploads\/2012\/02\/24642.jpg","width":300,"height":220},{"@type":"BreadcrumbList","@id":"https:\/\/goldenti.com\/site\/tecnologia\/#breadcrumb","itemListElement":[{"@type":"ListItem","position":1,"name":"Portada","item":"https:\/\/goldenti.com\/site\/"},{"@type":"ListItem","position":2,"name":"Tecnolog\u00eda"}]},{"@type":"WebSite","@id":"https:\/\/goldenti.com\/site\/#website","url":"https:\/\/goldenti.com\/site\/","name":"","description":"","potentialAction":[{"@type":"SearchAction","target":{"@type":"EntryPoint","urlTemplate":"https:\/\/goldenti.com\/site\/?s={search_term_string}"},"query-input":{"@type":"PropertyValueSpecification","valueRequired":true,"valueName":"search_term_string"}}],"inLanguage":"es"}]}},"_links":{"self":[{"href":"https:\/\/goldenti.com\/site\/wp-json\/wp\/v2\/pages\/140","targetHints":{"allow":["GET"]}}],"collection":[{"href":"https:\/\/goldenti.com\/site\/wp-json\/wp\/v2\/pages"}],"about":[{"href":"https:\/\/goldenti.com\/site\/wp-json\/wp\/v2\/types\/page"}],"author":[{"embeddable":true,"href":"https:\/\/goldenti.com\/site\/wp-json\/wp\/v2\/users\/1"}],"replies":[{"embeddable":true,"href":"https:\/\/goldenti.com\/site\/wp-json\/wp\/v2\/comments?post=140"}],"version-history":[{"count":21,"href":"https:\/\/goldenti.com\/site\/wp-json\/wp\/v2\/pages\/140\/revisions"}],"predecessor-version":[{"id":22419,"href":"https:\/\/goldenti.com\/site\/wp-json\/wp\/v2\/pages\/140\/revisions\/22419"}],"wp:attachment":[{"href":"https:\/\/goldenti.com\/site\/wp-json\/wp\/v2\/media?parent=140"}],"curies":[{"name":"wp","href":"https:\/\/api.w.org\/{rel}","templated":true}]}}