{"id":14994,"date":"2015-09-14T14:57:06","date_gmt":"2015-09-14T20:57:06","guid":{"rendered":"http:\/\/goldenti.com\/site\/?page_id=14994"},"modified":"2020-06-08T16:04:01","modified_gmt":"2020-06-08T22:04:01","slug":"analisis-de-riesgos","status":"publish","type":"page","link":"https:\/\/goldenti.com\/site\/analisis-de-riesgos\/","title":{"rendered":"Gesti\u00f3n de Riesgos"},"content":{"rendered":"\t\t<div data-elementor-type=\"wp-page\" data-elementor-id=\"14994\" class=\"elementor elementor-14994\" data-elementor-post-type=\"page\">\n\t\t\t\t\t\t<section class=\"elementor-section elementor-top-section elementor-element elementor-element-72eebfa elementor-section-boxed elementor-section-height-default elementor-section-height-default\" data-id=\"72eebfa\" data-element_type=\"section\" data-e-type=\"section\">\n\t\t\t\t\t\t<div class=\"elementor-container elementor-column-gap-default\">\n\t\t\t\t\t<div class=\"elementor-column elementor-col-50 elementor-top-column elementor-element elementor-element-a70a298\" data-id=\"a70a298\" data-element_type=\"column\" data-e-type=\"column\">\n\t\t\t<div class=\"elementor-widget-wrap elementor-element-populated\">\n\t\t\t\t\t\t<div class=\"elementor-element elementor-element-873eae9 elementor-widget elementor-widget-image\" data-id=\"873eae9\" data-element_type=\"widget\" data-e-type=\"widget\" data-widget_type=\"image.default\">\n\t\t\t\t<div class=\"elementor-widget-container\">\n\t\t\t\t\t\t\t\t\t\t\t\t\t\t\t<img fetchpriority=\"high\" decoding=\"async\" width=\"640\" height=\"346\" src=\"https:\/\/goldenti.com\/site\/wp-content\/uploads\/2020\/06\/gestion_riesgo_1.jpg\" class=\"attachment-large size-large wp-image-23744\" alt=\"\" srcset=\"https:\/\/goldenti.com\/site\/wp-content\/uploads\/2020\/06\/gestion_riesgo_1.jpg 689w, https:\/\/goldenti.com\/site\/wp-content\/uploads\/2020\/06\/gestion_riesgo_1-300x162.jpg 300w\" sizes=\"(max-width: 640px) 100vw, 640px\" \/>\t\t\t\t\t\t\t\t\t\t\t\t\t\t\t<\/div>\n\t\t\t\t<\/div>\n\t\t\t\t\t<\/div>\n\t\t<\/div>\n\t\t\t\t<div class=\"elementor-column elementor-col-50 elementor-top-column elementor-element elementor-element-7fb0c95\" data-id=\"7fb0c95\" data-element_type=\"column\" data-e-type=\"column\">\n\t\t\t<div class=\"elementor-widget-wrap elementor-element-populated\">\n\t\t\t\t\t\t<div class=\"elementor-element elementor-element-1834bae elementor-widget elementor-widget-spacer\" data-id=\"1834bae\" data-element_type=\"widget\" data-e-type=\"widget\" data-widget_type=\"spacer.default\">\n\t\t\t\t<div class=\"elementor-widget-container\">\n\t\t\t\t\t\t\t<div class=\"elementor-spacer\">\n\t\t\t<div class=\"elementor-spacer-inner\"><\/div>\n\t\t<\/div>\n\t\t\t\t\t\t<\/div>\n\t\t\t\t<\/div>\n\t\t\t\t<div class=\"elementor-element elementor-element-b72c04d elementor-widget elementor-widget-text-editor\" data-id=\"b72c04d\" data-element_type=\"widget\" data-e-type=\"widget\" data-widget_type=\"text-editor.default\">\n\t\t\t\t<div class=\"elementor-widget-container\">\n\t\t\t\t\t\t\t\t\t<p align=\"JUSTIFY\"><span style=\"font-family: Times New Roman, serif;\"><span style=\"font-size: medium;\"><span style=\"color: #222222;\"><span style=\"font-family: Arial, serif;\">La mitigaci\u00f3n del riesgo y el cumplimiento normativo son dos elementos cr\u00edticos para una organizaci\u00f3n, y a menudo requieren estrategias complementarias.<\/span><\/span><\/span><\/span><\/p>\t\t\t\t\t\t\t\t<\/div>\n\t\t\t\t<\/div>\n\t\t\t\t\t<\/div>\n\t\t<\/div>\n\t\t\t\t\t<\/div>\n\t\t<\/section>\n\t\t\t\t<section class=\"elementor-section elementor-top-section elementor-element elementor-element-50a2994 elementor-section-boxed elementor-section-height-default elementor-section-height-default\" data-id=\"50a2994\" data-element_type=\"section\" data-e-type=\"section\">\n\t\t\t\t\t\t<div class=\"elementor-container elementor-column-gap-default\">\n\t\t\t\t\t<div class=\"elementor-column elementor-col-50 elementor-top-column elementor-element elementor-element-af685bc\" data-id=\"af685bc\" data-element_type=\"column\" data-e-type=\"column\">\n\t\t\t<div class=\"elementor-widget-wrap elementor-element-populated\">\n\t\t\t\t\t\t<div class=\"elementor-element elementor-element-56c7415 elementor-widget elementor-widget-spacer\" data-id=\"56c7415\" data-element_type=\"widget\" data-e-type=\"widget\" data-widget_type=\"spacer.default\">\n\t\t\t\t<div class=\"elementor-widget-container\">\n\t\t\t\t\t\t\t<div class=\"elementor-spacer\">\n\t\t\t<div class=\"elementor-spacer-inner\"><\/div>\n\t\t<\/div>\n\t\t\t\t\t\t<\/div>\n\t\t\t\t<\/div>\n\t\t\t\t<div class=\"elementor-element elementor-element-c7d4250 elementor-widget elementor-widget-text-editor\" data-id=\"c7d4250\" data-element_type=\"widget\" data-e-type=\"widget\" data-widget_type=\"text-editor.default\">\n\t\t\t\t<div class=\"elementor-widget-container\">\n\t\t\t\t\t\t\t\t\t<p align=\"JUSTIFY\"><span style=\"font-family: Times New Roman, serif;\"><span style=\"font-size: medium;\"><span style=\"color: #222222;\"><span style=\"font-family: Arial, serif;\">Un plan de\u00a0Gesti\u00f3n Riesgos\u00a0asegura que tiene un enfoque estructurado y clasificado para identificar sus vulnerabilidades de manera continua, confiable y eficiente, La mitigaci\u00f3n de a la exposici\u00f3n de alg\u00fan riesgo le brindara a las organizaciones la tranquilidad de saber que est\u00e1n en el cumplimiento con los requerimientos legales y operativos correspondientes lo cual se traducir\u00e1 de manera inmediata en la reducci\u00f3n de los gastos.<\/span><\/span><\/span><\/span><\/p>\t\t\t\t\t\t\t\t<\/div>\n\t\t\t\t<\/div>\n\t\t\t\t\t<\/div>\n\t\t<\/div>\n\t\t\t\t<div class=\"elementor-column elementor-col-50 elementor-top-column elementor-element elementor-element-efbc822\" data-id=\"efbc822\" data-element_type=\"column\" data-e-type=\"column\">\n\t\t\t<div class=\"elementor-widget-wrap elementor-element-populated\">\n\t\t\t\t\t\t<div class=\"elementor-element elementor-element-6c295e8 elementor-widget elementor-widget-image\" data-id=\"6c295e8\" data-element_type=\"widget\" data-e-type=\"widget\" data-widget_type=\"image.default\">\n\t\t\t\t<div class=\"elementor-widget-container\">\n\t\t\t\t\t\t\t\t\t\t\t\t\t\t\t<img decoding=\"async\" width=\"535\" height=\"480\" src=\"https:\/\/goldenti.com\/site\/wp-content\/uploads\/2015\/09\/identificacic3b3n-de-riesgos.png\" class=\"attachment-large size-large wp-image-15113\" alt=\"\" srcset=\"https:\/\/goldenti.com\/site\/wp-content\/uploads\/2015\/09\/identificacic3b3n-de-riesgos.png 535w, https:\/\/goldenti.com\/site\/wp-content\/uploads\/2015\/09\/identificacic3b3n-de-riesgos-300x269.png 300w\" sizes=\"(max-width: 535px) 100vw, 535px\" \/>\t\t\t\t\t\t\t\t\t\t\t\t\t\t\t<\/div>\n\t\t\t\t<\/div>\n\t\t\t\t\t<\/div>\n\t\t<\/div>\n\t\t\t\t\t<\/div>\n\t\t<\/section>\n\t\t\t\t<section class=\"elementor-section elementor-top-section elementor-element elementor-element-f1dba46 elementor-section-boxed elementor-section-height-default elementor-section-height-default\" data-id=\"f1dba46\" data-element_type=\"section\" data-e-type=\"section\">\n\t\t\t\t\t\t<div class=\"elementor-container elementor-column-gap-default\">\n\t\t\t\t\t<div class=\"elementor-column elementor-col-100 elementor-top-column elementor-element elementor-element-d2a14ee\" data-id=\"d2a14ee\" data-element_type=\"column\" data-e-type=\"column\">\n\t\t\t<div class=\"elementor-widget-wrap elementor-element-populated\">\n\t\t\t\t\t\t<div class=\"elementor-element elementor-element-b636832 elementor-widget elementor-widget-text-editor\" data-id=\"b636832\" data-element_type=\"widget\" data-e-type=\"widget\" data-widget_type=\"text-editor.default\">\n\t\t\t\t<div class=\"elementor-widget-container\">\n\t\t\t\t\t\t\t\t\t<p><span style=\"font-family: Times New Roman, serif;\"><span style=\"font-size: medium;\"><span style=\"color: #222222;\"><span style=\"font-family: Arial, serif;\">GOLDEN TI ofrece la implementaci\u00f3n de un sistema de gesti\u00f3n de riesgos basado en los requerimientos de los siguientes est\u00e1ndares internacionales:<\/span><\/span><\/span><\/span><\/p><ul><li><p><span style=\"color: #222222;\"><span style=\"font-family: Arial, serif;\">ISO\/IEC 27001 Sistema de gesti\u00f3n de seguridad de informaci\u00f3n.<\/span><\/span><\/p><\/li><li><p><span style=\"color: #222222;\"><span style=\"font-family: Arial, serif;\">1 Sistema de gesti\u00f3n para servicios de TI.<\/span><\/span><\/p><\/li><li><p><span style=\"color: #222222;\"><span style=\"font-family: Arial, serif;\">IATF 16949 Sistema de gesti\u00f3n de calidad para organizaciones automotrices.<\/span><\/span><\/p><\/li><li><p><span style=\"color: #222222;\"><span style=\"font-family: Arial, serif;\">ISO 22301 \u00a0Sistema de gesti\u00f3n para la continuidad del negocio.<\/span><\/span><\/p><\/li><li><p><span style=\"color: #222222;\"><span style=\"font-family: Arial, serif;\">ISO 28001 Sistema de gesti\u00f3n para la seguridad de la cadena de suministro.<\/span><\/span><\/p><\/li><li><p><span style=\"color: #222222;\"><span style=\"font-family: Arial, serif;\">ISO 31001 Sistema de gesti\u00f3n de riesgos.<\/span><\/span><\/p><\/li><\/ul>\t\t\t\t\t\t\t\t<\/div>\n\t\t\t\t<\/div>\n\t\t\t\t\t<\/div>\n\t\t<\/div>\n\t\t\t\t\t<\/div>\n\t\t<\/section>\n\t\t\t\t<section class=\"elementor-section elementor-top-section elementor-element elementor-element-dba5187 elementor-section-boxed elementor-section-height-default elementor-section-height-default\" data-id=\"dba5187\" data-element_type=\"section\" data-e-type=\"section\">\n\t\t\t\t\t\t<div class=\"elementor-container elementor-column-gap-default\">\n\t\t\t\t\t<div class=\"elementor-column elementor-col-100 elementor-top-column elementor-element elementor-element-b0c90dc\" data-id=\"b0c90dc\" data-element_type=\"column\" data-e-type=\"column\">\n\t\t\t<div class=\"elementor-widget-wrap elementor-element-populated\">\n\t\t\t\t\t\t<div class=\"elementor-element elementor-element-e1eb092 elementor-widget elementor-widget-text-editor\" data-id=\"e1eb092\" data-element_type=\"widget\" data-e-type=\"widget\" data-widget_type=\"text-editor.default\">\n\t\t\t\t<div class=\"elementor-widget-container\">\n\t\t\t\t\t\t\t\t\t<p align=\"JUSTIFY\"><span style=\"font-family: Arial, serif;\"><span style=\"font-size: large;\"><b>La metodolog\u00eda de Golden TI sigue los siguientes pasos:<\/b><\/span><\/span><\/p><p align=\"JUSTIFY\"><span style=\"font-family: Arial, serif;\">1.- Identificar los Activos y sus responsables, entendiendo por activo todo aquello que tiene valor para la organizaci\u00f3n, incluyendo soportes f\u00edsicos (edificios o equipamientos), intelectuales o informativas (Ideas, aplicaciones, proyectos &#8230;) as\u00ed como la marca, la reputaci\u00f3n etc.<\/span><\/p><p align=\"JUSTIFY\"><span style=\"font-family: Arial, serif;\">2.- Identificar las Vulnerabilidades de cada activo: aquellas debilidades propias del activo que lo hacen susceptible de sufrir ataques o da\u00f1os.<\/span><\/p><p align=\"JUSTIFY\"><span style=\"font-family: Arial, serif;\">3.- Identificar las amenazas: Aquellas cosas que puedan suceder y da\u00f1ar el activo de la informaci\u00f3n, tales como desastres naturales, incendios o ataques de virus, espionaje etc.<\/span><\/p><p align=\"JUSTIFY\"><span style=\"font-family: Arial, serif;\">4.- Identificar los requisitos legales y contractuales que la organizaci\u00f3n est\u00e1 obligada a cumplir con sus clientes, socios o proveedores.<\/span><\/p><p align=\"JUSTIFY\"><span style=\"font-family: Arial, serif;\">5.- Identificar los riesgos: Definir para cada activo, la probabilidad de que las amenazas o las vulnerabilidades propias del activo puedan causar un da\u00f1o total o parcial al activo de la informaci\u00f3n, en relaci\u00f3n a su disponibilidad, confidencialidad e integridad del mismo.<\/span><\/p><p align=\"JUSTIFY\"><span style=\"font-family: Arial, serif;\">6.- C\u00e1lculo del riesgo: Este se realiza a partir de la probabilidad de ocurrencia del riesgo y el impacto que este tiene sobre la organizaci\u00f3n (Riesgo = impacto x probabilidad de la amenaza). Con este procedimiento determinamos los riesgos que deben ser controlados con prioridad.<\/span><\/p><p align=\"JUSTIFY\"><a name=\"_GoBack\"><\/a><span style=\"font-family: Arial, serif;\">7.- Plan de tratamiento del riesgo: En este punto estamos preparados para definir la pol\u00edtica de tratamiento de los riesgos en funci\u00f3n de los puntos anteriores y de la pol\u00edtica definida por la direcci\u00f3n. En este punto, es donde seleccionaremos los controles adecuados para cada riesgo, los cuales ir\u00e1n orientados a :<\/span><\/p><ul><li><p align=\"JUSTIFY\"><span style=\"font-family: Arial, serif;\">Asumir el riesgo<\/span><\/p><\/li><li><p align=\"JUSTIFY\"><span style=\"font-family: Arial, serif;\">Reducir el riesgo<\/span><\/p><\/li><li><p align=\"JUSTIFY\"><span style=\"font-family: Arial, serif;\">Eliminar el riesgo<\/span><\/p><\/li><li><p align=\"JUSTIFY\"><span style=\"font-family: Arial, serif;\">Transferir el riesgo<\/span><\/p><\/li><\/ul><p align=\"JUSTIFY\"><span style=\"font-family: Arial, serif;\"><span style=\"font-size: large;\"><b>Nuestro m\u00f3delo de gesti\u00f3n de riesgos que Golden TI cumple y excede con los requerimientos de los siguientes est\u00e1ndares.<\/b><\/span><\/span><\/p>\t\t\t\t\t\t\t\t<\/div>\n\t\t\t\t<\/div>\n\t\t\t\t\t<\/div>\n\t\t<\/div>\n\t\t\t\t\t<\/div>\n\t\t<\/section>\n\t\t\t\t<section class=\"elementor-section elementor-top-section elementor-element elementor-element-52a6c66 elementor-section-boxed elementor-section-height-default elementor-section-height-default\" data-id=\"52a6c66\" data-element_type=\"section\" data-e-type=\"section\">\n\t\t\t\t\t\t<div class=\"elementor-container elementor-column-gap-default\">\n\t\t\t\t\t<div class=\"elementor-column elementor-col-25 elementor-top-column elementor-element elementor-element-b19c68a\" data-id=\"b19c68a\" data-element_type=\"column\" data-e-type=\"column\">\n\t\t\t<div class=\"elementor-widget-wrap elementor-element-populated\">\n\t\t\t\t\t\t<div class=\"elementor-element elementor-element-d144761 elementor-widget elementor-widget-image\" data-id=\"d144761\" data-element_type=\"widget\" data-e-type=\"widget\" data-widget_type=\"image.default\">\n\t\t\t\t<div class=\"elementor-widget-container\">\n\t\t\t\t\t\t\t\t\t\t\t\t\t\t\t<img decoding=\"async\" width=\"300\" height=\"300\" src=\"https:\/\/goldenti.com\/site\/wp-content\/uploads\/2020\/01\/iso_27001_surus-inversa-300x300.jpg\" class=\"attachment-medium size-medium wp-image-23496\" alt=\"\" srcset=\"https:\/\/goldenti.com\/site\/wp-content\/uploads\/2020\/01\/iso_27001_surus-inversa-300x300.jpg 300w, https:\/\/goldenti.com\/site\/wp-content\/uploads\/2020\/01\/iso_27001_surus-inversa-768x768.jpg 768w, https:\/\/goldenti.com\/site\/wp-content\/uploads\/2020\/01\/iso_27001_surus-inversa-1024x1024.jpg 1024w, https:\/\/goldenti.com\/site\/wp-content\/uploads\/2020\/01\/iso_27001_surus-inversa-150x150.jpg 150w, https:\/\/goldenti.com\/site\/wp-content\/uploads\/2020\/01\/iso_27001_surus-inversa.jpg 1620w\" sizes=\"(max-width: 300px) 100vw, 300px\" \/>\t\t\t\t\t\t\t\t\t\t\t\t\t\t\t<\/div>\n\t\t\t\t<\/div>\n\t\t\t\t\t<\/div>\n\t\t<\/div>\n\t\t\t\t<div class=\"elementor-column elementor-col-25 elementor-top-column elementor-element elementor-element-01be69c\" data-id=\"01be69c\" data-element_type=\"column\" data-e-type=\"column\">\n\t\t\t<div class=\"elementor-widget-wrap elementor-element-populated\">\n\t\t\t\t\t\t<div class=\"elementor-element elementor-element-a2c72d5 elementor-widget elementor-widget-image\" data-id=\"a2c72d5\" data-element_type=\"widget\" data-e-type=\"widget\" data-widget_type=\"image.default\">\n\t\t\t\t<div class=\"elementor-widget-container\">\n\t\t\t\t\t\t\t\t\t\t\t\t\t\t\t<img loading=\"lazy\" decoding=\"async\" width=\"300\" height=\"300\" src=\"https:\/\/goldenti.com\/site\/wp-content\/uploads\/2020\/06\/iso_3-1-300x300.png\" class=\"attachment-medium size-medium wp-image-23750\" alt=\"\" srcset=\"https:\/\/goldenti.com\/site\/wp-content\/uploads\/2020\/06\/iso_3-1-300x300.png 300w, https:\/\/goldenti.com\/site\/wp-content\/uploads\/2020\/06\/iso_3-1.png 335w\" sizes=\"(max-width: 300px) 100vw, 300px\" \/>\t\t\t\t\t\t\t\t\t\t\t\t\t\t\t<\/div>\n\t\t\t\t<\/div>\n\t\t\t\t<div class=\"elementor-element elementor-element-083a69b elementor-widget elementor-widget-spacer\" data-id=\"083a69b\" data-element_type=\"widget\" data-e-type=\"widget\" data-widget_type=\"spacer.default\">\n\t\t\t\t<div class=\"elementor-widget-container\">\n\t\t\t\t\t\t\t<div class=\"elementor-spacer\">\n\t\t\t<div class=\"elementor-spacer-inner\"><\/div>\n\t\t<\/div>\n\t\t\t\t\t\t<\/div>\n\t\t\t\t<\/div>\n\t\t\t\t\t<\/div>\n\t\t<\/div>\n\t\t\t\t<div class=\"elementor-column elementor-col-25 elementor-top-column elementor-element elementor-element-d810e2d\" data-id=\"d810e2d\" data-element_type=\"column\" data-e-type=\"column\">\n\t\t\t<div class=\"elementor-widget-wrap elementor-element-populated\">\n\t\t\t\t\t\t<div class=\"elementor-element elementor-element-3db6225 elementor-widget elementor-widget-spacer\" data-id=\"3db6225\" data-element_type=\"widget\" data-e-type=\"widget\" data-widget_type=\"spacer.default\">\n\t\t\t\t<div class=\"elementor-widget-container\">\n\t\t\t\t\t\t\t<div class=\"elementor-spacer\">\n\t\t\t<div class=\"elementor-spacer-inner\"><\/div>\n\t\t<\/div>\n\t\t\t\t\t\t<\/div>\n\t\t\t\t<\/div>\n\t\t\t\t<div class=\"elementor-element elementor-element-0bec621 elementor-widget elementor-widget-image\" data-id=\"0bec621\" data-element_type=\"widget\" data-e-type=\"widget\" data-widget_type=\"image.default\">\n\t\t\t\t<div class=\"elementor-widget-container\">\n\t\t\t\t\t\t\t\t\t\t\t\t\t\t\t<img loading=\"lazy\" decoding=\"async\" width=\"300\" height=\"180\" src=\"https:\/\/goldenti.com\/site\/wp-content\/uploads\/2020\/06\/iso_4-300x180.png\" class=\"attachment-medium size-medium wp-image-23751\" alt=\"\" srcset=\"https:\/\/goldenti.com\/site\/wp-content\/uploads\/2020\/06\/iso_4-300x180.png 300w, https:\/\/goldenti.com\/site\/wp-content\/uploads\/2020\/06\/iso_4.png 555w\" sizes=\"(max-width: 300px) 100vw, 300px\" \/>\t\t\t\t\t\t\t\t\t\t\t\t\t\t\t<\/div>\n\t\t\t\t<\/div>\n\t\t\t\t\t<\/div>\n\t\t<\/div>\n\t\t\t\t<div class=\"elementor-column elementor-col-25 elementor-top-column elementor-element elementor-element-03f80bb\" data-id=\"03f80bb\" data-element_type=\"column\" data-e-type=\"column\">\n\t\t\t<div class=\"elementor-widget-wrap elementor-element-populated\">\n\t\t\t\t\t\t<div class=\"elementor-element elementor-element-6c382da elementor-widget elementor-widget-spacer\" data-id=\"6c382da\" data-element_type=\"widget\" data-e-type=\"widget\" data-widget_type=\"spacer.default\">\n\t\t\t\t<div class=\"elementor-widget-container\">\n\t\t\t\t\t\t\t<div class=\"elementor-spacer\">\n\t\t\t<div class=\"elementor-spacer-inner\"><\/div>\n\t\t<\/div>\n\t\t\t\t\t\t<\/div>\n\t\t\t\t<\/div>\n\t\t\t\t<div class=\"elementor-element elementor-element-eaafb65 elementor-widget elementor-widget-image\" data-id=\"eaafb65\" data-element_type=\"widget\" data-e-type=\"widget\" data-widget_type=\"image.default\">\n\t\t\t\t<div class=\"elementor-widget-container\">\n\t\t\t\t\t\t\t\t\t\t\t\t\t\t\t<img loading=\"lazy\" decoding=\"async\" width=\"300\" height=\"170\" src=\"https:\/\/goldenti.com\/site\/wp-content\/uploads\/2020\/06\/iso_4-300x170.jpg\" class=\"attachment-medium size-medium wp-image-23748\" alt=\"\" srcset=\"https:\/\/goldenti.com\/site\/wp-content\/uploads\/2020\/06\/iso_4-300x170.jpg 300w, https:\/\/goldenti.com\/site\/wp-content\/uploads\/2020\/06\/iso_4.jpg 668w\" sizes=\"(max-width: 300px) 100vw, 300px\" \/>\t\t\t\t\t\t\t\t\t\t\t\t\t\t\t<\/div>\n\t\t\t\t<\/div>\n\t\t\t\t\t<\/div>\n\t\t<\/div>\n\t\t\t\t\t<\/div>\n\t\t<\/section>\n\t\t\t\t<\/div>\n\t\t","protected":false},"excerpt":{"rendered":"<p>La mitigaci\u00f3n del riesgo y el cumplimiento normativo son dos elementos cr\u00edticos para una organizaci\u00f3n, y [&hellip;]<\/p>\n","protected":false},"author":7,"featured_media":0,"parent":0,"menu_order":0,"comment_status":"closed","ping_status":"closed","template":"","meta":{"footnotes":""},"class_list":["post-14994","page","type-page","status-publish","hentry"],"yoast_head":"<!-- This site is optimized with the Yoast SEO plugin v27.1.1 - https:\/\/yoast.com\/product\/yoast-seo-wordpress\/ -->\n<title>Gesti\u00f3n de Riesgos -<\/title>\n<meta name=\"robots\" content=\"index, follow, max-snippet:-1, max-image-preview:large, max-video-preview:-1\" \/>\n<link rel=\"canonical\" href=\"https:\/\/goldenti.com\/site\/analisis-de-riesgos\/\" \/>\n<meta property=\"og:locale\" content=\"es_ES\" \/>\n<meta property=\"og:type\" content=\"article\" \/>\n<meta property=\"og:title\" content=\"Gesti\u00f3n de Riesgos -\" \/>\n<meta property=\"og:description\" content=\"La mitigaci\u00f3n del riesgo y el cumplimiento normativo son dos elementos cr\u00edticos para una organizaci\u00f3n, y [&hellip;]\" \/>\n<meta property=\"og:url\" content=\"https:\/\/goldenti.com\/site\/analisis-de-riesgos\/\" \/>\n<meta property=\"article:modified_time\" content=\"2020-06-08T22:04:01+00:00\" \/>\n<meta property=\"og:image\" content=\"https:\/\/goldenti.com\/site\/wp-content\/uploads\/2020\/06\/gestion_riesgo_1.jpg\" \/>\n<meta name=\"twitter:card\" content=\"summary_large_image\" \/>\n<meta name=\"twitter:label1\" content=\"Tiempo de lectura\" \/>\n\t<meta name=\"twitter:data1\" content=\"2 minutos\" \/>\n<script type=\"application\/ld+json\" class=\"yoast-schema-graph\">{\"@context\":\"https:\/\/schema.org\",\"@graph\":[{\"@type\":\"WebPage\",\"@id\":\"https:\/\/goldenti.com\/site\/analisis-de-riesgos\/\",\"url\":\"https:\/\/goldenti.com\/site\/analisis-de-riesgos\/\",\"name\":\"Gesti\u00f3n de Riesgos -\",\"isPartOf\":{\"@id\":\"https:\/\/goldenti.com\/site\/#website\"},\"primaryImageOfPage\":{\"@id\":\"https:\/\/goldenti.com\/site\/analisis-de-riesgos\/#primaryimage\"},\"image\":{\"@id\":\"https:\/\/goldenti.com\/site\/analisis-de-riesgos\/#primaryimage\"},\"thumbnailUrl\":\"https:\/\/goldenti.com\/site\/wp-content\/uploads\/2020\/06\/gestion_riesgo_1.jpg\",\"datePublished\":\"2015-09-14T20:57:06+00:00\",\"dateModified\":\"2020-06-08T22:04:01+00:00\",\"breadcrumb\":{\"@id\":\"https:\/\/goldenti.com\/site\/analisis-de-riesgos\/#breadcrumb\"},\"inLanguage\":\"es\",\"potentialAction\":[{\"@type\":\"ReadAction\",\"target\":[\"https:\/\/goldenti.com\/site\/analisis-de-riesgos\/\"]}]},{\"@type\":\"ImageObject\",\"inLanguage\":\"es\",\"@id\":\"https:\/\/goldenti.com\/site\/analisis-de-riesgos\/#primaryimage\",\"url\":\"https:\/\/goldenti.com\/site\/wp-content\/uploads\/2020\/06\/gestion_riesgo_1.jpg\",\"contentUrl\":\"https:\/\/goldenti.com\/site\/wp-content\/uploads\/2020\/06\/gestion_riesgo_1.jpg\",\"width\":689,\"height\":373},{\"@type\":\"BreadcrumbList\",\"@id\":\"https:\/\/goldenti.com\/site\/analisis-de-riesgos\/#breadcrumb\",\"itemListElement\":[{\"@type\":\"ListItem\",\"position\":1,\"name\":\"Portada\",\"item\":\"https:\/\/goldenti.com\/site\/\"},{\"@type\":\"ListItem\",\"position\":2,\"name\":\"Gesti\u00f3n de Riesgos\"}]},{\"@type\":\"WebSite\",\"@id\":\"https:\/\/goldenti.com\/site\/#website\",\"url\":\"https:\/\/goldenti.com\/site\/\",\"name\":\"\",\"description\":\"\",\"potentialAction\":[{\"@type\":\"SearchAction\",\"target\":{\"@type\":\"EntryPoint\",\"urlTemplate\":\"https:\/\/goldenti.com\/site\/?s={search_term_string}\"},\"query-input\":{\"@type\":\"PropertyValueSpecification\",\"valueRequired\":true,\"valueName\":\"search_term_string\"}}],\"inLanguage\":\"es\"}]}<\/script>\n<!-- \/ Yoast SEO plugin. -->","yoast_head_json":{"title":"Gesti\u00f3n de Riesgos -","robots":{"index":"index","follow":"follow","max-snippet":"max-snippet:-1","max-image-preview":"max-image-preview:large","max-video-preview":"max-video-preview:-1"},"canonical":"https:\/\/goldenti.com\/site\/analisis-de-riesgos\/","og_locale":"es_ES","og_type":"article","og_title":"Gesti\u00f3n de Riesgos -","og_description":"La mitigaci\u00f3n del riesgo y el cumplimiento normativo son dos elementos cr\u00edticos para una organizaci\u00f3n, y [&hellip;]","og_url":"https:\/\/goldenti.com\/site\/analisis-de-riesgos\/","article_modified_time":"2020-06-08T22:04:01+00:00","og_image":[{"url":"https:\/\/goldenti.com\/site\/wp-content\/uploads\/2020\/06\/gestion_riesgo_1.jpg","type":"","width":"","height":""}],"twitter_card":"summary_large_image","twitter_misc":{"Tiempo de lectura":"2 minutos"},"schema":{"@context":"https:\/\/schema.org","@graph":[{"@type":"WebPage","@id":"https:\/\/goldenti.com\/site\/analisis-de-riesgos\/","url":"https:\/\/goldenti.com\/site\/analisis-de-riesgos\/","name":"Gesti\u00f3n de Riesgos -","isPartOf":{"@id":"https:\/\/goldenti.com\/site\/#website"},"primaryImageOfPage":{"@id":"https:\/\/goldenti.com\/site\/analisis-de-riesgos\/#primaryimage"},"image":{"@id":"https:\/\/goldenti.com\/site\/analisis-de-riesgos\/#primaryimage"},"thumbnailUrl":"https:\/\/goldenti.com\/site\/wp-content\/uploads\/2020\/06\/gestion_riesgo_1.jpg","datePublished":"2015-09-14T20:57:06+00:00","dateModified":"2020-06-08T22:04:01+00:00","breadcrumb":{"@id":"https:\/\/goldenti.com\/site\/analisis-de-riesgos\/#breadcrumb"},"inLanguage":"es","potentialAction":[{"@type":"ReadAction","target":["https:\/\/goldenti.com\/site\/analisis-de-riesgos\/"]}]},{"@type":"ImageObject","inLanguage":"es","@id":"https:\/\/goldenti.com\/site\/analisis-de-riesgos\/#primaryimage","url":"https:\/\/goldenti.com\/site\/wp-content\/uploads\/2020\/06\/gestion_riesgo_1.jpg","contentUrl":"https:\/\/goldenti.com\/site\/wp-content\/uploads\/2020\/06\/gestion_riesgo_1.jpg","width":689,"height":373},{"@type":"BreadcrumbList","@id":"https:\/\/goldenti.com\/site\/analisis-de-riesgos\/#breadcrumb","itemListElement":[{"@type":"ListItem","position":1,"name":"Portada","item":"https:\/\/goldenti.com\/site\/"},{"@type":"ListItem","position":2,"name":"Gesti\u00f3n de Riesgos"}]},{"@type":"WebSite","@id":"https:\/\/goldenti.com\/site\/#website","url":"https:\/\/goldenti.com\/site\/","name":"","description":"","potentialAction":[{"@type":"SearchAction","target":{"@type":"EntryPoint","urlTemplate":"https:\/\/goldenti.com\/site\/?s={search_term_string}"},"query-input":{"@type":"PropertyValueSpecification","valueRequired":true,"valueName":"search_term_string"}}],"inLanguage":"es"}]}},"_links":{"self":[{"href":"https:\/\/goldenti.com\/site\/wp-json\/wp\/v2\/pages\/14994","targetHints":{"allow":["GET"]}}],"collection":[{"href":"https:\/\/goldenti.com\/site\/wp-json\/wp\/v2\/pages"}],"about":[{"href":"https:\/\/goldenti.com\/site\/wp-json\/wp\/v2\/types\/page"}],"author":[{"embeddable":true,"href":"https:\/\/goldenti.com\/site\/wp-json\/wp\/v2\/users\/7"}],"replies":[{"embeddable":true,"href":"https:\/\/goldenti.com\/site\/wp-json\/wp\/v2\/comments?post=14994"}],"version-history":[{"count":8,"href":"https:\/\/goldenti.com\/site\/wp-json\/wp\/v2\/pages\/14994\/revisions"}],"predecessor-version":[{"id":23755,"href":"https:\/\/goldenti.com\/site\/wp-json\/wp\/v2\/pages\/14994\/revisions\/23755"}],"wp:attachment":[{"href":"https:\/\/goldenti.com\/site\/wp-json\/wp\/v2\/media?parent=14994"}],"curies":[{"name":"wp","href":"https:\/\/api.w.org\/{rel}","templated":true}]}}