{"id":15001,"date":"2015-09-14T14:58:43","date_gmt":"2015-09-14T20:58:43","guid":{"rendered":"http:\/\/goldenti.com\/site\/?page_id=15001"},"modified":"2020-07-21T13:32:18","modified_gmt":"2020-07-21T19:32:18","slug":"iso-27001","status":"publish","type":"page","link":"https:\/\/goldenti.com\/site\/iso-27001\/","title":{"rendered":"ISO 27001"},"content":{"rendered":"<h1 class=\"main-header\"><img fetchpriority=\"high\" decoding=\"async\" class=\"size-medium wp-image-23496 aligncenter\" src=\"https:\/\/goldenti.com\/site\/wp-content\/uploads\/2020\/01\/iso_27001_surus-inversa-300x300.jpg\" alt=\"\" width=\"300\" height=\"300\" srcset=\"https:\/\/goldenti.com\/site\/wp-content\/uploads\/2020\/01\/iso_27001_surus-inversa-300x300.jpg 300w, https:\/\/goldenti.com\/site\/wp-content\/uploads\/2020\/01\/iso_27001_surus-inversa-768x768.jpg 768w, https:\/\/goldenti.com\/site\/wp-content\/uploads\/2020\/01\/iso_27001_surus-inversa-1024x1024.jpg 1024w, https:\/\/goldenti.com\/site\/wp-content\/uploads\/2020\/01\/iso_27001_surus-inversa-150x150.jpg 150w, https:\/\/goldenti.com\/site\/wp-content\/uploads\/2020\/01\/iso_27001_surus-inversa.jpg 1620w\" sizes=\"(max-width: 300px) 100vw, 300px\" \/><\/h1>\n<div class=\"body-copy span-2 last\">\n<h2>\u00bfQu\u00e9 es ISO\/IEC 27001?<\/h2>\n<p>ISO\/IEC 27001 es una norma internacional que tiene como objetivo establecer los controles necesarios para salvaguardar la informaci\u00f3n de las partes interesadas y as\u00ed garantizar y proteger la confidencialidad, integridad y disponibilidad de la informaci\u00f3n (CID de la informaci\u00f3n). La definici\u00f3n y alcance de los controles que garanticen la CID de la informaci\u00f3n deben tener en cuenta los requerimientos legales; de los clientes y de los socios, as\u00ed como determinar la influencia que los empleados y procesos tienen para vulnerar la CID de la informaci\u00f3n.<\/p>\n<h2>\u00bfQu\u00e9 hace ISO\/IEC 27001 por la seguridad de la informaci\u00f3n?<\/h2>\n<p>ISO\/IEC 27001 certifica sistemas de gesti\u00f3n de seguridad de la informaci\u00f3n.<\/p>\n<h2>Beneficios de ISO\/IEC 27001<\/h2>\n<ul class=\"bulleted\">\n<li>\n<p align=\"JUSTIFY\">Incrementar la confianza a los clientes<\/p>\n<\/li>\n<li>\n<p align=\"JUSTIFY\">Mitigar los riesgos de p\u00e9rdida en la confidencialidad, integridad y disponibilidad de la informaci\u00f3n<\/p>\n<\/li>\n<li>\n<p align=\"JUSTIFY\">Darle cumplimiento a los requerimientos legales como lo son: Propiedad Intelectual, Protecci\u00f3n a los datos personales en posesi\u00f3n de terceros, Garantizar la confidencialidad de los datos cl\u00ednicos.<\/p>\n<\/li>\n<li>\n<p align=\"JUSTIFY\">Disminuye la p\u00e9rdida de patentes.<\/p>\n<\/li>\n<li>\n<p align=\"JUSTIFY\">Disminuye el espionaje industrial.<\/p>\n<\/li>\n<li>\n<p align=\"JUSTIFY\">Fortalece los procesos de innovaci\u00f3n y creaci\u00f3n de nuevos productos.<\/p>\n<\/li>\n<li>\n<p align=\"JUSTIFY\">Establecer controles operativos como una ventaja competitiva.<\/p>\n<\/li>\n<li>\n<p align=\"JUSTIFY\">Implementar un modelo de riesgos para la prevenci\u00f3n del fraude online, robo de identidad, da\u00f1os a los sitios Web, la p\u00e9rdida de los datos personales y muchos otros incidentes de seguridad de la informaci\u00f3n.<\/p>\n<\/li>\n<li>\n<p align=\"JUSTIFY\">Implementar un sistema de gesti\u00f3n de seguridad de la informaci\u00f3n sistem\u00e1tico para la gesti\u00f3n de la informaci\u00f3n confidencial de la empresa para que siga siendo seguro. Abarca las personas, procesos y sistemas de TI.<\/p>\n<\/li>\n<li>\n<p align=\"JUSTIFY\">Dar\u00e1 confianza a clientes y proveedores que la seguridad de la informaci\u00f3n se toma en serio dentro de la organizaci\u00f3n, estando a la vanguardia en la aplicaci\u00f3n de la t\u00e9cnica de procesos para hacer frente a las amenazas de la informaci\u00f3n y a y los problemas de la seguridad.<\/p>\n<\/li>\n<li><\/li>\n<\/ul>\n<h2>\u00bfQui\u00e9n puede implementar ISO\/IEC 27001?<\/h2>\n<p>Cualquier organizaci\u00f3n que gestione informaci\u00f3n y tenga que salvaguardar la confidencialidad, integridad y disponibilidad de la misma.<\/p>\n<h2>\u00bfC\u00f3mo puede apoyarle Golden TI?<\/h2>\n<p>Golden TI es pionera en los sistemas de gesti\u00f3n de tecnolog\u00edas de informaci\u00f3n, siendo la primera organizaci\u00f3n en latinonamerica en facilitar el proceso de certificaci\u00f3n de la primera organizaci\u00f3n en M\u00e9xico y segunda en Latino America.<\/p>\n<p>Los sistemas de gesti\u00f3n est\u00e1n cada vez m\u00e1s relacionados con el \u00e9xito y la continuidad de las organizaciones. Al mismo tiempo los due\u00f1os. consejos directivos y directores de todo el mundo est\u00e1n poniendo mayor \u00e9nfasis en la importancia de las auditor\u00edas independientes para ayudar a asegurar que los sistemas de gesti\u00f3n son \u201captos para el prop\u00f3sito\u201d. Nuestra metodolog\u00eda es \u00fanica y ayuda a las organizaciones a gestionar sus sistemas y sus riesgos para mejorar y proteger sus resultados presentes y futuros.<\/p>\n<\/div>\n","protected":false},"excerpt":{"rendered":"<p>\u00bfQu\u00e9 es ISO\/IEC 27001? ISO\/IEC 27001 es una norma internacional que tiene como objetivo establecer los [&hellip;]<\/p>\n","protected":false},"author":7,"featured_media":0,"parent":0,"menu_order":0,"comment_status":"closed","ping_status":"closed","template":"","meta":{"footnotes":""},"class_list":["post-15001","page","type-page","status-publish","hentry"],"yoast_head":"<!-- This site is optimized with the Yoast SEO plugin v27.1.1 - https:\/\/yoast.com\/product\/yoast-seo-wordpress\/ -->\n<title>ISO 27001 -<\/title>\n<meta name=\"robots\" content=\"index, follow, max-snippet:-1, max-image-preview:large, max-video-preview:-1\" \/>\n<link rel=\"canonical\" href=\"https:\/\/goldenti.com\/site\/iso-27001\/\" \/>\n<meta property=\"og:locale\" content=\"es_ES\" \/>\n<meta property=\"og:type\" content=\"article\" \/>\n<meta property=\"og:title\" content=\"ISO 27001 -\" \/>\n<meta property=\"og:description\" content=\"\u00bfQu\u00e9 es ISO\/IEC 27001? ISO\/IEC 27001 es una norma internacional que tiene como objetivo establecer los [&hellip;]\" \/>\n<meta property=\"og:url\" content=\"https:\/\/goldenti.com\/site\/iso-27001\/\" \/>\n<meta property=\"article:modified_time\" content=\"2020-07-21T19:32:18+00:00\" \/>\n<meta property=\"og:image\" content=\"https:\/\/goldenti.com\/site\/wp-content\/uploads\/2020\/01\/iso_27001_surus-inversa-300x300.jpg\" \/>\n<meta name=\"twitter:card\" content=\"summary_large_image\" \/>\n<meta name=\"twitter:label1\" content=\"Tiempo de lectura\" \/>\n\t<meta name=\"twitter:data1\" content=\"2 minutos\" \/>\n<script type=\"application\/ld+json\" class=\"yoast-schema-graph\">{\"@context\":\"https:\/\/schema.org\",\"@graph\":[{\"@type\":\"WebPage\",\"@id\":\"https:\/\/goldenti.com\/site\/iso-27001\/\",\"url\":\"https:\/\/goldenti.com\/site\/iso-27001\/\",\"name\":\"ISO 27001 -\",\"isPartOf\":{\"@id\":\"https:\/\/goldenti.com\/site\/#website\"},\"primaryImageOfPage\":{\"@id\":\"https:\/\/goldenti.com\/site\/iso-27001\/#primaryimage\"},\"image\":{\"@id\":\"https:\/\/goldenti.com\/site\/iso-27001\/#primaryimage\"},\"thumbnailUrl\":\"https:\/\/goldenti.com\/site\/wp-content\/uploads\/2020\/01\/iso_27001_surus-inversa-300x300.jpg\",\"datePublished\":\"2015-09-14T20:58:43+00:00\",\"dateModified\":\"2020-07-21T19:32:18+00:00\",\"breadcrumb\":{\"@id\":\"https:\/\/goldenti.com\/site\/iso-27001\/#breadcrumb\"},\"inLanguage\":\"es\",\"potentialAction\":[{\"@type\":\"ReadAction\",\"target\":[\"https:\/\/goldenti.com\/site\/iso-27001\/\"]}]},{\"@type\":\"ImageObject\",\"inLanguage\":\"es\",\"@id\":\"https:\/\/goldenti.com\/site\/iso-27001\/#primaryimage\",\"url\":\"https:\/\/goldenti.com\/site\/wp-content\/uploads\/2020\/01\/iso_27001_surus-inversa.jpg\",\"contentUrl\":\"https:\/\/goldenti.com\/site\/wp-content\/uploads\/2020\/01\/iso_27001_surus-inversa.jpg\",\"width\":1620,\"height\":1621},{\"@type\":\"BreadcrumbList\",\"@id\":\"https:\/\/goldenti.com\/site\/iso-27001\/#breadcrumb\",\"itemListElement\":[{\"@type\":\"ListItem\",\"position\":1,\"name\":\"Portada\",\"item\":\"https:\/\/goldenti.com\/site\/\"},{\"@type\":\"ListItem\",\"position\":2,\"name\":\"ISO 27001\"}]},{\"@type\":\"WebSite\",\"@id\":\"https:\/\/goldenti.com\/site\/#website\",\"url\":\"https:\/\/goldenti.com\/site\/\",\"name\":\"\",\"description\":\"\",\"potentialAction\":[{\"@type\":\"SearchAction\",\"target\":{\"@type\":\"EntryPoint\",\"urlTemplate\":\"https:\/\/goldenti.com\/site\/?s={search_term_string}\"},\"query-input\":{\"@type\":\"PropertyValueSpecification\",\"valueRequired\":true,\"valueName\":\"search_term_string\"}}],\"inLanguage\":\"es\"}]}<\/script>\n<!-- \/ Yoast SEO plugin. -->","yoast_head_json":{"title":"ISO 27001 -","robots":{"index":"index","follow":"follow","max-snippet":"max-snippet:-1","max-image-preview":"max-image-preview:large","max-video-preview":"max-video-preview:-1"},"canonical":"https:\/\/goldenti.com\/site\/iso-27001\/","og_locale":"es_ES","og_type":"article","og_title":"ISO 27001 -","og_description":"\u00bfQu\u00e9 es ISO\/IEC 27001? ISO\/IEC 27001 es una norma internacional que tiene como objetivo establecer los [&hellip;]","og_url":"https:\/\/goldenti.com\/site\/iso-27001\/","article_modified_time":"2020-07-21T19:32:18+00:00","og_image":[{"url":"https:\/\/goldenti.com\/site\/wp-content\/uploads\/2020\/01\/iso_27001_surus-inversa-300x300.jpg","type":"","width":"","height":""}],"twitter_card":"summary_large_image","twitter_misc":{"Tiempo de lectura":"2 minutos"},"schema":{"@context":"https:\/\/schema.org","@graph":[{"@type":"WebPage","@id":"https:\/\/goldenti.com\/site\/iso-27001\/","url":"https:\/\/goldenti.com\/site\/iso-27001\/","name":"ISO 27001 -","isPartOf":{"@id":"https:\/\/goldenti.com\/site\/#website"},"primaryImageOfPage":{"@id":"https:\/\/goldenti.com\/site\/iso-27001\/#primaryimage"},"image":{"@id":"https:\/\/goldenti.com\/site\/iso-27001\/#primaryimage"},"thumbnailUrl":"https:\/\/goldenti.com\/site\/wp-content\/uploads\/2020\/01\/iso_27001_surus-inversa-300x300.jpg","datePublished":"2015-09-14T20:58:43+00:00","dateModified":"2020-07-21T19:32:18+00:00","breadcrumb":{"@id":"https:\/\/goldenti.com\/site\/iso-27001\/#breadcrumb"},"inLanguage":"es","potentialAction":[{"@type":"ReadAction","target":["https:\/\/goldenti.com\/site\/iso-27001\/"]}]},{"@type":"ImageObject","inLanguage":"es","@id":"https:\/\/goldenti.com\/site\/iso-27001\/#primaryimage","url":"https:\/\/goldenti.com\/site\/wp-content\/uploads\/2020\/01\/iso_27001_surus-inversa.jpg","contentUrl":"https:\/\/goldenti.com\/site\/wp-content\/uploads\/2020\/01\/iso_27001_surus-inversa.jpg","width":1620,"height":1621},{"@type":"BreadcrumbList","@id":"https:\/\/goldenti.com\/site\/iso-27001\/#breadcrumb","itemListElement":[{"@type":"ListItem","position":1,"name":"Portada","item":"https:\/\/goldenti.com\/site\/"},{"@type":"ListItem","position":2,"name":"ISO 27001"}]},{"@type":"WebSite","@id":"https:\/\/goldenti.com\/site\/#website","url":"https:\/\/goldenti.com\/site\/","name":"","description":"","potentialAction":[{"@type":"SearchAction","target":{"@type":"EntryPoint","urlTemplate":"https:\/\/goldenti.com\/site\/?s={search_term_string}"},"query-input":{"@type":"PropertyValueSpecification","valueRequired":true,"valueName":"search_term_string"}}],"inLanguage":"es"}]}},"_links":{"self":[{"href":"https:\/\/goldenti.com\/site\/wp-json\/wp\/v2\/pages\/15001","targetHints":{"allow":["GET"]}}],"collection":[{"href":"https:\/\/goldenti.com\/site\/wp-json\/wp\/v2\/pages"}],"about":[{"href":"https:\/\/goldenti.com\/site\/wp-json\/wp\/v2\/types\/page"}],"author":[{"embeddable":true,"href":"https:\/\/goldenti.com\/site\/wp-json\/wp\/v2\/users\/7"}],"replies":[{"embeddable":true,"href":"https:\/\/goldenti.com\/site\/wp-json\/wp\/v2\/comments?post=15001"}],"version-history":[{"count":7,"href":"https:\/\/goldenti.com\/site\/wp-json\/wp\/v2\/pages\/15001\/revisions"}],"predecessor-version":[{"id":24038,"href":"https:\/\/goldenti.com\/site\/wp-json\/wp\/v2\/pages\/15001\/revisions\/24038"}],"wp:attachment":[{"href":"https:\/\/goldenti.com\/site\/wp-json\/wp\/v2\/media?parent=15001"}],"curies":[{"name":"wp","href":"https:\/\/api.w.org\/{rel}","templated":true}]}}