{"id":15003,"date":"2015-09-14T14:59:17","date_gmt":"2015-09-14T20:59:17","guid":{"rendered":"http:\/\/goldenti.com\/site\/?page_id=15003"},"modified":"2015-09-18T13:52:26","modified_gmt":"2015-09-18T19:52:26","slug":"isots-17582","status":"publish","type":"page","link":"https:\/\/goldenti.com\/site\/isots-17582\/","title":{"rendered":"ISO\/TS 17582"},"content":{"rendered":"<h1 class=\"main-header\">\u00a0<a href=\"http:\/\/goldenti.com\/site\/wp-content\/uploads\/2015\/09\/iso-logo.png\"><img decoding=\"async\" class=\"wp-image-15136 aligncenter\" src=\"http:\/\/goldenti.com\/site\/wp-content\/uploads\/2015\/09\/iso-logo.png\" alt=\"iso-logo\" width=\"272\" height=\"162\" srcset=\"https:\/\/goldenti.com\/site\/wp-content\/uploads\/2015\/09\/iso-logo.png 570w, https:\/\/goldenti.com\/site\/wp-content\/uploads\/2015\/09\/iso-logo-300x179.png 300w\" sizes=\"(max-width: 272px) 100vw, 272px\" \/><\/a><\/h1>\n<div class=\"body-copy span-2 last\">\n<h2>\u00bfQu\u00e9 es ISO\/TS 17582?<\/h2>\n<p>ISO\/TS 17582 es la norma de sistemas de gesti\u00f3n de la calidad espec\u00edfico para las organizaciones que realizan procesos electorales, y se basa en la norma internacional de gesti\u00f3n de calidad ISO 9001. El est\u00e1ndar fue desarrollado por Organizaci\u00f3n de Estados Americanos (OEA) y para su certificaci\u00f3n la OEA creo el\u00a0International Electoral Accreditation Body (IEAB)<\/p>\n<p>El objetivo de la norma ISO\/TS 17582 es el desarrollo de un sistema de gesti\u00f3n de calidad que haga hincapi\u00e9 en el fortalecimiento de los procesos electorales a trav\u00e9s del aseguramiento de los siguientes ocho procesos<\/p>\n<p>1) Registro de los votantes<br \/>\n2) Registro de las organizaciones pol\u00edticas y de los candidatos<br \/>\n3) Log\u00edstica electoral<br \/>\n4) Sufragio<br \/>\n5) Escrutinio y declaraci\u00f3n de los resultados<br \/>\n6) Educaci\u00f3n electoral<br \/>\n7) Fiscalizaci\u00f3n del financiamiento pol\u00edtico<br \/>\n8) Resoluci\u00f3n de disputas electorales<\/p>\n<h2>\u00bfQui\u00e9n puede aplicar ISO\/TS 17582?<\/h2>\n<p>La norma ISO\/TS 17582 es relevante para todo tipo de organizaciones que desarrollen procesos electorales internos o p\u00fablicos, ,locales, regionales, nacionales o mundiales as\u00ed como resoluci\u00f3n legal de disputas electorales.<\/p>\n<h2>\u00bfPor qu\u00e9 es importante ISO\/TS 17582?<\/h2>\n<p>Dicho est\u00e1ndar crea el marco adecuado para un sistema de gesti\u00f3n de calidad electoral que ayuda a que las organizaciones provean unos servicios electorales m\u00e1s transparentes y confiables. Lo cual se traduce en un fortalecimiento de la democracia y garantia de que los derechos de los ciudadanos son salvaguardados por procedimientos certificados.<\/p>\n<p>El ISO\/TS 17582:2014 especifica el \u201cque\u201d, pero no el \u201ccomo\u201d implementar un sistema de gesti\u00f3n de calidad electoral. El marco establecido tiene la intenci\u00f3n explicita de producir un est\u00e1ndar que se adapte a cualquier entorno legal y se trata de un sistema suficientemente gen\u00e9rico como para ser aplicado a cualquier sistema democr\u00e1tico pol\u00edtico u organismo electoral.<\/p>\n<h2>Beneficios de ISO\/TS 17582<\/h2>\n<p>Desde la perspectiva de un \u00f3rgano electoral , los beneficios de la norma ISO\/ TS 17582 son diversos. La norma proporciona un modelo para el dise\u00f1o de un sistema de gesti\u00f3n de calidad eficaz que permita a un \u00f3rgano electoral u organizaci\u00f3n el prestar servicios electorales que cumplan mejor las expectativas de los votantes , candidatos y organizaciones pol\u00edticas . La dimensi\u00f3n de certificaci\u00f3n confiere ventajas adicionales en un \u00f3rgano electoral. Al certificar la norma ISO \/ TS 17582 , un organismo electoral puede declarar p\u00fablicamente su compromiso de alcanzar los m\u00e1s altos est\u00e1ndares de calidad y la prestaci\u00f3n de servicios electorales confiables para los ciudadanos a los que sirve. Asegurar la integridad del proceso de certificaci\u00f3n es, pues, fundamental.<\/p>\n<h2>\u00bfC\u00f3mo puede apoyarle Golden TI?<\/h2>\n<p>Golden TI es pionera en los sistemas de gesti\u00f3n de calidad para organizaciones electorales, su equipo consultor fue de los primeros certificados a nivel mundial por el IEAB como Lead Assesor Certificado No. 96 (Consulta certificado <a href=\"http:\/\/goldenti.com\/site\/wp-content\/uploads\/2015\/09\/Authorization-Certificate-San-Vicente-000096.pdf\">Authorization Certificate &#8211; San Vicente 000096<\/a>)<\/p>\n<p>M\u00e1s Informaci\u00f3n\u00a0<a href=\"http:\/\/www.iso17582.org\">Pagina ISO 17582<\/a><\/p>\n<p>&nbsp;<\/p>\n<\/div>\n","protected":false},"excerpt":{"rendered":"<p>\u00a0 \u00bfQu\u00e9 es ISO\/TS 17582? ISO\/TS 17582 es la norma de sistemas de gesti\u00f3n de la [&hellip;]<\/p>\n","protected":false},"author":7,"featured_media":0,"parent":0,"menu_order":0,"comment_status":"closed","ping_status":"closed","template":"","meta":{"footnotes":""},"class_list":["post-15003","page","type-page","status-publish","hentry"],"yoast_head":"<!-- This site is optimized with the Yoast SEO plugin v27.1.1 - https:\/\/yoast.com\/product\/yoast-seo-wordpress\/ -->\n<title>ISO\/TS 17582 -<\/title>\n<meta name=\"robots\" content=\"index, follow, max-snippet:-1, max-image-preview:large, max-video-preview:-1\" \/>\n<link rel=\"canonical\" href=\"https:\/\/goldenti.com\/site\/isots-17582\/\" \/>\n<meta property=\"og:locale\" content=\"es_ES\" \/>\n<meta property=\"og:type\" content=\"article\" \/>\n<meta property=\"og:title\" content=\"ISO\/TS 17582 -\" \/>\n<meta property=\"og:description\" content=\"\u00a0 \u00bfQu\u00e9 es ISO\/TS 17582? ISO\/TS 17582 es la norma de sistemas de gesti\u00f3n de la [&hellip;]\" \/>\n<meta property=\"og:url\" content=\"https:\/\/goldenti.com\/site\/isots-17582\/\" \/>\n<meta property=\"article:modified_time\" content=\"2015-09-18T19:52:26+00:00\" \/>\n<meta property=\"og:image\" content=\"http:\/\/goldenti.com\/site\/wp-content\/uploads\/2015\/09\/iso-logo.png\" \/>\n<meta name=\"twitter:card\" content=\"summary_large_image\" \/>\n<meta name=\"twitter:label1\" content=\"Tiempo de lectura\" \/>\n\t<meta name=\"twitter:data1\" content=\"2 minutos\" \/>\n<script type=\"application\/ld+json\" class=\"yoast-schema-graph\">{\"@context\":\"https:\/\/schema.org\",\"@graph\":[{\"@type\":\"WebPage\",\"@id\":\"https:\/\/goldenti.com\/site\/isots-17582\/\",\"url\":\"https:\/\/goldenti.com\/site\/isots-17582\/\",\"name\":\"ISO\/TS 17582 -\",\"isPartOf\":{\"@id\":\"https:\/\/goldenti.com\/site\/#website\"},\"primaryImageOfPage\":{\"@id\":\"https:\/\/goldenti.com\/site\/isots-17582\/#primaryimage\"},\"image\":{\"@id\":\"https:\/\/goldenti.com\/site\/isots-17582\/#primaryimage\"},\"thumbnailUrl\":\"http:\/\/goldenti.com\/site\/wp-content\/uploads\/2015\/09\/iso-logo.png\",\"datePublished\":\"2015-09-14T20:59:17+00:00\",\"dateModified\":\"2015-09-18T19:52:26+00:00\",\"breadcrumb\":{\"@id\":\"https:\/\/goldenti.com\/site\/isots-17582\/#breadcrumb\"},\"inLanguage\":\"es\",\"potentialAction\":[{\"@type\":\"ReadAction\",\"target\":[\"https:\/\/goldenti.com\/site\/isots-17582\/\"]}]},{\"@type\":\"ImageObject\",\"inLanguage\":\"es\",\"@id\":\"https:\/\/goldenti.com\/site\/isots-17582\/#primaryimage\",\"url\":\"http:\/\/goldenti.com\/site\/wp-content\/uploads\/2015\/09\/iso-logo.png\",\"contentUrl\":\"http:\/\/goldenti.com\/site\/wp-content\/uploads\/2015\/09\/iso-logo.png\"},{\"@type\":\"BreadcrumbList\",\"@id\":\"https:\/\/goldenti.com\/site\/isots-17582\/#breadcrumb\",\"itemListElement\":[{\"@type\":\"ListItem\",\"position\":1,\"name\":\"Portada\",\"item\":\"https:\/\/goldenti.com\/site\/\"},{\"@type\":\"ListItem\",\"position\":2,\"name\":\"ISO\/TS 17582\"}]},{\"@type\":\"WebSite\",\"@id\":\"https:\/\/goldenti.com\/site\/#website\",\"url\":\"https:\/\/goldenti.com\/site\/\",\"name\":\"\",\"description\":\"\",\"potentialAction\":[{\"@type\":\"SearchAction\",\"target\":{\"@type\":\"EntryPoint\",\"urlTemplate\":\"https:\/\/goldenti.com\/site\/?s={search_term_string}\"},\"query-input\":{\"@type\":\"PropertyValueSpecification\",\"valueRequired\":true,\"valueName\":\"search_term_string\"}}],\"inLanguage\":\"es\"}]}<\/script>\n<!-- \/ Yoast SEO plugin. -->","yoast_head_json":{"title":"ISO\/TS 17582 -","robots":{"index":"index","follow":"follow","max-snippet":"max-snippet:-1","max-image-preview":"max-image-preview:large","max-video-preview":"max-video-preview:-1"},"canonical":"https:\/\/goldenti.com\/site\/isots-17582\/","og_locale":"es_ES","og_type":"article","og_title":"ISO\/TS 17582 -","og_description":"\u00a0 \u00bfQu\u00e9 es ISO\/TS 17582? ISO\/TS 17582 es la norma de sistemas de gesti\u00f3n de la [&hellip;]","og_url":"https:\/\/goldenti.com\/site\/isots-17582\/","article_modified_time":"2015-09-18T19:52:26+00:00","og_image":[{"url":"http:\/\/goldenti.com\/site\/wp-content\/uploads\/2015\/09\/iso-logo.png","type":"","width":"","height":""}],"twitter_card":"summary_large_image","twitter_misc":{"Tiempo de lectura":"2 minutos"},"schema":{"@context":"https:\/\/schema.org","@graph":[{"@type":"WebPage","@id":"https:\/\/goldenti.com\/site\/isots-17582\/","url":"https:\/\/goldenti.com\/site\/isots-17582\/","name":"ISO\/TS 17582 -","isPartOf":{"@id":"https:\/\/goldenti.com\/site\/#website"},"primaryImageOfPage":{"@id":"https:\/\/goldenti.com\/site\/isots-17582\/#primaryimage"},"image":{"@id":"https:\/\/goldenti.com\/site\/isots-17582\/#primaryimage"},"thumbnailUrl":"http:\/\/goldenti.com\/site\/wp-content\/uploads\/2015\/09\/iso-logo.png","datePublished":"2015-09-14T20:59:17+00:00","dateModified":"2015-09-18T19:52:26+00:00","breadcrumb":{"@id":"https:\/\/goldenti.com\/site\/isots-17582\/#breadcrumb"},"inLanguage":"es","potentialAction":[{"@type":"ReadAction","target":["https:\/\/goldenti.com\/site\/isots-17582\/"]}]},{"@type":"ImageObject","inLanguage":"es","@id":"https:\/\/goldenti.com\/site\/isots-17582\/#primaryimage","url":"http:\/\/goldenti.com\/site\/wp-content\/uploads\/2015\/09\/iso-logo.png","contentUrl":"http:\/\/goldenti.com\/site\/wp-content\/uploads\/2015\/09\/iso-logo.png"},{"@type":"BreadcrumbList","@id":"https:\/\/goldenti.com\/site\/isots-17582\/#breadcrumb","itemListElement":[{"@type":"ListItem","position":1,"name":"Portada","item":"https:\/\/goldenti.com\/site\/"},{"@type":"ListItem","position":2,"name":"ISO\/TS 17582"}]},{"@type":"WebSite","@id":"https:\/\/goldenti.com\/site\/#website","url":"https:\/\/goldenti.com\/site\/","name":"","description":"","potentialAction":[{"@type":"SearchAction","target":{"@type":"EntryPoint","urlTemplate":"https:\/\/goldenti.com\/site\/?s={search_term_string}"},"query-input":{"@type":"PropertyValueSpecification","valueRequired":true,"valueName":"search_term_string"}}],"inLanguage":"es"}]}},"_links":{"self":[{"href":"https:\/\/goldenti.com\/site\/wp-json\/wp\/v2\/pages\/15003","targetHints":{"allow":["GET"]}}],"collection":[{"href":"https:\/\/goldenti.com\/site\/wp-json\/wp\/v2\/pages"}],"about":[{"href":"https:\/\/goldenti.com\/site\/wp-json\/wp\/v2\/types\/page"}],"author":[{"embeddable":true,"href":"https:\/\/goldenti.com\/site\/wp-json\/wp\/v2\/users\/7"}],"replies":[{"embeddable":true,"href":"https:\/\/goldenti.com\/site\/wp-json\/wp\/v2\/comments?post=15003"}],"version-history":[{"count":5,"href":"https:\/\/goldenti.com\/site\/wp-json\/wp\/v2\/pages\/15003\/revisions"}],"predecessor-version":[{"id":15138,"href":"https:\/\/goldenti.com\/site\/wp-json\/wp\/v2\/pages\/15003\/revisions\/15138"}],"wp:attachment":[{"href":"https:\/\/goldenti.com\/site\/wp-json\/wp\/v2\/media?parent=15003"}],"curies":[{"name":"wp","href":"https:\/\/api.w.org\/{rel}","templated":true}]}}