{"id":15068,"date":"2015-09-18T10:31:06","date_gmt":"2015-09-18T16:31:06","guid":{"rendered":"http:\/\/goldenti.com\/site\/?page_id=15068"},"modified":"2020-06-08T14:51:32","modified_gmt":"2020-06-08T20:51:32","slug":"rentabilidad-y-competividad","status":"publish","type":"page","link":"https:\/\/goldenti.com\/site\/rentabilidad-y-competividad\/","title":{"rendered":"Rentabilidad y Competividad"},"content":{"rendered":"\t\t<div data-elementor-type=\"wp-page\" data-elementor-id=\"15068\" class=\"elementor elementor-15068\" data-elementor-post-type=\"page\">\n\t\t\t\t\t\t<section class=\"elementor-section elementor-top-section elementor-element elementor-element-6c8a5b0d elementor-section-boxed elementor-section-height-default elementor-section-height-default\" data-id=\"6c8a5b0d\" data-element_type=\"section\" data-e-type=\"section\">\n\t\t\t\t\t\t<div class=\"elementor-container elementor-column-gap-default\">\n\t\t\t\t\t<div class=\"elementor-column elementor-col-100 elementor-top-column elementor-element elementor-element-1c032797\" data-id=\"1c032797\" data-element_type=\"column\" data-e-type=\"column\">\n\t\t\t<div class=\"elementor-widget-wrap elementor-element-populated\">\n\t\t\t\t\t\t<div class=\"elementor-element elementor-element-780bae4 elementor-widget elementor-widget-heading\" data-id=\"780bae4\" data-element_type=\"widget\" data-e-type=\"widget\" data-widget_type=\"heading.default\">\n\t\t\t\t<div class=\"elementor-widget-container\">\n\t\t\t\t\t<h2 class=\"elementor-heading-title elementor-size-default\">Competitividad<\/h2>\t\t\t\t<\/div>\n\t\t\t\t<\/div>\n\t\t\t\t<div class=\"elementor-element elementor-element-4cb69c5 elementor-widget elementor-widget-text-editor\" data-id=\"4cb69c5\" data-element_type=\"widget\" data-e-type=\"widget\" data-widget_type=\"text-editor.default\">\n\t\t\t\t<div class=\"elementor-widget-container\">\n\t\t\t\t\t\t\t\t\t<p align=\"JUSTIFY\"><span style=\"color: #222222;\"><span style=\"font-family: Arial, serif;\"><span style=\"font-size: medium;\">Es la capacidad de una organizaci\u00f3n p\u00fablica \u00f3 privada, lucrativa o no, de mantener sistem\u00e1ticamente ventajas comparativas que le permitan alcanzar, sostener y mejorar una determinada posici\u00f3n en el entorno socio econ\u00f3mico.<\/span><\/span><\/span><\/p>\t\t\t\t\t\t\t\t<\/div>\n\t\t\t\t<\/div>\n\t\t\t\t<div class=\"elementor-element elementor-element-1446af2 elementor-widget elementor-widget-image\" data-id=\"1446af2\" data-element_type=\"widget\" data-e-type=\"widget\" data-widget_type=\"image.default\">\n\t\t\t\t<div class=\"elementor-widget-container\">\n\t\t\t\t\t\t\t\t\t\t\t\t\t\t\t<img fetchpriority=\"high\" decoding=\"async\" width=\"640\" height=\"426\" src=\"https:\/\/goldenti.com\/site\/wp-content\/uploads\/2020\/06\/competitividad1.jpg\" class=\"attachment-large size-large wp-image-23724\" alt=\"\" srcset=\"https:\/\/goldenti.com\/site\/wp-content\/uploads\/2020\/06\/competitividad1.jpg 800w, https:\/\/goldenti.com\/site\/wp-content\/uploads\/2020\/06\/competitividad1-300x200.jpg 300w, https:\/\/goldenti.com\/site\/wp-content\/uploads\/2020\/06\/competitividad1-768x512.jpg 768w\" sizes=\"(max-width: 640px) 100vw, 640px\" \/>\t\t\t\t\t\t\t\t\t\t\t\t\t\t\t<\/div>\n\t\t\t\t<\/div>\n\t\t\t\t<div class=\"elementor-element elementor-element-f4dd4a9 elementor-widget elementor-widget-text-editor\" data-id=\"f4dd4a9\" data-element_type=\"widget\" data-e-type=\"widget\" data-widget_type=\"text-editor.default\">\n\t\t\t\t<div class=\"elementor-widget-container\">\n\t\t\t\t\t\t\t\t\t<p align=\"JUSTIFY\"><span style=\"color: #222222;\"><span style=\"font-family: Arial, serif;\"><span style=\"font-size: medium;\">En Golden TI fortalecemos la capacidad para mantener y acrecentar la rentabilidad y participaci\u00f3n en los mercados, desarrollando ventajas competitivas aplicadas a la cadena de valor de los productos y\/o servicios ofrecidos.<\/span><\/span><\/span><\/p><p align=\"JUSTIFY\"><span style=\"color: #222222;\"><span style=\"font-family: Arial, serif;\"><span style=\"font-size: medium;\">En Golden TI hemos desarrollado la metodolog\u00eda GTI Business One \u00a0que habilita la transformaci\u00f3n del negocio e implementar ciclos de mejora, innovaci\u00f3n, alineaci\u00f3n tecnol\u00f3gica, sistemas de gesti\u00f3n, optimizaci\u00f3n de procesos y desarrollo de competencias.<\/span><\/span><\/span><\/p><p align=\"JUSTIFY\"><span style=\"color: #222222;\"><span style=\"font-family: Arial, serif;\"><span style=\"font-size: medium;\">Nuestra oferta de servicios incluye entre otros:<\/span><\/span><\/span><\/p><ul><li><p align=\"JUSTIFY\"><span style=\"color: #222222;\"><span style=\"font-family: Arial, serif;\">Planeaci\u00f3n estrat\u00e9gica<\/span><\/span><\/p><\/li><li><p align=\"JUSTIFY\"><span style=\"color: #222222;\"><span style=\"font-family: Arial, serif;\">Implementaci\u00f3n de modelos de gesti\u00f3n como ISO 9001, IATF 16949, AS 9100<\/span><\/span><\/p><\/li><li><p align=\"JUSTIFY\"><span style=\"color: #222222;\"><span style=\"font-family: Arial, serif;\">Desarrollo de sistemas de informaci\u00f3n aplicados a los procesos de valor<\/span><\/span><\/p><\/li><li><p align=\"JUSTIFY\"><span style=\"color: #222222;\"><span style=\"font-family: Arial, serif;\">IOT<\/span><\/span><\/p><\/li><li><p align=\"JUSTIFY\"><span style=\"color: #222222;\"><span style=\"font-family: Arial, serif;\">Inteligencia de negocios<\/span><\/span><\/p><\/li><li><p align=\"JUSTIFY\"><span style=\"color: #222222;\"><span style=\"font-family: Arial, serif;\">Innovaci\u00f3n<\/span><\/span><\/p><\/li><li><p align=\"JUSTIFY\"><span style=\"color: #222222;\"><span style=\"font-family: Arial, serif;\">Soluciones integrales de Tecnolog\u00edas de Informaci\u00f3n y Comunicaciones.<\/span><\/span><\/p><\/li><\/ul>\t\t\t\t\t\t\t\t<\/div>\n\t\t\t\t<\/div>\n\t\t\t\t<div class=\"elementor-element elementor-element-39f81a0 elementor-widget elementor-widget-image\" data-id=\"39f81a0\" data-element_type=\"widget\" data-e-type=\"widget\" data-widget_type=\"image.default\">\n\t\t\t\t<div class=\"elementor-widget-container\">\n\t\t\t\t\t\t\t\t\t\t\t\t\t\t\t<img decoding=\"async\" width=\"640\" height=\"330\" src=\"https:\/\/goldenti.com\/site\/wp-content\/uploads\/2020\/06\/competitividad2.jpg\" class=\"attachment-large size-large wp-image-23725\" alt=\"\" srcset=\"https:\/\/goldenti.com\/site\/wp-content\/uploads\/2020\/06\/competitividad2.jpg 800w, https:\/\/goldenti.com\/site\/wp-content\/uploads\/2020\/06\/competitividad2-300x155.jpg 300w, https:\/\/goldenti.com\/site\/wp-content\/uploads\/2020\/06\/competitividad2-768x396.jpg 768w\" sizes=\"(max-width: 640px) 100vw, 640px\" \/>\t\t\t\t\t\t\t\t\t\t\t\t\t\t\t<\/div>\n\t\t\t\t<\/div>\n\t\t\t\t\t<\/div>\n\t\t<\/div>\n\t\t\t\t\t<\/div>\n\t\t<\/section>\n\t\t\t\t<\/div>\n\t\t","protected":false},"excerpt":{"rendered":"<p>Competitividad Es la capacidad de una organizaci\u00f3n p\u00fablica \u00f3 privada, lucrativa o no, de mantener sistem\u00e1ticamente [&hellip;]<\/p>\n","protected":false},"author":7,"featured_media":0,"parent":0,"menu_order":0,"comment_status":"closed","ping_status":"closed","template":"","meta":{"footnotes":""},"class_list":["post-15068","page","type-page","status-publish","hentry"],"yoast_head":"<!-- This site is optimized with the Yoast SEO plugin v27.1.1 - https:\/\/yoast.com\/product\/yoast-seo-wordpress\/ -->\n<title>Rentabilidad y Competividad -<\/title>\n<meta name=\"robots\" content=\"index, follow, max-snippet:-1, max-image-preview:large, max-video-preview:-1\" \/>\n<link rel=\"canonical\" href=\"https:\/\/goldenti.com\/site\/rentabilidad-y-competividad\/\" \/>\n<meta property=\"og:locale\" content=\"es_ES\" \/>\n<meta property=\"og:type\" content=\"article\" \/>\n<meta property=\"og:title\" content=\"Rentabilidad y Competividad -\" \/>\n<meta property=\"og:description\" content=\"Competitividad Es la capacidad de una organizaci\u00f3n p\u00fablica \u00f3 privada, lucrativa o no, de mantener sistem\u00e1ticamente [&hellip;]\" \/>\n<meta property=\"og:url\" content=\"https:\/\/goldenti.com\/site\/rentabilidad-y-competividad\/\" \/>\n<meta property=\"article:modified_time\" content=\"2020-06-08T20:51:32+00:00\" \/>\n<meta property=\"og:image\" content=\"https:\/\/goldenti.com\/site\/wp-content\/uploads\/2020\/06\/competitividad1.jpg\" \/>\n<meta name=\"twitter:card\" content=\"summary_large_image\" \/>\n<meta name=\"twitter:label1\" content=\"Tiempo de lectura\" \/>\n\t<meta name=\"twitter:data1\" content=\"1 minuto\" \/>\n<script type=\"application\/ld+json\" class=\"yoast-schema-graph\">{\"@context\":\"https:\/\/schema.org\",\"@graph\":[{\"@type\":\"WebPage\",\"@id\":\"https:\/\/goldenti.com\/site\/rentabilidad-y-competividad\/\",\"url\":\"https:\/\/goldenti.com\/site\/rentabilidad-y-competividad\/\",\"name\":\"Rentabilidad y Competividad -\",\"isPartOf\":{\"@id\":\"https:\/\/goldenti.com\/site\/#website\"},\"primaryImageOfPage\":{\"@id\":\"https:\/\/goldenti.com\/site\/rentabilidad-y-competividad\/#primaryimage\"},\"image\":{\"@id\":\"https:\/\/goldenti.com\/site\/rentabilidad-y-competividad\/#primaryimage\"},\"thumbnailUrl\":\"https:\/\/goldenti.com\/site\/wp-content\/uploads\/2020\/06\/competitividad1.jpg\",\"datePublished\":\"2015-09-18T16:31:06+00:00\",\"dateModified\":\"2020-06-08T20:51:32+00:00\",\"breadcrumb\":{\"@id\":\"https:\/\/goldenti.com\/site\/rentabilidad-y-competividad\/#breadcrumb\"},\"inLanguage\":\"es\",\"potentialAction\":[{\"@type\":\"ReadAction\",\"target\":[\"https:\/\/goldenti.com\/site\/rentabilidad-y-competividad\/\"]}]},{\"@type\":\"ImageObject\",\"inLanguage\":\"es\",\"@id\":\"https:\/\/goldenti.com\/site\/rentabilidad-y-competividad\/#primaryimage\",\"url\":\"https:\/\/goldenti.com\/site\/wp-content\/uploads\/2020\/06\/competitividad1.jpg\",\"contentUrl\":\"https:\/\/goldenti.com\/site\/wp-content\/uploads\/2020\/06\/competitividad1.jpg\",\"width\":800,\"height\":533},{\"@type\":\"BreadcrumbList\",\"@id\":\"https:\/\/goldenti.com\/site\/rentabilidad-y-competividad\/#breadcrumb\",\"itemListElement\":[{\"@type\":\"ListItem\",\"position\":1,\"name\":\"Portada\",\"item\":\"https:\/\/goldenti.com\/site\/\"},{\"@type\":\"ListItem\",\"position\":2,\"name\":\"Rentabilidad y Competividad\"}]},{\"@type\":\"WebSite\",\"@id\":\"https:\/\/goldenti.com\/site\/#website\",\"url\":\"https:\/\/goldenti.com\/site\/\",\"name\":\"\",\"description\":\"\",\"potentialAction\":[{\"@type\":\"SearchAction\",\"target\":{\"@type\":\"EntryPoint\",\"urlTemplate\":\"https:\/\/goldenti.com\/site\/?s={search_term_string}\"},\"query-input\":{\"@type\":\"PropertyValueSpecification\",\"valueRequired\":true,\"valueName\":\"search_term_string\"}}],\"inLanguage\":\"es\"}]}<\/script>\n<!-- \/ Yoast SEO plugin. -->","yoast_head_json":{"title":"Rentabilidad y Competividad -","robots":{"index":"index","follow":"follow","max-snippet":"max-snippet:-1","max-image-preview":"max-image-preview:large","max-video-preview":"max-video-preview:-1"},"canonical":"https:\/\/goldenti.com\/site\/rentabilidad-y-competividad\/","og_locale":"es_ES","og_type":"article","og_title":"Rentabilidad y Competividad -","og_description":"Competitividad Es la capacidad de una organizaci\u00f3n p\u00fablica \u00f3 privada, lucrativa o no, de mantener sistem\u00e1ticamente [&hellip;]","og_url":"https:\/\/goldenti.com\/site\/rentabilidad-y-competividad\/","article_modified_time":"2020-06-08T20:51:32+00:00","og_image":[{"url":"https:\/\/goldenti.com\/site\/wp-content\/uploads\/2020\/06\/competitividad1.jpg","type":"","width":"","height":""}],"twitter_card":"summary_large_image","twitter_misc":{"Tiempo de lectura":"1 minuto"},"schema":{"@context":"https:\/\/schema.org","@graph":[{"@type":"WebPage","@id":"https:\/\/goldenti.com\/site\/rentabilidad-y-competividad\/","url":"https:\/\/goldenti.com\/site\/rentabilidad-y-competividad\/","name":"Rentabilidad y Competividad -","isPartOf":{"@id":"https:\/\/goldenti.com\/site\/#website"},"primaryImageOfPage":{"@id":"https:\/\/goldenti.com\/site\/rentabilidad-y-competividad\/#primaryimage"},"image":{"@id":"https:\/\/goldenti.com\/site\/rentabilidad-y-competividad\/#primaryimage"},"thumbnailUrl":"https:\/\/goldenti.com\/site\/wp-content\/uploads\/2020\/06\/competitividad1.jpg","datePublished":"2015-09-18T16:31:06+00:00","dateModified":"2020-06-08T20:51:32+00:00","breadcrumb":{"@id":"https:\/\/goldenti.com\/site\/rentabilidad-y-competividad\/#breadcrumb"},"inLanguage":"es","potentialAction":[{"@type":"ReadAction","target":["https:\/\/goldenti.com\/site\/rentabilidad-y-competividad\/"]}]},{"@type":"ImageObject","inLanguage":"es","@id":"https:\/\/goldenti.com\/site\/rentabilidad-y-competividad\/#primaryimage","url":"https:\/\/goldenti.com\/site\/wp-content\/uploads\/2020\/06\/competitividad1.jpg","contentUrl":"https:\/\/goldenti.com\/site\/wp-content\/uploads\/2020\/06\/competitividad1.jpg","width":800,"height":533},{"@type":"BreadcrumbList","@id":"https:\/\/goldenti.com\/site\/rentabilidad-y-competividad\/#breadcrumb","itemListElement":[{"@type":"ListItem","position":1,"name":"Portada","item":"https:\/\/goldenti.com\/site\/"},{"@type":"ListItem","position":2,"name":"Rentabilidad y Competividad"}]},{"@type":"WebSite","@id":"https:\/\/goldenti.com\/site\/#website","url":"https:\/\/goldenti.com\/site\/","name":"","description":"","potentialAction":[{"@type":"SearchAction","target":{"@type":"EntryPoint","urlTemplate":"https:\/\/goldenti.com\/site\/?s={search_term_string}"},"query-input":{"@type":"PropertyValueSpecification","valueRequired":true,"valueName":"search_term_string"}}],"inLanguage":"es"}]}},"_links":{"self":[{"href":"https:\/\/goldenti.com\/site\/wp-json\/wp\/v2\/pages\/15068","targetHints":{"allow":["GET"]}}],"collection":[{"href":"https:\/\/goldenti.com\/site\/wp-json\/wp\/v2\/pages"}],"about":[{"href":"https:\/\/goldenti.com\/site\/wp-json\/wp\/v2\/types\/page"}],"author":[{"embeddable":true,"href":"https:\/\/goldenti.com\/site\/wp-json\/wp\/v2\/users\/7"}],"replies":[{"embeddable":true,"href":"https:\/\/goldenti.com\/site\/wp-json\/wp\/v2\/comments?post=15068"}],"version-history":[{"count":12,"href":"https:\/\/goldenti.com\/site\/wp-json\/wp\/v2\/pages\/15068\/revisions"}],"predecessor-version":[{"id":23732,"href":"https:\/\/goldenti.com\/site\/wp-json\/wp\/v2\/pages\/15068\/revisions\/23732"}],"wp:attachment":[{"href":"https:\/\/goldenti.com\/site\/wp-json\/wp\/v2\/media?parent=15068"}],"curies":[{"name":"wp","href":"https:\/\/api.w.org\/{rel}","templated":true}]}}