{"id":15106,"date":"2015-09-18T12:47:06","date_gmt":"2015-09-18T18:47:06","guid":{"rendered":"http:\/\/goldenti.com\/site\/?page_id=15106"},"modified":"2024-04-10T13:51:52","modified_gmt":"2024-04-10T19:51:52","slug":"ingenieria-de-software","status":"publish","type":"page","link":"https:\/\/goldenti.com\/site\/ingenieria-de-software\/","title":{"rendered":"Ingenier\u00eda de Software"},"content":{"rendered":"\t\t<div data-elementor-type=\"wp-page\" data-elementor-id=\"15106\" class=\"elementor elementor-15106\" data-elementor-post-type=\"page\">\n\t\t\t\t\t\t<section class=\"elementor-section elementor-top-section elementor-element elementor-element-9ebfe3e elementor-section-boxed elementor-section-height-default elementor-section-height-default\" data-id=\"9ebfe3e\" data-element_type=\"section\" data-e-type=\"section\">\n\t\t\t\t\t\t<div class=\"elementor-container elementor-column-gap-default\">\n\t\t\t\t\t<div class=\"elementor-column elementor-col-50 elementor-top-column elementor-element elementor-element-571c4de\" data-id=\"571c4de\" data-element_type=\"column\" data-e-type=\"column\">\n\t\t\t<div class=\"elementor-widget-wrap elementor-element-populated\">\n\t\t\t\t\t\t<div class=\"elementor-element elementor-element-ff47192 elementor-widget elementor-widget-image\" data-id=\"ff47192\" data-element_type=\"widget\" data-e-type=\"widget\" data-widget_type=\"image.default\">\n\t\t\t\t<div class=\"elementor-widget-container\">\n\t\t\t\t\t\t\t\t\t\t\t\t\t\t\t<img decoding=\"async\" src=\"https:\/\/goldenti.com\/site\/wp-content\/uploads\/elementor\/thumbs\/ingenieria-de-software-1-osy8lxz4869yswkgfww18y9uk8bsiw875ovojylce8.jpg\" title=\"ingenieria de software 1\" alt=\"ingenieria de software 1\" loading=\"lazy\" \/>\t\t\t\t\t\t\t\t\t\t\t\t\t\t\t<\/div>\n\t\t\t\t<\/div>\n\t\t\t\t\t<\/div>\n\t\t<\/div>\n\t\t\t\t<div class=\"elementor-column elementor-col-50 elementor-top-column elementor-element elementor-element-3ddbe9e\" data-id=\"3ddbe9e\" data-element_type=\"column\" data-e-type=\"column\">\n\t\t\t<div class=\"elementor-widget-wrap elementor-element-populated\">\n\t\t\t\t\t\t<div class=\"elementor-element elementor-element-823c914 elementor-widget elementor-widget-text-editor\" data-id=\"823c914\" data-element_type=\"widget\" data-e-type=\"widget\" data-widget_type=\"text-editor.default\">\n\t\t\t\t<div class=\"elementor-widget-container\">\n\t\t\t\t\t\t\t\t\t<p>En GOLDEN TI trascendemos la actividad de programaci\u00f3n, que es el pilar fundamental a la hora de crear una aplicaci\u00f3n. Nuestro proceso asegura y mitiga los riesgos para desarrollar aplicaciones en el plazo determinado y con el presupuesto previsto.<\/p><p>Nuestros servicios incluyen desde an\u00e1lisis previo de la situaci\u00f3n, el dise\u00f1o del proyecto, el desarrollo del software, las pruebas y la implementaci\u00f3n.<\/p>\t\t\t\t\t\t\t\t<\/div>\n\t\t\t\t<\/div>\n\t\t\t\t\t<\/div>\n\t\t<\/div>\n\t\t\t\t\t<\/div>\n\t\t<\/section>\n\t\t\t\t<section class=\"elementor-section elementor-top-section elementor-element elementor-element-99d6ccc elementor-section-boxed elementor-section-height-default elementor-section-height-default\" data-id=\"99d6ccc\" data-element_type=\"section\" data-e-type=\"section\">\n\t\t\t\t\t\t<div class=\"elementor-container elementor-column-gap-default\">\n\t\t\t\t\t<div class=\"elementor-column elementor-col-100 elementor-top-column elementor-element elementor-element-fa0043c\" data-id=\"fa0043c\" data-element_type=\"column\" data-e-type=\"column\">\n\t\t\t<div class=\"elementor-widget-wrap elementor-element-populated\">\n\t\t\t\t\t\t<div class=\"elementor-element elementor-element-61fa400 elementor-widget elementor-widget-text-editor\" data-id=\"61fa400\" data-element_type=\"widget\" data-e-type=\"widget\" data-widget_type=\"text-editor.default\">\n\t\t\t\t<div class=\"elementor-widget-container\">\n\t\t\t\t\t\t\t\t\t<p style=\"margin-bottom: 0cm;\" align=\"JUSTIFY\"><span style=\"font-family: Arial, serif;\">Todas nuestras soluciones siguen el ciclo de vida del software: Concepci\u00f3n, Elaboraci\u00f3n, Construcci\u00f3n y Transici\u00f3n.<\/span><\/p><p style=\"margin-bottom: 0cm;\" align=\"JUSTIFY\"><span style=\"font-family: Arial, serif;\">\u00a0<\/span><\/p><p style=\"margin-bottom: 0cm;\" align=\"JUSTIFY\"><span style=\"font-family: Arial, serif;\">Nuestra metodolog\u00eda de desarrollo atiende y satisface los requerimientos establecidos por los est\u00e1ndares internacionales:<\/span><\/p><p style=\"margin-bottom: 0cm;\" align=\"JUSTIFY\"><span style=\"font-family: Arial, serif;\">\u00a0<\/span><\/p><p style=\"margin-left: 1.25cm; margin-bottom: 0cm;\" align=\"JUSTIFY\"><span style=\"font-family: Arial, serif;\">ISO\/IEC 20000-1 Sistema de Gesti\u00f3n para Servicios de Tecnolog\u00edas de Informaci\u00f3n,<\/span><\/p><p style=\"margin-left: 1.25cm; margin-bottom: 0cm;\" align=\"JUSTIFY\"><span style=\"font-family: Arial, serif;\">\u00a0<\/span><\/p><p style=\"margin-left: 1.25cm; margin-bottom: 0cm;\" align=\"JUSTIFY\"><span style=\"font-family: Arial, serif;\">ISO\/IEC 27001Sistema de Gesti\u00f3n para la Seguridad de la Informaci\u00f3n y,<\/span><\/p><p>\u00a0<\/p><p style=\"margin-left: 1.25cm; margin-bottom: 0cm;\" align=\"JUSTIFY\"><span style=\"font-family: Arial, serif;\">PCAL 2211 Requisitos OTAN de Aseguramiento de la Calidad del Software.<\/span><\/p>\t\t\t\t\t\t\t\t<\/div>\n\t\t\t\t<\/div>\n\t\t\t\t\t<\/div>\n\t\t<\/div>\n\t\t\t\t\t<\/div>\n\t\t<\/section>\n\t\t\t\t<section class=\"elementor-section elementor-top-section elementor-element elementor-element-74bfa3d elementor-section-boxed elementor-section-height-default elementor-section-height-default\" data-id=\"74bfa3d\" data-element_type=\"section\" data-e-type=\"section\">\n\t\t\t\t\t\t<div class=\"elementor-container elementor-column-gap-default\">\n\t\t\t\t\t<div class=\"elementor-column elementor-col-100 elementor-top-column elementor-element elementor-element-ae89177\" data-id=\"ae89177\" data-element_type=\"column\" data-e-type=\"column\">\n\t\t\t<div class=\"elementor-widget-wrap elementor-element-populated\">\n\t\t\t\t\t\t<div class=\"elementor-element elementor-element-ad534ee elementor-widget elementor-widget-text-editor\" data-id=\"ad534ee\" data-element_type=\"widget\" data-e-type=\"widget\" data-widget_type=\"text-editor.default\">\n\t\t\t\t<div class=\"elementor-widget-container\">\n\t\t\t\t\t\t\t\t\t<p style=\"margin-bottom: 0cm;\" align=\"JUSTIFY\"><span style=\"font-family: Arial, serif;\"><span style=\"font-size: medium;\"><b>Nuestro portafolio de servicios incluye:<\/b><\/span><\/span><\/p>\t\t\t\t\t\t\t\t<\/div>\n\t\t\t\t<\/div>\n\t\t\t\t\t<\/div>\n\t\t<\/div>\n\t\t\t\t\t<\/div>\n\t\t<\/section>\n\t\t\t\t<section class=\"elementor-section elementor-top-section elementor-element elementor-element-95258f2 elementor-section-boxed elementor-section-height-default elementor-section-height-default\" data-id=\"95258f2\" data-element_type=\"section\" data-e-type=\"section\">\n\t\t\t\t\t\t<div class=\"elementor-container elementor-column-gap-default\">\n\t\t\t\t\t<div class=\"elementor-column elementor-col-100 elementor-top-column elementor-element elementor-element-84a01b7\" data-id=\"84a01b7\" data-element_type=\"column\" data-e-type=\"column\">\n\t\t\t<div class=\"elementor-widget-wrap elementor-element-populated\">\n\t\t\t\t\t\t<div class=\"elementor-element elementor-element-e07f23e elementor-widget elementor-widget-text-editor\" data-id=\"e07f23e\" data-element_type=\"widget\" data-e-type=\"widget\" data-widget_type=\"text-editor.default\">\n\t\t\t\t<div class=\"elementor-widget-container\">\n\t\t\t\t\t\t\t\t\t<ul><li><p style=\"margin-bottom: 0cm;\" align=\"JUSTIFY\"><span style=\"font-family: Arial, serif;\">Desarrollo de sistemas para terminales m\u00f3viles ( Datalogic, HandHeld, Motorola )<\/span><\/p><\/li><li><p style=\"margin-bottom: 0cm;\" align=\"JUSTIFY\"><span style=\"font-family: Arial, serif;\">Dise\u00f1o de Intranet y Extranet<\/span><\/p><\/li><li><p style=\"margin-bottom: 0cm;\" align=\"JUSTIFY\"><span style=\"font-family: Arial, serif;\">Soluciones e Integraciones B2B, B2C<\/span><\/p><\/li><li><p style=\"margin-bottom: 0cm;\" align=\"JUSTIFY\"><span style=\"font-family: Arial, serif;\">Desarrollos a la medida<\/span><\/p><\/li><li><p style=\"margin-bottom: 0cm;\" align=\"JUSTIFY\"><span style=\"font-family: Arial, serif;\">Automatizaci\u00f3n<\/span><\/p><\/li><li><p style=\"margin-bottom: 0cm;\" align=\"JUSTIFY\"><span style=\"font-family: Arial, serif;\">Sistemas para la gesti\u00f3n de producci\u00f3n y traceabilidad\u00a0<\/span><\/p><\/li><\/ul>\t\t\t\t\t\t\t\t<\/div>\n\t\t\t\t<\/div>\n\t\t\t\t\t<\/div>\n\t\t<\/div>\n\t\t\t\t\t<\/div>\n\t\t<\/section>\n\t\t\t\t<\/div>\n\t\t","protected":false},"excerpt":{"rendered":"<p>En GOLDEN TI trascendemos la actividad de programaci\u00f3n, que es el pilar fundamental a la hora [&hellip;]<\/p>\n","protected":false},"author":7,"featured_media":0,"parent":0,"menu_order":0,"comment_status":"closed","ping_status":"closed","template":"","meta":{"footnotes":""},"class_list":["post-15106","page","type-page","status-publish","hentry"],"yoast_head":"<!-- This site is optimized with the Yoast SEO plugin v27.1.1 - https:\/\/yoast.com\/product\/yoast-seo-wordpress\/ -->\n<title>Ingenier\u00eda de Software -<\/title>\n<meta name=\"robots\" content=\"index, follow, max-snippet:-1, max-image-preview:large, max-video-preview:-1\" \/>\n<link rel=\"canonical\" href=\"https:\/\/goldenti.com\/site\/ingenieria-de-software\/\" \/>\n<meta property=\"og:locale\" content=\"es_ES\" \/>\n<meta property=\"og:type\" content=\"article\" \/>\n<meta property=\"og:title\" content=\"Ingenier\u00eda de Software -\" \/>\n<meta property=\"og:description\" content=\"En GOLDEN TI trascendemos la actividad de programaci\u00f3n, que es el pilar fundamental a la hora [&hellip;]\" \/>\n<meta property=\"og:url\" content=\"https:\/\/goldenti.com\/site\/ingenieria-de-software\/\" \/>\n<meta property=\"article:modified_time\" content=\"2024-04-10T19:51:52+00:00\" \/>\n<meta property=\"og:image\" content=\"https:\/\/goldenti.com\/site\/wp-content\/uploads\/elementor\/thumbs\/ingenieria-de-software-1-osy8lxz4869yswkgfww18y9uk8bsiw875ovojylce8.jpg\" \/>\n<meta name=\"twitter:card\" content=\"summary_large_image\" \/>\n<meta name=\"twitter:label1\" content=\"Tiempo de lectura\" \/>\n\t<meta name=\"twitter:data1\" content=\"1 minuto\" \/>\n<script type=\"application\/ld+json\" class=\"yoast-schema-graph\">{\"@context\":\"https:\/\/schema.org\",\"@graph\":[{\"@type\":\"WebPage\",\"@id\":\"https:\/\/goldenti.com\/site\/ingenieria-de-software\/\",\"url\":\"https:\/\/goldenti.com\/site\/ingenieria-de-software\/\",\"name\":\"Ingenier\u00eda de Software -\",\"isPartOf\":{\"@id\":\"https:\/\/goldenti.com\/site\/#website\"},\"primaryImageOfPage\":{\"@id\":\"https:\/\/goldenti.com\/site\/ingenieria-de-software\/#primaryimage\"},\"image\":{\"@id\":\"https:\/\/goldenti.com\/site\/ingenieria-de-software\/#primaryimage\"},\"thumbnailUrl\":\"https:\/\/goldenti.com\/site\/wp-content\/uploads\/elementor\/thumbs\/ingenieria-de-software-1-osy8lxz4869yswkgfww18y9uk8bsiw875ovojylce8.jpg\",\"datePublished\":\"2015-09-18T18:47:06+00:00\",\"dateModified\":\"2024-04-10T19:51:52+00:00\",\"breadcrumb\":{\"@id\":\"https:\/\/goldenti.com\/site\/ingenieria-de-software\/#breadcrumb\"},\"inLanguage\":\"es\",\"potentialAction\":[{\"@type\":\"ReadAction\",\"target\":[\"https:\/\/goldenti.com\/site\/ingenieria-de-software\/\"]}]},{\"@type\":\"ImageObject\",\"inLanguage\":\"es\",\"@id\":\"https:\/\/goldenti.com\/site\/ingenieria-de-software\/#primaryimage\",\"url\":\"https:\/\/goldenti.com\/site\/wp-content\/uploads\/elementor\/thumbs\/ingenieria-de-software-1-osy8lxz4869yswkgfww18y9uk8bsiw875ovojylce8.jpg\",\"contentUrl\":\"https:\/\/goldenti.com\/site\/wp-content\/uploads\/elementor\/thumbs\/ingenieria-de-software-1-osy8lxz4869yswkgfww18y9uk8bsiw875ovojylce8.jpg\"},{\"@type\":\"BreadcrumbList\",\"@id\":\"https:\/\/goldenti.com\/site\/ingenieria-de-software\/#breadcrumb\",\"itemListElement\":[{\"@type\":\"ListItem\",\"position\":1,\"name\":\"Portada\",\"item\":\"https:\/\/goldenti.com\/site\/\"},{\"@type\":\"ListItem\",\"position\":2,\"name\":\"Ingenier\u00eda de Software\"}]},{\"@type\":\"WebSite\",\"@id\":\"https:\/\/goldenti.com\/site\/#website\",\"url\":\"https:\/\/goldenti.com\/site\/\",\"name\":\"\",\"description\":\"\",\"potentialAction\":[{\"@type\":\"SearchAction\",\"target\":{\"@type\":\"EntryPoint\",\"urlTemplate\":\"https:\/\/goldenti.com\/site\/?s={search_term_string}\"},\"query-input\":{\"@type\":\"PropertyValueSpecification\",\"valueRequired\":true,\"valueName\":\"search_term_string\"}}],\"inLanguage\":\"es\"}]}<\/script>\n<!-- \/ Yoast SEO plugin. -->","yoast_head_json":{"title":"Ingenier\u00eda de Software -","robots":{"index":"index","follow":"follow","max-snippet":"max-snippet:-1","max-image-preview":"max-image-preview:large","max-video-preview":"max-video-preview:-1"},"canonical":"https:\/\/goldenti.com\/site\/ingenieria-de-software\/","og_locale":"es_ES","og_type":"article","og_title":"Ingenier\u00eda de Software -","og_description":"En GOLDEN TI trascendemos la actividad de programaci\u00f3n, que es el pilar fundamental a la hora [&hellip;]","og_url":"https:\/\/goldenti.com\/site\/ingenieria-de-software\/","article_modified_time":"2024-04-10T19:51:52+00:00","og_image":[{"url":"https:\/\/goldenti.com\/site\/wp-content\/uploads\/elementor\/thumbs\/ingenieria-de-software-1-osy8lxz4869yswkgfww18y9uk8bsiw875ovojylce8.jpg","type":"","width":"","height":""}],"twitter_card":"summary_large_image","twitter_misc":{"Tiempo de lectura":"1 minuto"},"schema":{"@context":"https:\/\/schema.org","@graph":[{"@type":"WebPage","@id":"https:\/\/goldenti.com\/site\/ingenieria-de-software\/","url":"https:\/\/goldenti.com\/site\/ingenieria-de-software\/","name":"Ingenier\u00eda de Software -","isPartOf":{"@id":"https:\/\/goldenti.com\/site\/#website"},"primaryImageOfPage":{"@id":"https:\/\/goldenti.com\/site\/ingenieria-de-software\/#primaryimage"},"image":{"@id":"https:\/\/goldenti.com\/site\/ingenieria-de-software\/#primaryimage"},"thumbnailUrl":"https:\/\/goldenti.com\/site\/wp-content\/uploads\/elementor\/thumbs\/ingenieria-de-software-1-osy8lxz4869yswkgfww18y9uk8bsiw875ovojylce8.jpg","datePublished":"2015-09-18T18:47:06+00:00","dateModified":"2024-04-10T19:51:52+00:00","breadcrumb":{"@id":"https:\/\/goldenti.com\/site\/ingenieria-de-software\/#breadcrumb"},"inLanguage":"es","potentialAction":[{"@type":"ReadAction","target":["https:\/\/goldenti.com\/site\/ingenieria-de-software\/"]}]},{"@type":"ImageObject","inLanguage":"es","@id":"https:\/\/goldenti.com\/site\/ingenieria-de-software\/#primaryimage","url":"https:\/\/goldenti.com\/site\/wp-content\/uploads\/elementor\/thumbs\/ingenieria-de-software-1-osy8lxz4869yswkgfww18y9uk8bsiw875ovojylce8.jpg","contentUrl":"https:\/\/goldenti.com\/site\/wp-content\/uploads\/elementor\/thumbs\/ingenieria-de-software-1-osy8lxz4869yswkgfww18y9uk8bsiw875ovojylce8.jpg"},{"@type":"BreadcrumbList","@id":"https:\/\/goldenti.com\/site\/ingenieria-de-software\/#breadcrumb","itemListElement":[{"@type":"ListItem","position":1,"name":"Portada","item":"https:\/\/goldenti.com\/site\/"},{"@type":"ListItem","position":2,"name":"Ingenier\u00eda de Software"}]},{"@type":"WebSite","@id":"https:\/\/goldenti.com\/site\/#website","url":"https:\/\/goldenti.com\/site\/","name":"","description":"","potentialAction":[{"@type":"SearchAction","target":{"@type":"EntryPoint","urlTemplate":"https:\/\/goldenti.com\/site\/?s={search_term_string}"},"query-input":{"@type":"PropertyValueSpecification","valueRequired":true,"valueName":"search_term_string"}}],"inLanguage":"es"}]}},"_links":{"self":[{"href":"https:\/\/goldenti.com\/site\/wp-json\/wp\/v2\/pages\/15106","targetHints":{"allow":["GET"]}}],"collection":[{"href":"https:\/\/goldenti.com\/site\/wp-json\/wp\/v2\/pages"}],"about":[{"href":"https:\/\/goldenti.com\/site\/wp-json\/wp\/v2\/types\/page"}],"author":[{"embeddable":true,"href":"https:\/\/goldenti.com\/site\/wp-json\/wp\/v2\/users\/7"}],"replies":[{"embeddable":true,"href":"https:\/\/goldenti.com\/site\/wp-json\/wp\/v2\/comments?post=15106"}],"version-history":[{"count":10,"href":"https:\/\/goldenti.com\/site\/wp-json\/wp\/v2\/pages\/15106\/revisions"}],"predecessor-version":[{"id":30493,"href":"https:\/\/goldenti.com\/site\/wp-json\/wp\/v2\/pages\/15106\/revisions\/30493"}],"wp:attachment":[{"href":"https:\/\/goldenti.com\/site\/wp-json\/wp\/v2\/media?parent=15106"}],"curies":[{"name":"wp","href":"https:\/\/api.w.org\/{rel}","templated":true}]}}