{"id":22333,"date":"2019-03-09T07:53:43","date_gmt":"2019-03-09T13:53:43","guid":{"rendered":"http:\/\/goldenti.com\/site\/?page_id=22333"},"modified":"2020-06-03T18:43:51","modified_gmt":"2020-06-04T00:43:51","slug":"inicio","status":"publish","type":"page","link":"https:\/\/goldenti.com\/site\/inicio\/","title":{"rendered":"Inicio"},"content":{"rendered":"\n<figure class=\"wp-block-gallery alignwide columns-1 is-cropped wp-block-gallery-1 is-layout-flex wp-block-gallery-is-layout-flex\"><ul class=\"blocks-gallery-grid\"><li class=\"blocks-gallery-item\"><figure><img fetchpriority=\"high\" decoding=\"async\" width=\"1024\" height=\"576\" src=\"http:\/\/goldenti.com\/site\/wp-content\/uploads\/2019\/03\/Wallpaper-14-1024x576.png\" alt=\"\" data-id=\"22407\" data-link=\"http:\/\/goldenti.com\/site\/inicio\/wallpaper-14\/\" class=\"wp-image-22407\" srcset=\"https:\/\/goldenti.com\/site\/wp-content\/uploads\/2019\/03\/Wallpaper-14-1024x576.png 1024w, https:\/\/goldenti.com\/site\/wp-content\/uploads\/2019\/03\/Wallpaper-14-300x169.png 300w, https:\/\/goldenti.com\/site\/wp-content\/uploads\/2019\/03\/Wallpaper-14-768x432.png 768w, https:\/\/goldenti.com\/site\/wp-content\/uploads\/2019\/03\/Wallpaper-14.png 1920w\" sizes=\"(max-width: 1024px) 100vw, 1024px\" \/><\/figure><\/li><\/ul><\/figure>\n\n\n\n<p><\/p>\n\n\n\n<hr class=\"wp-block-separator\"\/>\n\n\n\n<strong>Misi\u00f3n<\/strong> \n<p>Ser la empresa consultora l\u00edder en generaci\u00f3n de valor de negocios.<\/p>\n\n\n\n<hr class=\"wp-block-separator\"\/>\n\n\n\n<strong>Visi\u00f3n<\/strong> \n\n<p>\nProporcionar servicios de consultor\u00eda, capacitaci\u00f3n y\ntecnolog\u00edas de informaci\u00f3n que:      <br \/>                                                                              \n-Generen valor agregado a los negocios de nuestros clientes.<br \/>\n-Habiliten a nuestros clientes a incrementar su<br \/>\nrentabilidad, competitividad y sustentabilidad.<br \/>\n-Sean flexibles, innovadores y de vanguardia<br \/>\n\n<\/p>\n\n\n\n<hr class=\"wp-block-separator\"\/>\n\n\n\n<strong>Pol\u00edtica de Calidad<\/strong>\n<p>\nBuscar la creaci\u00f3n de valor de negocio en todas las\nactividades de consultor\u00eda, desarrollo de\ncompetencias y TIC (tecnolog\u00edas de informaci\u00f3n y\ncomunicaciones) que desarrollamos. <br \/>\nProporcionar a nuestros clientes la m\u00e1xima calidad,\nel mejor servicio y el m\u00e1s elevado valor de negocios.\nEstablecer relaciones de largo plazo con nuestros\nclientes a trav\u00e9s de relaciones de negocios\ntransparentes, integras, \u00e9ticas y confiables.\n<\/p>\n\n\n\n<hr class=\"wp-block-separator\"\/>\n","protected":false},"excerpt":{"rendered":"<p>Misi\u00f3n Ser la empresa consultora l\u00edder en generaci\u00f3n de valor de negocios. Visi\u00f3n Proporcionar servicios de [&hellip;]<\/p>\n","protected":false},"author":1,"featured_media":0,"parent":0,"menu_order":0,"comment_status":"closed","ping_status":"closed","template":"","meta":{"footnotes":""},"class_list":["post-22333","page","type-page","status-publish","hentry"],"yoast_head":"<!-- This site is optimized with the Yoast SEO plugin v27.1.1 - https:\/\/yoast.com\/product\/yoast-seo-wordpress\/ -->\n<title>Inicio -<\/title>\n<meta name=\"robots\" content=\"index, follow, max-snippet:-1, max-image-preview:large, max-video-preview:-1\" \/>\n<link rel=\"canonical\" href=\"https:\/\/goldenti.com\/site\/inicio\/\" \/>\n<meta property=\"og:locale\" content=\"es_ES\" \/>\n<meta property=\"og:type\" content=\"article\" \/>\n<meta property=\"og:title\" content=\"Inicio -\" \/>\n<meta property=\"og:description\" content=\"Misi\u00f3n Ser la empresa consultora l\u00edder en generaci\u00f3n de valor de negocios. Visi\u00f3n Proporcionar servicios de [&hellip;]\" \/>\n<meta property=\"og:url\" content=\"https:\/\/goldenti.com\/site\/inicio\/\" \/>\n<meta property=\"article:modified_time\" content=\"2020-06-04T00:43:51+00:00\" \/>\n<meta property=\"og:image\" content=\"http:\/\/goldenti.com\/site\/wp-content\/uploads\/2019\/03\/Wallpaper-14-1024x576.png\" \/>\n<meta name=\"twitter:card\" content=\"summary_large_image\" \/>\n<meta name=\"twitter:label1\" content=\"Tiempo de lectura\" \/>\n\t<meta name=\"twitter:data1\" content=\"1 minuto\" \/>\n<script type=\"application\/ld+json\" class=\"yoast-schema-graph\">{\"@context\":\"https:\/\/schema.org\",\"@graph\":[{\"@type\":\"WebPage\",\"@id\":\"https:\/\/goldenti.com\/site\/inicio\/\",\"url\":\"https:\/\/goldenti.com\/site\/inicio\/\",\"name\":\"Inicio -\",\"isPartOf\":{\"@id\":\"https:\/\/goldenti.com\/site\/#website\"},\"primaryImageOfPage\":{\"@id\":\"https:\/\/goldenti.com\/site\/inicio\/#primaryimage\"},\"image\":{\"@id\":\"https:\/\/goldenti.com\/site\/inicio\/#primaryimage\"},\"thumbnailUrl\":\"http:\/\/goldenti.com\/site\/wp-content\/uploads\/2019\/03\/Wallpaper-14-1024x576.png\",\"datePublished\":\"2019-03-09T13:53:43+00:00\",\"dateModified\":\"2020-06-04T00:43:51+00:00\",\"breadcrumb\":{\"@id\":\"https:\/\/goldenti.com\/site\/inicio\/#breadcrumb\"},\"inLanguage\":\"es\",\"potentialAction\":[{\"@type\":\"ReadAction\",\"target\":[\"https:\/\/goldenti.com\/site\/inicio\/\"]}]},{\"@type\":\"ImageObject\",\"inLanguage\":\"es\",\"@id\":\"https:\/\/goldenti.com\/site\/inicio\/#primaryimage\",\"url\":\"http:\/\/goldenti.com\/site\/wp-content\/uploads\/2019\/03\/Wallpaper-14-1024x576.png\",\"contentUrl\":\"http:\/\/goldenti.com\/site\/wp-content\/uploads\/2019\/03\/Wallpaper-14-1024x576.png\"},{\"@type\":\"BreadcrumbList\",\"@id\":\"https:\/\/goldenti.com\/site\/inicio\/#breadcrumb\",\"itemListElement\":[{\"@type\":\"ListItem\",\"position\":1,\"name\":\"Portada\",\"item\":\"https:\/\/goldenti.com\/site\/\"},{\"@type\":\"ListItem\",\"position\":2,\"name\":\"Inicio\"}]},{\"@type\":\"WebSite\",\"@id\":\"https:\/\/goldenti.com\/site\/#website\",\"url\":\"https:\/\/goldenti.com\/site\/\",\"name\":\"\",\"description\":\"\",\"potentialAction\":[{\"@type\":\"SearchAction\",\"target\":{\"@type\":\"EntryPoint\",\"urlTemplate\":\"https:\/\/goldenti.com\/site\/?s={search_term_string}\"},\"query-input\":{\"@type\":\"PropertyValueSpecification\",\"valueRequired\":true,\"valueName\":\"search_term_string\"}}],\"inLanguage\":\"es\"}]}<\/script>\n<!-- \/ Yoast SEO plugin. -->","yoast_head_json":{"title":"Inicio -","robots":{"index":"index","follow":"follow","max-snippet":"max-snippet:-1","max-image-preview":"max-image-preview:large","max-video-preview":"max-video-preview:-1"},"canonical":"https:\/\/goldenti.com\/site\/inicio\/","og_locale":"es_ES","og_type":"article","og_title":"Inicio -","og_description":"Misi\u00f3n Ser la empresa consultora l\u00edder en generaci\u00f3n de valor de negocios. Visi\u00f3n Proporcionar servicios de [&hellip;]","og_url":"https:\/\/goldenti.com\/site\/inicio\/","article_modified_time":"2020-06-04T00:43:51+00:00","og_image":[{"url":"http:\/\/goldenti.com\/site\/wp-content\/uploads\/2019\/03\/Wallpaper-14-1024x576.png","type":"","width":"","height":""}],"twitter_card":"summary_large_image","twitter_misc":{"Tiempo de lectura":"1 minuto"},"schema":{"@context":"https:\/\/schema.org","@graph":[{"@type":"WebPage","@id":"https:\/\/goldenti.com\/site\/inicio\/","url":"https:\/\/goldenti.com\/site\/inicio\/","name":"Inicio -","isPartOf":{"@id":"https:\/\/goldenti.com\/site\/#website"},"primaryImageOfPage":{"@id":"https:\/\/goldenti.com\/site\/inicio\/#primaryimage"},"image":{"@id":"https:\/\/goldenti.com\/site\/inicio\/#primaryimage"},"thumbnailUrl":"http:\/\/goldenti.com\/site\/wp-content\/uploads\/2019\/03\/Wallpaper-14-1024x576.png","datePublished":"2019-03-09T13:53:43+00:00","dateModified":"2020-06-04T00:43:51+00:00","breadcrumb":{"@id":"https:\/\/goldenti.com\/site\/inicio\/#breadcrumb"},"inLanguage":"es","potentialAction":[{"@type":"ReadAction","target":["https:\/\/goldenti.com\/site\/inicio\/"]}]},{"@type":"ImageObject","inLanguage":"es","@id":"https:\/\/goldenti.com\/site\/inicio\/#primaryimage","url":"http:\/\/goldenti.com\/site\/wp-content\/uploads\/2019\/03\/Wallpaper-14-1024x576.png","contentUrl":"http:\/\/goldenti.com\/site\/wp-content\/uploads\/2019\/03\/Wallpaper-14-1024x576.png"},{"@type":"BreadcrumbList","@id":"https:\/\/goldenti.com\/site\/inicio\/#breadcrumb","itemListElement":[{"@type":"ListItem","position":1,"name":"Portada","item":"https:\/\/goldenti.com\/site\/"},{"@type":"ListItem","position":2,"name":"Inicio"}]},{"@type":"WebSite","@id":"https:\/\/goldenti.com\/site\/#website","url":"https:\/\/goldenti.com\/site\/","name":"","description":"","potentialAction":[{"@type":"SearchAction","target":{"@type":"EntryPoint","urlTemplate":"https:\/\/goldenti.com\/site\/?s={search_term_string}"},"query-input":{"@type":"PropertyValueSpecification","valueRequired":true,"valueName":"search_term_string"}}],"inLanguage":"es"}]}},"_links":{"self":[{"href":"https:\/\/goldenti.com\/site\/wp-json\/wp\/v2\/pages\/22333","targetHints":{"allow":["GET"]}}],"collection":[{"href":"https:\/\/goldenti.com\/site\/wp-json\/wp\/v2\/pages"}],"about":[{"href":"https:\/\/goldenti.com\/site\/wp-json\/wp\/v2\/types\/page"}],"author":[{"embeddable":true,"href":"https:\/\/goldenti.com\/site\/wp-json\/wp\/v2\/users\/1"}],"replies":[{"embeddable":true,"href":"https:\/\/goldenti.com\/site\/wp-json\/wp\/v2\/comments?post=22333"}],"version-history":[{"count":22,"href":"https:\/\/goldenti.com\/site\/wp-json\/wp\/v2\/pages\/22333\/revisions"}],"predecessor-version":[{"id":23674,"href":"https:\/\/goldenti.com\/site\/wp-json\/wp\/v2\/pages\/22333\/revisions\/23674"}],"wp:attachment":[{"href":"https:\/\/goldenti.com\/site\/wp-json\/wp\/v2\/media?parent=22333"}],"curies":[{"name":"wp","href":"https:\/\/api.w.org\/{rel}","templated":true}]}}