{"id":24024,"date":"2020-07-21T12:19:37","date_gmt":"2020-07-21T18:19:37","guid":{"rendered":"https:\/\/goldenti.com\/site\/?page_id=24024"},"modified":"2020-07-21T12:19:39","modified_gmt":"2020-07-21T18:19:39","slug":"iso-54001","status":"publish","type":"page","link":"https:\/\/goldenti.com\/site\/iso-54001\/","title":{"rendered":"ISO 54001"},"content":{"rendered":"\n<p><strong>\u00bfQu\u00e9 es ISO 54001?<\/strong><\/p>\n\n\n\n<p>Es la norma de sistemas de gesti\u00f3n de la calidad espec\u00edfico para las organizaciones que realizan procesos electorales, y se basa en la norma internacional de gesti\u00f3n de calidad ISO 9001:2015 y sustituye a la norma ISO\/TS 17582. Este est\u00e1ndar fue desarrollado por Organizaci\u00f3n de Estados Americanos (OEA) y para su certificaci\u00f3n la OEA creo el International Electoral Accreditation Body (IEAB)<\/p>\n\n\n\n<p>El objetivo de esta norma ISO 54001 es el desarrollo de un sistema de gesti\u00f3n de calidad que haga hincapi\u00e9 en el fortalecimiento de los procesos electorales a trav\u00e9s del aseguramiento de los siguientes ocho procesos electorales:<\/p>\n\n\n\n<ol class=\"wp-block-list\"><li>Registro de los votantes<\/li><li>Registro de las organizaciones pol\u00edticas y de los candidatos<\/li><li>Log\u00edstica electoral<\/li><li>Sufragio<\/li><li>Escrutinio y declaraci\u00f3n de los resultados<\/li><li>Educaci\u00f3n electoral<\/li><li>Fiscalizaci\u00f3n del financiamiento pol\u00edtico<\/li><li>Resoluci\u00f3n de disputas electorales<\/li><\/ol>\n\n\n\n<p><strong>\u00bfQui\u00e9n puede aplicar ISO 54001?<\/strong><\/p>\n\n\n\n<p>La norma ISO 54001 es relevante para todo tipo de organizaciones que desarrollen procesos electorales internos o p\u00fablicos, ,locales, regionales, nacionales o mundiales as\u00ed como resoluci\u00f3n legal de disputas electorales.<\/p>\n\n\n\n<p><strong>\u00bfPor qu\u00e9 es importante ISO 54001?<\/strong><\/p>\n\n\n\n<p>Crea el marco adecuado para un sistema de gesti\u00f3n de calidad electoral que ayuda a que las organizaciones provean unos servicios electorales m\u00e1s transparentes y confiables. Lo cual se traduce en un fortalecimiento de la democracia y garant\u00eda de que los derechos de los ciudadanos son salvaguardados por procedimientos certificados.<\/p>\n\n\n\n<p>ISO 54001 especifica el \u201cque\u201d, pero no el \u201ccomo\u201d implementar un sistema de gesti\u00f3n de calidad electoral. El marco establecido tiene la intenci\u00f3n explicita de producir un est\u00e1ndar que se adapte a cualquier entorno legal y se trata de un sistema suficientemente gen\u00e9rico como para ser aplicado a cualquier sistema democr\u00e1tico pol\u00edtico u organismo electoral.<\/p>\n\n\n\n<p><strong>Beneficios de ISO 54001<\/strong><\/p>\n\n\n\n<ul class=\"wp-block-list\"><li>Proporciona un modelo para el dise\u00f1o de un sistema de gesti\u00f3n de calidad eficaz que permita a un \u00f3rgano electoral u organizaci\u00f3n el prestar servicios electorales que cumplan mejor las expectativas de los votantes, candidatos y organizaciones pol\u00edticas.<\/li><li>Mejora y fortalece los procesos electorales para registrar a los ciudadanos que puedan ir a votar, as\u00ed como tener el registro de los organismos pol\u00edticos y candidatos que se vayan a postular en el proceso electoral.<\/li><li>Contar con la planificaci\u00f3n y organizaci\u00f3n estricta de la log\u00edstica para asegurar el \u00e9xito del proceso electoral, adem\u00e1s de demostrar por medio de evidencias documentadas la fiabilidad del voto de cada elector.<\/li><li>Establecer un proceso de informaci\u00f3n, sensibilizaci\u00f3n y capacitaci\u00f3n de votantes, organizaciones pol\u00edticas y candidatos respecto al proceso electoral, al igual que un registro de participaci\u00f3n.<\/li><li>Cumplir con el marco legal para la financiaci\u00f3n de las campa\u00f1as, de manera que se garantice su cumplimiento en cuanto a la elecci\u00f3n de la financiaci\u00f3n, el seguimiento de los gastos y la accesibilidad a los medios de comunicaci\u00f3n.<\/li><li>Crear canales adecuados y legales para la gesti\u00f3n de cualquier queja recibida o generada por el proceso electoral, a trav\u00e9s de un procedimiento transparente, eficaz y resolutivo.<\/li><\/ul>\n\n\n\n<p>En Golden TI desarrollamos un metodolog\u00eda de implementaci\u00f3n r\u00e1pida y efectiva que habilita a los procesos de negocio a satisfacer los requerimientos de la norma ISO 54001, y ofrecemos cursos de interpretaci\u00f3n de los requerimientos de la norma ISO 9001 e ISO 54001 en conjunto.<\/p>\n\n\n\n<p>No dude en contactarnos. Estamos a su disposici\u00f3n para ofrecerle nuestros comentarios, gu\u00eda y soporte.<\/p>\n","protected":false},"excerpt":{"rendered":"<p>\u00bfQu\u00e9 es ISO 54001? Es la norma de sistemas de gesti\u00f3n de la calidad espec\u00edfico para [&hellip;]<\/p>\n","protected":false},"author":7,"featured_media":0,"parent":0,"menu_order":0,"comment_status":"closed","ping_status":"closed","template":"","meta":{"footnotes":""},"class_list":["post-24024","page","type-page","status-publish","hentry"],"yoast_head":"<!-- This site is optimized with the Yoast SEO plugin v27.1.1 - https:\/\/yoast.com\/product\/yoast-seo-wordpress\/ -->\n<title>ISO 54001 -<\/title>\n<meta name=\"robots\" content=\"index, follow, max-snippet:-1, max-image-preview:large, max-video-preview:-1\" \/>\n<link rel=\"canonical\" href=\"https:\/\/goldenti.com\/site\/iso-54001\/\" \/>\n<meta property=\"og:locale\" content=\"es_ES\" \/>\n<meta property=\"og:type\" content=\"article\" \/>\n<meta property=\"og:title\" content=\"ISO 54001 -\" \/>\n<meta property=\"og:description\" content=\"\u00bfQu\u00e9 es ISO 54001? Es la norma de sistemas de gesti\u00f3n de la calidad espec\u00edfico para [&hellip;]\" \/>\n<meta property=\"og:url\" content=\"https:\/\/goldenti.com\/site\/iso-54001\/\" \/>\n<meta property=\"article:modified_time\" content=\"2020-07-21T18:19:39+00:00\" \/>\n<meta name=\"twitter:card\" content=\"summary_large_image\" \/>\n<meta name=\"twitter:label1\" content=\"Tiempo de lectura\" \/>\n\t<meta name=\"twitter:data1\" content=\"3 minutos\" \/>\n<script type=\"application\/ld+json\" class=\"yoast-schema-graph\">{\"@context\":\"https:\/\/schema.org\",\"@graph\":[{\"@type\":\"WebPage\",\"@id\":\"https:\/\/goldenti.com\/site\/iso-54001\/\",\"url\":\"https:\/\/goldenti.com\/site\/iso-54001\/\",\"name\":\"ISO 54001 -\",\"isPartOf\":{\"@id\":\"https:\/\/goldenti.com\/site\/#website\"},\"datePublished\":\"2020-07-21T18:19:37+00:00\",\"dateModified\":\"2020-07-21T18:19:39+00:00\",\"breadcrumb\":{\"@id\":\"https:\/\/goldenti.com\/site\/iso-54001\/#breadcrumb\"},\"inLanguage\":\"es\",\"potentialAction\":[{\"@type\":\"ReadAction\",\"target\":[\"https:\/\/goldenti.com\/site\/iso-54001\/\"]}]},{\"@type\":\"BreadcrumbList\",\"@id\":\"https:\/\/goldenti.com\/site\/iso-54001\/#breadcrumb\",\"itemListElement\":[{\"@type\":\"ListItem\",\"position\":1,\"name\":\"Portada\",\"item\":\"https:\/\/goldenti.com\/site\/\"},{\"@type\":\"ListItem\",\"position\":2,\"name\":\"ISO 54001\"}]},{\"@type\":\"WebSite\",\"@id\":\"https:\/\/goldenti.com\/site\/#website\",\"url\":\"https:\/\/goldenti.com\/site\/\",\"name\":\"\",\"description\":\"\",\"potentialAction\":[{\"@type\":\"SearchAction\",\"target\":{\"@type\":\"EntryPoint\",\"urlTemplate\":\"https:\/\/goldenti.com\/site\/?s={search_term_string}\"},\"query-input\":{\"@type\":\"PropertyValueSpecification\",\"valueRequired\":true,\"valueName\":\"search_term_string\"}}],\"inLanguage\":\"es\"}]}<\/script>\n<!-- \/ Yoast SEO plugin. -->","yoast_head_json":{"title":"ISO 54001 -","robots":{"index":"index","follow":"follow","max-snippet":"max-snippet:-1","max-image-preview":"max-image-preview:large","max-video-preview":"max-video-preview:-1"},"canonical":"https:\/\/goldenti.com\/site\/iso-54001\/","og_locale":"es_ES","og_type":"article","og_title":"ISO 54001 -","og_description":"\u00bfQu\u00e9 es ISO 54001? Es la norma de sistemas de gesti\u00f3n de la calidad espec\u00edfico para [&hellip;]","og_url":"https:\/\/goldenti.com\/site\/iso-54001\/","article_modified_time":"2020-07-21T18:19:39+00:00","twitter_card":"summary_large_image","twitter_misc":{"Tiempo de lectura":"3 minutos"},"schema":{"@context":"https:\/\/schema.org","@graph":[{"@type":"WebPage","@id":"https:\/\/goldenti.com\/site\/iso-54001\/","url":"https:\/\/goldenti.com\/site\/iso-54001\/","name":"ISO 54001 -","isPartOf":{"@id":"https:\/\/goldenti.com\/site\/#website"},"datePublished":"2020-07-21T18:19:37+00:00","dateModified":"2020-07-21T18:19:39+00:00","breadcrumb":{"@id":"https:\/\/goldenti.com\/site\/iso-54001\/#breadcrumb"},"inLanguage":"es","potentialAction":[{"@type":"ReadAction","target":["https:\/\/goldenti.com\/site\/iso-54001\/"]}]},{"@type":"BreadcrumbList","@id":"https:\/\/goldenti.com\/site\/iso-54001\/#breadcrumb","itemListElement":[{"@type":"ListItem","position":1,"name":"Portada","item":"https:\/\/goldenti.com\/site\/"},{"@type":"ListItem","position":2,"name":"ISO 54001"}]},{"@type":"WebSite","@id":"https:\/\/goldenti.com\/site\/#website","url":"https:\/\/goldenti.com\/site\/","name":"","description":"","potentialAction":[{"@type":"SearchAction","target":{"@type":"EntryPoint","urlTemplate":"https:\/\/goldenti.com\/site\/?s={search_term_string}"},"query-input":{"@type":"PropertyValueSpecification","valueRequired":true,"valueName":"search_term_string"}}],"inLanguage":"es"}]}},"_links":{"self":[{"href":"https:\/\/goldenti.com\/site\/wp-json\/wp\/v2\/pages\/24024","targetHints":{"allow":["GET"]}}],"collection":[{"href":"https:\/\/goldenti.com\/site\/wp-json\/wp\/v2\/pages"}],"about":[{"href":"https:\/\/goldenti.com\/site\/wp-json\/wp\/v2\/types\/page"}],"author":[{"embeddable":true,"href":"https:\/\/goldenti.com\/site\/wp-json\/wp\/v2\/users\/7"}],"replies":[{"embeddable":true,"href":"https:\/\/goldenti.com\/site\/wp-json\/wp\/v2\/comments?post=24024"}],"version-history":[{"count":1,"href":"https:\/\/goldenti.com\/site\/wp-json\/wp\/v2\/pages\/24024\/revisions"}],"predecessor-version":[{"id":24026,"href":"https:\/\/goldenti.com\/site\/wp-json\/wp\/v2\/pages\/24024\/revisions\/24026"}],"wp:attachment":[{"href":"https:\/\/goldenti.com\/site\/wp-json\/wp\/v2\/media?parent=24024"}],"curies":[{"name":"wp","href":"https:\/\/api.w.org\/{rel}","templated":true}]}}