{"id":24028,"date":"2020-07-21T12:29:44","date_gmt":"2020-07-21T18:29:44","guid":{"rendered":"https:\/\/goldenti.com\/site\/?page_id=24028"},"modified":"2020-07-21T12:29:46","modified_gmt":"2020-07-21T18:29:46","slug":"iatf-16949","status":"publish","type":"page","link":"https:\/\/goldenti.com\/site\/iatf-16949\/","title":{"rendered":"IATF 16949"},"content":{"rendered":"\n<p><strong>\u00bfQu\u00e9 es IATF 16949:2016?<\/strong><\/p>\n\n\n\n<p>La norma IATF 16949 sustituye a una de las normas m\u00e1s utilizadas en el sector de la Automoci\u00f3n, la ISO\/TS 16949, una norma t\u00e9cnica espec\u00edfica para la gesti\u00f3n de la calidad en el sector de la automoci\u00f3n que fue desarrollada en el 1999 por la IATF (International Automotive Task Force) en colaboraci\u00f3n con un comit\u00e9 de ISO para la gesti\u00f3n de la calidad, el ISO\/TC 176.<\/p>\n\n\n\n<p>Desde entonces, es uno de los est\u00e1ndares m\u00e1s utilizados a nivel internacional, consiguiendo el ambicioso objetivo de armonizar y unificar los numerosos sistemas de evaluaci\u00f3n y certificaci\u00f3n de la cadena de suministro automotriz. En octubre de 2016 la International Automotive Task Force (IATF) ha publicado la nueva norma IATF 16949:2016, en sustituci\u00f3n a la ISO\/TS 16949, redefiniendo los requisitos necesarios para obtener la certificaci\u00f3n del sistema de gesti\u00f3n para la calidad en el sector de Automoci\u00f3n.<\/p>\n\n\n\n<p>IATF 16949 se basa en la norma de gesti\u00f3n de la calidad ISO 9001:2015, con requisitos espec\u00edficos para la industria del autom\u00f3vil.<\/p>\n\n\n\n<p><strong>Beneficios de la certificaci\u00f3n IATF 16949:<\/strong><\/p>\n\n\n\n<ul class=\"wp-block-list\"><li>Incrementa la eficacia de los procesos con enfoque en los requerimientos de la industria automotriz.<\/li><li>Fomenta la Mejora continua<\/li><li>Busca un aumento constante en la satisfacci\u00f3n del cliente.<\/li><li>Identificaci\u00f3n y prevenci\u00f3n de riesgos y errores en la cadena de suministro automotriz.<\/li><li>Mayor integraci\u00f3n con otros sistemas de gesti\u00f3n.<\/li><\/ul>\n\n\n\n<p><strong>Requisitos m\u00e1s relevantes de IATF 16949:<\/strong><\/p>\n\n\n\n<p>La norma IATF 16949 incluye requisitos para identificar, comunicar y controlar todos los aspectos relacionados con la seguridad de los productos y de los procesos, en todas las etapas de la fabricaci\u00f3n.<\/p>\n\n\n\n<p>Se incorporan requisitos de responsabilidad corporativa que incluyan como m\u00ednimo pol\u00edticas antisoborno, entre otros.<\/p>\n\n\n\n<ul class=\"wp-block-list\"><li>Nueva visi\u00f3n de pensamiento basado en riesgos.<\/li><li>Se incluyen requisitos para productos con software incorporado.<\/li><li>Mejora de los requisitos de trazabilidad.<\/li><li>Procesos de gesti\u00f3n de garant\u00eda, tambi\u00e9n en t\u00e9rminos de NTF (no-Trouble Found) y el uso de las directrices de la industria del autom\u00f3vil<\/li><\/ul>\n\n\n\n<p>En Golden TI desarrollamos un metodolog\u00eda de implementaci\u00f3n r\u00e1pida y efectiva que habilita a los procesos de negocio a satisfacer los requerimientos de la industria automotriz en un corto tiempo.<\/p>\n\n\n\n<p>As\u00ed tambi\u00e9n ofrecemos cursos de interpretaci\u00f3n de los requerimientos de la norma ISO 9001 e IATF 16949 en conjunto.<\/p>\n\n\n\n<p>No dude en contactarnos. Estamos a su disposici\u00f3n para ofrecerle nuestros comentarios, gu\u00eda y soporte.<\/p>\n","protected":false},"excerpt":{"rendered":"<p>\u00bfQu\u00e9 es IATF 16949:2016? La norma IATF 16949 sustituye a una de las normas m\u00e1s utilizadas [&hellip;]<\/p>\n","protected":false},"author":7,"featured_media":0,"parent":0,"menu_order":0,"comment_status":"closed","ping_status":"closed","template":"","meta":{"footnotes":""},"class_list":["post-24028","page","type-page","status-publish","hentry"],"yoast_head":"<!-- This site is optimized with the Yoast SEO plugin v27.1.1 - https:\/\/yoast.com\/product\/yoast-seo-wordpress\/ -->\n<title>IATF 16949 -<\/title>\n<meta name=\"robots\" content=\"index, follow, max-snippet:-1, max-image-preview:large, max-video-preview:-1\" \/>\n<link rel=\"canonical\" href=\"https:\/\/goldenti.com\/site\/iatf-16949\/\" \/>\n<meta property=\"og:locale\" content=\"es_ES\" \/>\n<meta property=\"og:type\" content=\"article\" \/>\n<meta property=\"og:title\" content=\"IATF 16949 -\" \/>\n<meta property=\"og:description\" content=\"\u00bfQu\u00e9 es IATF 16949:2016? La norma IATF 16949 sustituye a una de las normas m\u00e1s utilizadas [&hellip;]\" \/>\n<meta property=\"og:url\" content=\"https:\/\/goldenti.com\/site\/iatf-16949\/\" \/>\n<meta property=\"article:modified_time\" content=\"2020-07-21T18:29:46+00:00\" \/>\n<meta name=\"twitter:card\" content=\"summary_large_image\" \/>\n<meta name=\"twitter:label1\" content=\"Tiempo de lectura\" \/>\n\t<meta name=\"twitter:data1\" content=\"2 minutos\" \/>\n<script type=\"application\/ld+json\" class=\"yoast-schema-graph\">{\"@context\":\"https:\/\/schema.org\",\"@graph\":[{\"@type\":\"WebPage\",\"@id\":\"https:\/\/goldenti.com\/site\/iatf-16949\/\",\"url\":\"https:\/\/goldenti.com\/site\/iatf-16949\/\",\"name\":\"IATF 16949 -\",\"isPartOf\":{\"@id\":\"https:\/\/goldenti.com\/site\/#website\"},\"datePublished\":\"2020-07-21T18:29:44+00:00\",\"dateModified\":\"2020-07-21T18:29:46+00:00\",\"breadcrumb\":{\"@id\":\"https:\/\/goldenti.com\/site\/iatf-16949\/#breadcrumb\"},\"inLanguage\":\"es\",\"potentialAction\":[{\"@type\":\"ReadAction\",\"target\":[\"https:\/\/goldenti.com\/site\/iatf-16949\/\"]}]},{\"@type\":\"BreadcrumbList\",\"@id\":\"https:\/\/goldenti.com\/site\/iatf-16949\/#breadcrumb\",\"itemListElement\":[{\"@type\":\"ListItem\",\"position\":1,\"name\":\"Portada\",\"item\":\"https:\/\/goldenti.com\/site\/\"},{\"@type\":\"ListItem\",\"position\":2,\"name\":\"IATF 16949\"}]},{\"@type\":\"WebSite\",\"@id\":\"https:\/\/goldenti.com\/site\/#website\",\"url\":\"https:\/\/goldenti.com\/site\/\",\"name\":\"\",\"description\":\"\",\"potentialAction\":[{\"@type\":\"SearchAction\",\"target\":{\"@type\":\"EntryPoint\",\"urlTemplate\":\"https:\/\/goldenti.com\/site\/?s={search_term_string}\"},\"query-input\":{\"@type\":\"PropertyValueSpecification\",\"valueRequired\":true,\"valueName\":\"search_term_string\"}}],\"inLanguage\":\"es\"}]}<\/script>\n<!-- \/ Yoast SEO plugin. -->","yoast_head_json":{"title":"IATF 16949 -","robots":{"index":"index","follow":"follow","max-snippet":"max-snippet:-1","max-image-preview":"max-image-preview:large","max-video-preview":"max-video-preview:-1"},"canonical":"https:\/\/goldenti.com\/site\/iatf-16949\/","og_locale":"es_ES","og_type":"article","og_title":"IATF 16949 -","og_description":"\u00bfQu\u00e9 es IATF 16949:2016? La norma IATF 16949 sustituye a una de las normas m\u00e1s utilizadas [&hellip;]","og_url":"https:\/\/goldenti.com\/site\/iatf-16949\/","article_modified_time":"2020-07-21T18:29:46+00:00","twitter_card":"summary_large_image","twitter_misc":{"Tiempo de lectura":"2 minutos"},"schema":{"@context":"https:\/\/schema.org","@graph":[{"@type":"WebPage","@id":"https:\/\/goldenti.com\/site\/iatf-16949\/","url":"https:\/\/goldenti.com\/site\/iatf-16949\/","name":"IATF 16949 -","isPartOf":{"@id":"https:\/\/goldenti.com\/site\/#website"},"datePublished":"2020-07-21T18:29:44+00:00","dateModified":"2020-07-21T18:29:46+00:00","breadcrumb":{"@id":"https:\/\/goldenti.com\/site\/iatf-16949\/#breadcrumb"},"inLanguage":"es","potentialAction":[{"@type":"ReadAction","target":["https:\/\/goldenti.com\/site\/iatf-16949\/"]}]},{"@type":"BreadcrumbList","@id":"https:\/\/goldenti.com\/site\/iatf-16949\/#breadcrumb","itemListElement":[{"@type":"ListItem","position":1,"name":"Portada","item":"https:\/\/goldenti.com\/site\/"},{"@type":"ListItem","position":2,"name":"IATF 16949"}]},{"@type":"WebSite","@id":"https:\/\/goldenti.com\/site\/#website","url":"https:\/\/goldenti.com\/site\/","name":"","description":"","potentialAction":[{"@type":"SearchAction","target":{"@type":"EntryPoint","urlTemplate":"https:\/\/goldenti.com\/site\/?s={search_term_string}"},"query-input":{"@type":"PropertyValueSpecification","valueRequired":true,"valueName":"search_term_string"}}],"inLanguage":"es"}]}},"_links":{"self":[{"href":"https:\/\/goldenti.com\/site\/wp-json\/wp\/v2\/pages\/24028","targetHints":{"allow":["GET"]}}],"collection":[{"href":"https:\/\/goldenti.com\/site\/wp-json\/wp\/v2\/pages"}],"about":[{"href":"https:\/\/goldenti.com\/site\/wp-json\/wp\/v2\/types\/page"}],"author":[{"embeddable":true,"href":"https:\/\/goldenti.com\/site\/wp-json\/wp\/v2\/users\/7"}],"replies":[{"embeddable":true,"href":"https:\/\/goldenti.com\/site\/wp-json\/wp\/v2\/comments?post=24028"}],"version-history":[{"count":1,"href":"https:\/\/goldenti.com\/site\/wp-json\/wp\/v2\/pages\/24028\/revisions"}],"predecessor-version":[{"id":24029,"href":"https:\/\/goldenti.com\/site\/wp-json\/wp\/v2\/pages\/24028\/revisions\/24029"}],"wp:attachment":[{"href":"https:\/\/goldenti.com\/site\/wp-json\/wp\/v2\/media?parent=24028"}],"curies":[{"name":"wp","href":"https:\/\/api.w.org\/{rel}","templated":true}]}}