{"id":24102,"date":"2020-07-24T11:15:29","date_gmt":"2020-07-24T17:15:29","guid":{"rendered":"https:\/\/goldenti.com\/site\/?page_id=24102"},"modified":"2020-07-24T11:18:18","modified_gmt":"2020-07-24T17:18:18","slug":"cableados-estructurados","status":"publish","type":"page","link":"https:\/\/goldenti.com\/site\/cableados-estructurados\/","title":{"rendered":"Cableados Estructurados"},"content":{"rendered":"\t\t<div data-elementor-type=\"wp-page\" data-elementor-id=\"24102\" class=\"elementor elementor-24102\" data-elementor-post-type=\"page\">\n\t\t\t\t\t\t<section class=\"elementor-section elementor-top-section elementor-element elementor-element-c476e66 elementor-section-boxed elementor-section-height-default elementor-section-height-default\" data-id=\"c476e66\" data-element_type=\"section\" data-e-type=\"section\">\n\t\t\t\t\t\t<div class=\"elementor-container elementor-column-gap-default\">\n\t\t\t\t\t<div class=\"elementor-column elementor-col-100 elementor-top-column elementor-element elementor-element-dc69ba0\" data-id=\"dc69ba0\" data-element_type=\"column\" data-e-type=\"column\">\n\t\t\t<div class=\"elementor-widget-wrap elementor-element-populated\">\n\t\t\t\t\t\t<div class=\"elementor-element elementor-element-19520e0 elementor-widget elementor-widget-text-editor\" data-id=\"19520e0\" data-element_type=\"widget\" data-e-type=\"widget\" data-widget_type=\"text-editor.default\">\n\t\t\t\t<div class=\"elementor-widget-container\">\n\t\t\t\t\t\t\t\t\t<p style=\"margin-bottom: 0cm;\" align=\"JUSTIFY\"><span style=\"font-family: Arial, serif;\">El cableado estructurado consiste en cables de par trenzado protegidos (Shielded Twisted Pair, STP) o no protegidos (Unshielded Twisted Pair, UTP) o cables de fibra \u00f3ptica en el interior de un edificio con el prop\u00f3sito de implantar una red de \u00e1rea local (Local Area Network, LAN).<\/span><\/p>\t\t\t\t\t\t\t\t<\/div>\n\t\t\t\t<\/div>\n\t\t\t\t\t<\/div>\n\t\t<\/div>\n\t\t\t\t\t<\/div>\n\t\t<\/section>\n\t\t\t\t<section class=\"elementor-section elementor-top-section elementor-element elementor-element-458b130 elementor-section-boxed elementor-section-height-default elementor-section-height-default\" data-id=\"458b130\" data-element_type=\"section\" data-e-type=\"section\">\n\t\t\t\t\t\t<div class=\"elementor-container elementor-column-gap-default\">\n\t\t\t\t\t<div class=\"elementor-column elementor-col-100 elementor-top-column elementor-element elementor-element-f35b155\" data-id=\"f35b155\" data-element_type=\"column\" data-e-type=\"column\">\n\t\t\t<div class=\"elementor-widget-wrap elementor-element-populated\">\n\t\t\t\t\t\t<div class=\"elementor-element elementor-element-eb58deb elementor-widget elementor-widget-text-editor\" data-id=\"eb58deb\" data-element_type=\"widget\" data-e-type=\"widget\" data-widget_type=\"text-editor.default\">\n\t\t\t\t<div class=\"elementor-widget-container\">\n\t\t\t\t\t\t\t\t\t<p style=\"margin-bottom: 0cm;\" align=\"JUSTIFY\"><span style=\"font-family: Arial, serif;\">En Golden TI ofrecemos soluciones de:\u00a0<\/span><\/p>\t\t\t\t\t\t\t\t<\/div>\n\t\t\t\t<\/div>\n\t\t\t\t\t<\/div>\n\t\t<\/div>\n\t\t\t\t\t<\/div>\n\t\t<\/section>\n\t\t\t\t<section class=\"elementor-section elementor-top-section elementor-element elementor-element-30748e5 elementor-section-boxed elementor-section-height-default elementor-section-height-default\" data-id=\"30748e5\" data-element_type=\"section\" data-e-type=\"section\">\n\t\t\t\t\t\t<div class=\"elementor-container elementor-column-gap-default\">\n\t\t\t\t\t<div class=\"elementor-column elementor-col-100 elementor-top-column elementor-element elementor-element-a67c7af\" data-id=\"a67c7af\" data-element_type=\"column\" data-e-type=\"column\">\n\t\t\t<div class=\"elementor-widget-wrap elementor-element-populated\">\n\t\t\t\t\t\t<div class=\"elementor-element elementor-element-09f49f3 elementor-widget elementor-widget-image\" data-id=\"09f49f3\" data-element_type=\"widget\" data-e-type=\"widget\" data-widget_type=\"image.default\">\n\t\t\t\t<div class=\"elementor-widget-container\">\n\t\t\t\t\t\t\t\t\t\t\t\t\t\t\t<img fetchpriority=\"high\" decoding=\"async\" width=\"640\" height=\"225\" src=\"https:\/\/goldenti.com\/site\/wp-content\/uploads\/2020\/07\/cableados1.png\" class=\"attachment-large size-large wp-image-24098\" alt=\"\" srcset=\"https:\/\/goldenti.com\/site\/wp-content\/uploads\/2020\/07\/cableados1.png 864w, https:\/\/goldenti.com\/site\/wp-content\/uploads\/2020\/07\/cableados1-300x106.png 300w, https:\/\/goldenti.com\/site\/wp-content\/uploads\/2020\/07\/cableados1-768x270.png 768w\" sizes=\"(max-width: 640px) 100vw, 640px\" \/>\t\t\t\t\t\t\t\t\t\t\t\t\t\t\t<\/div>\n\t\t\t\t<\/div>\n\t\t\t\t\t<\/div>\n\t\t<\/div>\n\t\t\t\t\t<\/div>\n\t\t<\/section>\n\t\t\t\t<section class=\"elementor-section elementor-top-section elementor-element elementor-element-38b99ac elementor-section-boxed elementor-section-height-default elementor-section-height-default\" data-id=\"38b99ac\" data-element_type=\"section\" data-e-type=\"section\">\n\t\t\t\t\t\t<div class=\"elementor-container elementor-column-gap-default\">\n\t\t\t\t\t<div class=\"elementor-column elementor-col-100 elementor-top-column elementor-element elementor-element-7e2444a\" data-id=\"7e2444a\" data-element_type=\"column\" data-e-type=\"column\">\n\t\t\t<div class=\"elementor-widget-wrap elementor-element-populated\">\n\t\t\t\t\t\t<div class=\"elementor-element elementor-element-87dead8 elementor-widget elementor-widget-text-editor\" data-id=\"87dead8\" data-element_type=\"widget\" data-e-type=\"widget\" data-widget_type=\"text-editor.default\">\n\t\t\t\t<div class=\"elementor-widget-container\">\n\t\t\t\t\t\t\t\t\t<p style=\"margin-bottom: 0cm;\" align=\"JUSTIFY\"><span style=\"font-family: Arial, serif;\">En marcas reconocidas internacionalmente como:\u00a0<\/span><\/p>\t\t\t\t\t\t\t\t<\/div>\n\t\t\t\t<\/div>\n\t\t\t\t\t<\/div>\n\t\t<\/div>\n\t\t\t\t\t<\/div>\n\t\t<\/section>\n\t\t\t\t<section class=\"elementor-section elementor-top-section elementor-element elementor-element-eddc062 elementor-section-boxed elementor-section-height-default elementor-section-height-default\" data-id=\"eddc062\" data-element_type=\"section\" data-e-type=\"section\">\n\t\t\t\t\t\t<div class=\"elementor-container elementor-column-gap-default\">\n\t\t\t\t\t<div class=\"elementor-column elementor-col-100 elementor-top-column elementor-element elementor-element-eec6390\" data-id=\"eec6390\" data-element_type=\"column\" data-e-type=\"column\">\n\t\t\t<div class=\"elementor-widget-wrap elementor-element-populated\">\n\t\t\t\t\t\t<div class=\"elementor-element elementor-element-1257282 elementor-widget elementor-widget-image\" data-id=\"1257282\" data-element_type=\"widget\" data-e-type=\"widget\" data-widget_type=\"image.default\">\n\t\t\t\t<div class=\"elementor-widget-container\">\n\t\t\t\t\t\t\t\t\t\t\t\t\t\t\t<img decoding=\"async\" width=\"551\" height=\"136\" src=\"https:\/\/goldenti.com\/site\/wp-content\/uploads\/2020\/07\/cableados2.png\" class=\"attachment-large size-large wp-image-24099\" alt=\"\" srcset=\"https:\/\/goldenti.com\/site\/wp-content\/uploads\/2020\/07\/cableados2.png 551w, https:\/\/goldenti.com\/site\/wp-content\/uploads\/2020\/07\/cableados2-300x74.png 300w\" sizes=\"(max-width: 551px) 100vw, 551px\" \/>\t\t\t\t\t\t\t\t\t\t\t\t\t\t\t<\/div>\n\t\t\t\t<\/div>\n\t\t\t\t\t<\/div>\n\t\t<\/div>\n\t\t\t\t\t<\/div>\n\t\t<\/section>\n\t\t\t\t<\/div>\n\t\t","protected":false},"excerpt":{"rendered":"<p>El cableado estructurado consiste en cables de par trenzado protegidos (Shielded Twisted Pair, STP) o no [&hellip;]<\/p>\n","protected":false},"author":7,"featured_media":0,"parent":0,"menu_order":0,"comment_status":"closed","ping_status":"closed","template":"","meta":{"footnotes":""},"class_list":["post-24102","page","type-page","status-publish","hentry"],"yoast_head":"<!-- This site is optimized with the Yoast SEO plugin v27.1.1 - https:\/\/yoast.com\/product\/yoast-seo-wordpress\/ -->\n<title>Cableados Estructurados -<\/title>\n<meta name=\"robots\" content=\"index, follow, max-snippet:-1, max-image-preview:large, max-video-preview:-1\" \/>\n<link rel=\"canonical\" href=\"https:\/\/goldenti.com\/site\/cableados-estructurados\/\" \/>\n<meta property=\"og:locale\" content=\"es_ES\" \/>\n<meta property=\"og:type\" content=\"article\" \/>\n<meta property=\"og:title\" content=\"Cableados Estructurados -\" \/>\n<meta property=\"og:description\" content=\"El cableado estructurado consiste en cables de par trenzado protegidos (Shielded Twisted Pair, STP) o no [&hellip;]\" \/>\n<meta property=\"og:url\" content=\"https:\/\/goldenti.com\/site\/cableados-estructurados\/\" \/>\n<meta property=\"article:modified_time\" content=\"2020-07-24T17:18:18+00:00\" \/>\n<meta property=\"og:image\" content=\"https:\/\/goldenti.com\/site\/wp-content\/uploads\/2020\/07\/cableados1.png\" \/>\n<meta name=\"twitter:card\" content=\"summary_large_image\" \/>\n<script type=\"application\/ld+json\" class=\"yoast-schema-graph\">{\"@context\":\"https:\/\/schema.org\",\"@graph\":[{\"@type\":\"WebPage\",\"@id\":\"https:\/\/goldenti.com\/site\/cableados-estructurados\/\",\"url\":\"https:\/\/goldenti.com\/site\/cableados-estructurados\/\",\"name\":\"Cableados Estructurados -\",\"isPartOf\":{\"@id\":\"https:\/\/goldenti.com\/site\/#website\"},\"primaryImageOfPage\":{\"@id\":\"https:\/\/goldenti.com\/site\/cableados-estructurados\/#primaryimage\"},\"image\":{\"@id\":\"https:\/\/goldenti.com\/site\/cableados-estructurados\/#primaryimage\"},\"thumbnailUrl\":\"https:\/\/goldenti.com\/site\/wp-content\/uploads\/2020\/07\/cableados1.png\",\"datePublished\":\"2020-07-24T17:15:29+00:00\",\"dateModified\":\"2020-07-24T17:18:18+00:00\",\"breadcrumb\":{\"@id\":\"https:\/\/goldenti.com\/site\/cableados-estructurados\/#breadcrumb\"},\"inLanguage\":\"es\",\"potentialAction\":[{\"@type\":\"ReadAction\",\"target\":[\"https:\/\/goldenti.com\/site\/cableados-estructurados\/\"]}]},{\"@type\":\"ImageObject\",\"inLanguage\":\"es\",\"@id\":\"https:\/\/goldenti.com\/site\/cableados-estructurados\/#primaryimage\",\"url\":\"https:\/\/goldenti.com\/site\/wp-content\/uploads\/2020\/07\/cableados1.png\",\"contentUrl\":\"https:\/\/goldenti.com\/site\/wp-content\/uploads\/2020\/07\/cableados1.png\",\"width\":864,\"height\":304},{\"@type\":\"BreadcrumbList\",\"@id\":\"https:\/\/goldenti.com\/site\/cableados-estructurados\/#breadcrumb\",\"itemListElement\":[{\"@type\":\"ListItem\",\"position\":1,\"name\":\"Portada\",\"item\":\"https:\/\/goldenti.com\/site\/\"},{\"@type\":\"ListItem\",\"position\":2,\"name\":\"Cableados Estructurados\"}]},{\"@type\":\"WebSite\",\"@id\":\"https:\/\/goldenti.com\/site\/#website\",\"url\":\"https:\/\/goldenti.com\/site\/\",\"name\":\"\",\"description\":\"\",\"potentialAction\":[{\"@type\":\"SearchAction\",\"target\":{\"@type\":\"EntryPoint\",\"urlTemplate\":\"https:\/\/goldenti.com\/site\/?s={search_term_string}\"},\"query-input\":{\"@type\":\"PropertyValueSpecification\",\"valueRequired\":true,\"valueName\":\"search_term_string\"}}],\"inLanguage\":\"es\"}]}<\/script>\n<!-- \/ Yoast SEO plugin. -->","yoast_head_json":{"title":"Cableados Estructurados -","robots":{"index":"index","follow":"follow","max-snippet":"max-snippet:-1","max-image-preview":"max-image-preview:large","max-video-preview":"max-video-preview:-1"},"canonical":"https:\/\/goldenti.com\/site\/cableados-estructurados\/","og_locale":"es_ES","og_type":"article","og_title":"Cableados Estructurados -","og_description":"El cableado estructurado consiste en cables de par trenzado protegidos (Shielded Twisted Pair, STP) o no [&hellip;]","og_url":"https:\/\/goldenti.com\/site\/cableados-estructurados\/","article_modified_time":"2020-07-24T17:18:18+00:00","og_image":[{"url":"https:\/\/goldenti.com\/site\/wp-content\/uploads\/2020\/07\/cableados1.png","type":"","width":"","height":""}],"twitter_card":"summary_large_image","schema":{"@context":"https:\/\/schema.org","@graph":[{"@type":"WebPage","@id":"https:\/\/goldenti.com\/site\/cableados-estructurados\/","url":"https:\/\/goldenti.com\/site\/cableados-estructurados\/","name":"Cableados Estructurados -","isPartOf":{"@id":"https:\/\/goldenti.com\/site\/#website"},"primaryImageOfPage":{"@id":"https:\/\/goldenti.com\/site\/cableados-estructurados\/#primaryimage"},"image":{"@id":"https:\/\/goldenti.com\/site\/cableados-estructurados\/#primaryimage"},"thumbnailUrl":"https:\/\/goldenti.com\/site\/wp-content\/uploads\/2020\/07\/cableados1.png","datePublished":"2020-07-24T17:15:29+00:00","dateModified":"2020-07-24T17:18:18+00:00","breadcrumb":{"@id":"https:\/\/goldenti.com\/site\/cableados-estructurados\/#breadcrumb"},"inLanguage":"es","potentialAction":[{"@type":"ReadAction","target":["https:\/\/goldenti.com\/site\/cableados-estructurados\/"]}]},{"@type":"ImageObject","inLanguage":"es","@id":"https:\/\/goldenti.com\/site\/cableados-estructurados\/#primaryimage","url":"https:\/\/goldenti.com\/site\/wp-content\/uploads\/2020\/07\/cableados1.png","contentUrl":"https:\/\/goldenti.com\/site\/wp-content\/uploads\/2020\/07\/cableados1.png","width":864,"height":304},{"@type":"BreadcrumbList","@id":"https:\/\/goldenti.com\/site\/cableados-estructurados\/#breadcrumb","itemListElement":[{"@type":"ListItem","position":1,"name":"Portada","item":"https:\/\/goldenti.com\/site\/"},{"@type":"ListItem","position":2,"name":"Cableados Estructurados"}]},{"@type":"WebSite","@id":"https:\/\/goldenti.com\/site\/#website","url":"https:\/\/goldenti.com\/site\/","name":"","description":"","potentialAction":[{"@type":"SearchAction","target":{"@type":"EntryPoint","urlTemplate":"https:\/\/goldenti.com\/site\/?s={search_term_string}"},"query-input":{"@type":"PropertyValueSpecification","valueRequired":true,"valueName":"search_term_string"}}],"inLanguage":"es"}]}},"_links":{"self":[{"href":"https:\/\/goldenti.com\/site\/wp-json\/wp\/v2\/pages\/24102","targetHints":{"allow":["GET"]}}],"collection":[{"href":"https:\/\/goldenti.com\/site\/wp-json\/wp\/v2\/pages"}],"about":[{"href":"https:\/\/goldenti.com\/site\/wp-json\/wp\/v2\/types\/page"}],"author":[{"embeddable":true,"href":"https:\/\/goldenti.com\/site\/wp-json\/wp\/v2\/users\/7"}],"replies":[{"embeddable":true,"href":"https:\/\/goldenti.com\/site\/wp-json\/wp\/v2\/comments?post=24102"}],"version-history":[{"count":2,"href":"https:\/\/goldenti.com\/site\/wp-json\/wp\/v2\/pages\/24102\/revisions"}],"predecessor-version":[{"id":24105,"href":"https:\/\/goldenti.com\/site\/wp-json\/wp\/v2\/pages\/24102\/revisions\/24105"}],"wp:attachment":[{"href":"https:\/\/goldenti.com\/site\/wp-json\/wp\/v2\/media?parent=24102"}],"curies":[{"name":"wp","href":"https:\/\/api.w.org\/{rel}","templated":true}]}}