{"id":24112,"date":"2020-07-24T11:43:56","date_gmt":"2020-07-24T17:43:56","guid":{"rendered":"https:\/\/goldenti.com\/site\/?page_id=24112"},"modified":"2020-07-24T11:47:27","modified_gmt":"2020-07-24T17:47:27","slug":"inteligencia-de-negocio","status":"publish","type":"page","link":"https:\/\/goldenti.com\/site\/inteligencia-de-negocio\/","title":{"rendered":"Inteligencia de Negocio"},"content":{"rendered":"\t\t<div data-elementor-type=\"wp-page\" data-elementor-id=\"24112\" class=\"elementor elementor-24112\" data-elementor-post-type=\"page\">\n\t\t\t\t\t\t<section class=\"elementor-section elementor-top-section elementor-element elementor-element-8800526 elementor-section-boxed elementor-section-height-default elementor-section-height-default\" data-id=\"8800526\" data-element_type=\"section\" data-e-type=\"section\">\n\t\t\t\t\t\t<div class=\"elementor-container elementor-column-gap-default\">\n\t\t\t\t\t<div class=\"elementor-column elementor-col-100 elementor-top-column elementor-element elementor-element-1ee53c8\" data-id=\"1ee53c8\" data-element_type=\"column\" data-e-type=\"column\">\n\t\t\t<div class=\"elementor-widget-wrap elementor-element-populated\">\n\t\t\t\t\t\t<div class=\"elementor-element elementor-element-b13eba4 elementor-widget elementor-widget-text-editor\" data-id=\"b13eba4\" data-element_type=\"widget\" data-e-type=\"widget\" data-widget_type=\"text-editor.default\">\n\t\t\t\t<div class=\"elementor-widget-container\">\n\t\t\t\t\t\t\t\t\t<p style=\"margin-bottom: 0cm;\" align=\"JUSTIFY\"><span style=\"font-family: Arial, serif;\">El t\u00e9rmino inteligencia empresarial se refiere al uso de datos en una empresa para facilitar la toma de decisiones. Abarca la comprensi\u00f3n del funcionamiento actual de la empresa, bien como la anticipaci\u00f3n de acontecimientos futuros, con el objetivo de ofrecer conocimientos para respaldar las decisiones empresariales.<\/span><\/p><p style=\"margin-bottom: 0cm;\" align=\"JUSTIFY\"><span style=\"font-family: Arial, serif;\">\u00a0<\/span><\/p><p style=\"margin-bottom: 0cm;\" align=\"JUSTIFY\"><span style=\"font-family: Arial, serif;\">Las herramientas de inteligencia se basan en la utilizaci\u00f3n de un sistema de informaci\u00f3n de inteligencia que se forma con distintos datos extra\u00eddos de la producci\u00f3n, con informaci\u00f3n relacionada con la empresa o sus \u00e1mbitos, y con datos econ\u00f3micos.<\/span><\/p><p style=\"margin-bottom: 0cm;\" align=\"JUSTIFY\"><span style=\"font-family: Arial, serif;\">\u00a0<\/span><\/p><p style=\"margin-bottom: 0cm;\" align=\"JUSTIFY\"><span style=\"font-family: Arial, serif;\">Mediante las herramientas y t\u00e9cnicas ETL (del ingl\u00e9s \u00abExtract, transform &amp; Load\u00bb), o ETC (equivalente en Castellano: \u00abextracci\u00f3n, transformaci\u00f3n y carga\u00bb), se extraen los datos de distintas fuentes, se depuran y preparan (homogeneizaci\u00f3n de los datos), para luego cargarlos en un almac\u00e9n de datos.<\/span><\/p><p>\u00a0<\/p><p style=\"margin-bottom: 0cm;\" align=\"JUSTIFY\"><span style=\"font-family: Arial, serif;\">En Golden TI te ofrecemos soluciones integrales de ETL, as\u00ed como soluciones de an\u00e1lisis estad\u00edstico para crear cuadros de mando integrales que permitan una toma de decisiones \u00e1giles y efectivas, nuestros servicios incluyen:<\/span><\/p>\t\t\t\t\t\t\t\t<\/div>\n\t\t\t\t<\/div>\n\t\t\t\t\t<\/div>\n\t\t<\/div>\n\t\t\t\t\t<\/div>\n\t\t<\/section>\n\t\t\t\t<section class=\"elementor-section elementor-top-section elementor-element elementor-element-69cd998 elementor-section-boxed elementor-section-height-default elementor-section-height-default\" data-id=\"69cd998\" data-element_type=\"section\" data-e-type=\"section\">\n\t\t\t\t\t\t<div class=\"elementor-container elementor-column-gap-default\">\n\t\t\t\t\t<div class=\"elementor-column elementor-col-50 elementor-top-column elementor-element elementor-element-304883d\" data-id=\"304883d\" data-element_type=\"column\" data-e-type=\"column\">\n\t\t\t<div class=\"elementor-widget-wrap elementor-element-populated\">\n\t\t\t\t\t\t<div class=\"elementor-element elementor-element-f1ed8bd elementor-widget elementor-widget-text-editor\" data-id=\"f1ed8bd\" data-element_type=\"widget\" data-e-type=\"widget\" data-widget_type=\"text-editor.default\">\n\t\t\t\t<div class=\"elementor-widget-container\">\n\t\t\t\t\t\t\t\t\t<ul><li><span style=\"color: #808080;\"> <span style=\"font-family: Arial, serif;\"><span style=\"font-size: 11pt;\">Informes predefinidos.<\/span><\/span><\/span><\/li><li><p style=\"margin-bottom: 0cm; background-image: initial; background-position: initial; background-size: initial; background-repeat: initial; background-attachment: initial; background-origin: initial; background-clip: initial; line-height: 100%;\"><span style=\"color: #808080;\"> <span style=\"font-size: 11pt;\"><span style=\"font-family: Arial, serif;\">Informes a medida.<\/span><\/span><\/span><\/p><\/li><li><p style=\"margin-bottom: 0cm; background-image: initial; background-position: initial; background-size: initial; background-repeat: initial; background-attachment: initial; background-origin: initial; background-clip: initial; line-height: 100%;\"><span style=\"color: #808080;\"> <span style=\"font-family: Arial, serif;\"><span style=\"font-size: 11pt;\">Cubos\u00a0de datos <span style=\"color: #3366ff;\"><a style=\"color: #3366ff;\" href=\"https:\/\/es.wikipedia.org\/wiki\/OLAP\">OLAP<\/a>\u00a0<\/span>(On-Line Analytic Processing).<\/span><\/span><\/span><\/p><\/li><li><p style=\"margin-bottom: 0cm; background-image: initial; background-position: initial; background-size: initial; background-repeat: initial; background-attachment: initial; background-origin: initial; background-clip: initial; line-height: 100%;\"><span style=\"color: #808080;\"> <span style=\"font-size: 11pt;\"><span style=\"font-family: Arial, serif;\">An\u00e1lisis estad\u00edstico.<\/span><\/span><\/span><\/p><\/li><li><p style=\"margin-bottom: 0cm; background-image: initial; background-position: initial; background-size: initial; background-repeat: initial; background-attachment: initial; background-origin: initial; background-clip: initial; line-height: 100%;\"><span style=\"color: #808080;\"> <span style=\"font-size: 11pt;\"><span style=\"font-family: Arial, serif;\">Pron\u00f3sticos (Forecasting).<\/span><\/span><\/span><\/p><\/li><li><p style=\"margin-bottom: 0cm; background-image: initial; background-position: initial; background-size: initial; background-repeat: initial; background-attachment: initial; background-origin: initial; background-clip: initial; line-height: 100%;\"><span style=\"color: #808080;\"> <span style=\"font-size: 11pt;\"><span style=\"font-family: Arial, serif;\">Miner\u00eda de datos (Data Mining).<\/span><\/span><\/span><\/p><\/li><li><p style=\"margin-bottom: 0cm; background-image: initial; background-position: initial; background-size: initial; background-repeat: initial; background-attachment: initial; background-origin: initial; background-clip: initial; line-height: 100%;\"><span style=\"color: #3366ff;\"> <span style=\"font-family: Arial, serif;\"><span style=\"font-size: 11pt;\"><a style=\"color: #3366ff;\" href=\"https:\/\/es.wikipedia.org\/wiki\/Miner%C3%ADa_de_procesos\">Miner\u00eda de Procesos<\/a>.<\/span><\/span><\/span><\/p><p style=\"margin-bottom: 0cm;\" align=\"JUSTIFY\">\u00a0<\/p><\/li><\/ul>\t\t\t\t\t\t\t\t<\/div>\n\t\t\t\t<\/div>\n\t\t\t\t\t<\/div>\n\t\t<\/div>\n\t\t\t\t<div class=\"elementor-column elementor-col-50 elementor-top-column elementor-element elementor-element-2a09c6e\" data-id=\"2a09c6e\" data-element_type=\"column\" data-e-type=\"column\">\n\t\t\t<div class=\"elementor-widget-wrap elementor-element-populated\">\n\t\t\t\t\t\t<div class=\"elementor-element elementor-element-03065db elementor-widget elementor-widget-image\" data-id=\"03065db\" data-element_type=\"widget\" data-e-type=\"widget\" data-widget_type=\"image.default\">\n\t\t\t\t<div class=\"elementor-widget-container\">\n\t\t\t\t\t\t\t\t\t\t\t\t\t\t\t<img fetchpriority=\"high\" decoding=\"async\" width=\"640\" height=\"360\" src=\"https:\/\/goldenti.com\/site\/wp-content\/uploads\/2020\/07\/inteligencia-de-negocios1-1024x576.jpg\" class=\"attachment-large size-large wp-image-24114\" alt=\"\" srcset=\"https:\/\/goldenti.com\/site\/wp-content\/uploads\/2020\/07\/inteligencia-de-negocios1-1024x576.jpg 1024w, https:\/\/goldenti.com\/site\/wp-content\/uploads\/2020\/07\/inteligencia-de-negocios1-300x169.jpg 300w, https:\/\/goldenti.com\/site\/wp-content\/uploads\/2020\/07\/inteligencia-de-negocios1-768x432.jpg 768w, https:\/\/goldenti.com\/site\/wp-content\/uploads\/2020\/07\/inteligencia-de-negocios1.jpg 1500w\" sizes=\"(max-width: 640px) 100vw, 640px\" \/>\t\t\t\t\t\t\t\t\t\t\t\t\t\t\t<\/div>\n\t\t\t\t<\/div>\n\t\t\t\t\t<\/div>\n\t\t<\/div>\n\t\t\t\t\t<\/div>\n\t\t<\/section>\n\t\t\t\t<\/div>\n\t\t","protected":false},"excerpt":{"rendered":"<p>El t\u00e9rmino inteligencia empresarial se refiere al uso de datos en una empresa para facilitar la [&hellip;]<\/p>\n","protected":false},"author":7,"featured_media":0,"parent":0,"menu_order":0,"comment_status":"closed","ping_status":"closed","template":"","meta":{"footnotes":""},"class_list":["post-24112","page","type-page","status-publish","hentry"],"yoast_head":"<!-- This site is optimized with the Yoast SEO plugin v27.1.1 - https:\/\/yoast.com\/product\/yoast-seo-wordpress\/ -->\n<title>Inteligencia de Negocio -<\/title>\n<meta name=\"robots\" content=\"index, follow, max-snippet:-1, max-image-preview:large, max-video-preview:-1\" \/>\n<link rel=\"canonical\" href=\"https:\/\/goldenti.com\/site\/inteligencia-de-negocio\/\" \/>\n<meta property=\"og:locale\" content=\"es_ES\" \/>\n<meta property=\"og:type\" content=\"article\" \/>\n<meta property=\"og:title\" content=\"Inteligencia de Negocio -\" \/>\n<meta property=\"og:description\" content=\"El t\u00e9rmino inteligencia empresarial se refiere al uso de datos en una empresa para facilitar la [&hellip;]\" \/>\n<meta property=\"og:url\" content=\"https:\/\/goldenti.com\/site\/inteligencia-de-negocio\/\" \/>\n<meta property=\"article:modified_time\" content=\"2020-07-24T17:47:27+00:00\" \/>\n<meta property=\"og:image\" content=\"https:\/\/goldenti.com\/site\/wp-content\/uploads\/2020\/07\/inteligencia-de-negocios1-1024x576.jpg\" \/>\n<meta name=\"twitter:card\" content=\"summary_large_image\" \/>\n<meta name=\"twitter:label1\" content=\"Tiempo de lectura\" \/>\n\t<meta name=\"twitter:data1\" content=\"1 minuto\" \/>\n<script type=\"application\/ld+json\" class=\"yoast-schema-graph\">{\"@context\":\"https:\/\/schema.org\",\"@graph\":[{\"@type\":\"WebPage\",\"@id\":\"https:\/\/goldenti.com\/site\/inteligencia-de-negocio\/\",\"url\":\"https:\/\/goldenti.com\/site\/inteligencia-de-negocio\/\",\"name\":\"Inteligencia de Negocio -\",\"isPartOf\":{\"@id\":\"https:\/\/goldenti.com\/site\/#website\"},\"primaryImageOfPage\":{\"@id\":\"https:\/\/goldenti.com\/site\/inteligencia-de-negocio\/#primaryimage\"},\"image\":{\"@id\":\"https:\/\/goldenti.com\/site\/inteligencia-de-negocio\/#primaryimage\"},\"thumbnailUrl\":\"https:\/\/goldenti.com\/site\/wp-content\/uploads\/2020\/07\/inteligencia-de-negocios1-1024x576.jpg\",\"datePublished\":\"2020-07-24T17:43:56+00:00\",\"dateModified\":\"2020-07-24T17:47:27+00:00\",\"breadcrumb\":{\"@id\":\"https:\/\/goldenti.com\/site\/inteligencia-de-negocio\/#breadcrumb\"},\"inLanguage\":\"es\",\"potentialAction\":[{\"@type\":\"ReadAction\",\"target\":[\"https:\/\/goldenti.com\/site\/inteligencia-de-negocio\/\"]}]},{\"@type\":\"ImageObject\",\"inLanguage\":\"es\",\"@id\":\"https:\/\/goldenti.com\/site\/inteligencia-de-negocio\/#primaryimage\",\"url\":\"https:\/\/goldenti.com\/site\/wp-content\/uploads\/2020\/07\/inteligencia-de-negocios1.jpg\",\"contentUrl\":\"https:\/\/goldenti.com\/site\/wp-content\/uploads\/2020\/07\/inteligencia-de-negocios1.jpg\",\"width\":1500,\"height\":844},{\"@type\":\"BreadcrumbList\",\"@id\":\"https:\/\/goldenti.com\/site\/inteligencia-de-negocio\/#breadcrumb\",\"itemListElement\":[{\"@type\":\"ListItem\",\"position\":1,\"name\":\"Portada\",\"item\":\"https:\/\/goldenti.com\/site\/\"},{\"@type\":\"ListItem\",\"position\":2,\"name\":\"Inteligencia de Negocio\"}]},{\"@type\":\"WebSite\",\"@id\":\"https:\/\/goldenti.com\/site\/#website\",\"url\":\"https:\/\/goldenti.com\/site\/\",\"name\":\"\",\"description\":\"\",\"potentialAction\":[{\"@type\":\"SearchAction\",\"target\":{\"@type\":\"EntryPoint\",\"urlTemplate\":\"https:\/\/goldenti.com\/site\/?s={search_term_string}\"},\"query-input\":{\"@type\":\"PropertyValueSpecification\",\"valueRequired\":true,\"valueName\":\"search_term_string\"}}],\"inLanguage\":\"es\"}]}<\/script>\n<!-- \/ Yoast SEO plugin. -->","yoast_head_json":{"title":"Inteligencia de Negocio -","robots":{"index":"index","follow":"follow","max-snippet":"max-snippet:-1","max-image-preview":"max-image-preview:large","max-video-preview":"max-video-preview:-1"},"canonical":"https:\/\/goldenti.com\/site\/inteligencia-de-negocio\/","og_locale":"es_ES","og_type":"article","og_title":"Inteligencia de Negocio -","og_description":"El t\u00e9rmino inteligencia empresarial se refiere al uso de datos en una empresa para facilitar la [&hellip;]","og_url":"https:\/\/goldenti.com\/site\/inteligencia-de-negocio\/","article_modified_time":"2020-07-24T17:47:27+00:00","og_image":[{"url":"https:\/\/goldenti.com\/site\/wp-content\/uploads\/2020\/07\/inteligencia-de-negocios1-1024x576.jpg","type":"","width":"","height":""}],"twitter_card":"summary_large_image","twitter_misc":{"Tiempo de lectura":"1 minuto"},"schema":{"@context":"https:\/\/schema.org","@graph":[{"@type":"WebPage","@id":"https:\/\/goldenti.com\/site\/inteligencia-de-negocio\/","url":"https:\/\/goldenti.com\/site\/inteligencia-de-negocio\/","name":"Inteligencia de Negocio -","isPartOf":{"@id":"https:\/\/goldenti.com\/site\/#website"},"primaryImageOfPage":{"@id":"https:\/\/goldenti.com\/site\/inteligencia-de-negocio\/#primaryimage"},"image":{"@id":"https:\/\/goldenti.com\/site\/inteligencia-de-negocio\/#primaryimage"},"thumbnailUrl":"https:\/\/goldenti.com\/site\/wp-content\/uploads\/2020\/07\/inteligencia-de-negocios1-1024x576.jpg","datePublished":"2020-07-24T17:43:56+00:00","dateModified":"2020-07-24T17:47:27+00:00","breadcrumb":{"@id":"https:\/\/goldenti.com\/site\/inteligencia-de-negocio\/#breadcrumb"},"inLanguage":"es","potentialAction":[{"@type":"ReadAction","target":["https:\/\/goldenti.com\/site\/inteligencia-de-negocio\/"]}]},{"@type":"ImageObject","inLanguage":"es","@id":"https:\/\/goldenti.com\/site\/inteligencia-de-negocio\/#primaryimage","url":"https:\/\/goldenti.com\/site\/wp-content\/uploads\/2020\/07\/inteligencia-de-negocios1.jpg","contentUrl":"https:\/\/goldenti.com\/site\/wp-content\/uploads\/2020\/07\/inteligencia-de-negocios1.jpg","width":1500,"height":844},{"@type":"BreadcrumbList","@id":"https:\/\/goldenti.com\/site\/inteligencia-de-negocio\/#breadcrumb","itemListElement":[{"@type":"ListItem","position":1,"name":"Portada","item":"https:\/\/goldenti.com\/site\/"},{"@type":"ListItem","position":2,"name":"Inteligencia de Negocio"}]},{"@type":"WebSite","@id":"https:\/\/goldenti.com\/site\/#website","url":"https:\/\/goldenti.com\/site\/","name":"","description":"","potentialAction":[{"@type":"SearchAction","target":{"@type":"EntryPoint","urlTemplate":"https:\/\/goldenti.com\/site\/?s={search_term_string}"},"query-input":{"@type":"PropertyValueSpecification","valueRequired":true,"valueName":"search_term_string"}}],"inLanguage":"es"}]}},"_links":{"self":[{"href":"https:\/\/goldenti.com\/site\/wp-json\/wp\/v2\/pages\/24112","targetHints":{"allow":["GET"]}}],"collection":[{"href":"https:\/\/goldenti.com\/site\/wp-json\/wp\/v2\/pages"}],"about":[{"href":"https:\/\/goldenti.com\/site\/wp-json\/wp\/v2\/types\/page"}],"author":[{"embeddable":true,"href":"https:\/\/goldenti.com\/site\/wp-json\/wp\/v2\/users\/7"}],"replies":[{"embeddable":true,"href":"https:\/\/goldenti.com\/site\/wp-json\/wp\/v2\/comments?post=24112"}],"version-history":[{"count":3,"href":"https:\/\/goldenti.com\/site\/wp-json\/wp\/v2\/pages\/24112\/revisions"}],"predecessor-version":[{"id":24117,"href":"https:\/\/goldenti.com\/site\/wp-json\/wp\/v2\/pages\/24112\/revisions\/24117"}],"wp:attachment":[{"href":"https:\/\/goldenti.com\/site\/wp-json\/wp\/v2\/media?parent=24112"}],"curies":[{"name":"wp","href":"https:\/\/api.w.org\/{rel}","templated":true}]}}