{"id":24123,"date":"2020-07-24T12:16:14","date_gmt":"2020-07-24T18:16:14","guid":{"rendered":"https:\/\/goldenti.com\/site\/?page_id=24123"},"modified":"2020-07-24T12:17:57","modified_gmt":"2020-07-24T18:17:57","slug":"transformacion-digitaliot-4t-digital-first","status":"publish","type":"page","link":"https:\/\/goldenti.com\/site\/transformacion-digitaliot-4t-digital-first\/","title":{"rendered":"Transformaci\u00f3n Digital(IoT, 4T, Digital First)"},"content":{"rendered":"\t\t<div data-elementor-type=\"wp-page\" data-elementor-id=\"24123\" class=\"elementor elementor-24123\" data-elementor-post-type=\"page\">\n\t\t\t\t\t\t<section class=\"elementor-section elementor-top-section elementor-element elementor-element-e8c06e2 elementor-section-boxed elementor-section-height-default elementor-section-height-default\" data-id=\"e8c06e2\" data-element_type=\"section\" data-e-type=\"section\">\n\t\t\t\t\t\t<div class=\"elementor-container elementor-column-gap-default\">\n\t\t\t\t\t<div class=\"elementor-column elementor-col-100 elementor-top-column elementor-element elementor-element-fb60d23\" data-id=\"fb60d23\" data-element_type=\"column\" data-e-type=\"column\">\n\t\t\t<div class=\"elementor-widget-wrap elementor-element-populated\">\n\t\t\t\t\t\t<div class=\"elementor-element elementor-element-e42ef9e elementor-widget elementor-widget-text-editor\" data-id=\"e42ef9e\" data-element_type=\"widget\" data-e-type=\"widget\" data-widget_type=\"text-editor.default\">\n\t\t\t\t<div class=\"elementor-widget-container\">\n\t\t\t\t\t\t\t\t\t<p align=\"JUSTIFY\" style=\"margin-top: 0.18cm; margin-bottom: 0.18cm; background-image: initial; background-position: initial; background-size: initial; background-repeat: initial; background-attachment: initial; background-origin: initial; background-clip: initial; line-height: 100%;\"><a name=\"_GoBack\"><\/a>\n<font color=\"#212529\"><\/font><font face=\"Arial, serif\">El IoT est\u00e1\nredefiniendo las experiencias de los clientes, el desarrollo de\nproductos, la prestaci\u00f3n de servicios y los modelos de negocio, pero\njunto con estas oportunidades vienen desaf\u00edos relacionados con el\nsoporte, la gesti\u00f3n y la seguridad de los flujos de informaci\u00f3n<\/font><\/p><p align=\"JUSTIFY\" style=\"margin-top: 0.18cm; margin-bottom: 0.18cm; background-image: initial; background-position: initial; background-size: initial; background-repeat: initial; background-attachment: initial; background-origin: initial; background-clip: initial; line-height: 100%;\">\n<font color=\"#212529\"><\/font><font face=\"Arial, serif\">En Golden TI\nproveemos servicios para:<\/font><\/p><p>\n\n<\/p><ol>\n\t<li><p align=\"JUSTIFY\" style=\"margin-top: 0.18cm; margin-bottom: 0.18cm; background-image: initial; background-position: initial; background-size: initial; background-repeat: initial; background-attachment: initial; background-origin: initial; background-clip: initial; line-height: 100%;\">\n\t<font color=\"#212529\"><\/font><font face=\"Arial, serif\">Asegurar la\n\tseguridad de los flujos de informaci\u00f3n: Un desaf\u00edo clave del mundo\n\tdel IoT es proporcionar el acceso correcto a las personas adecuadas\n\ten el momento adecuado.<\/font><\/p>\n\t<\/li><li><p align=\"JUSTIFY\" style=\"margin-top: 0.18cm; margin-bottom: 0.18cm; background-image: initial; background-position: initial; background-size: initial; background-repeat: initial; background-attachment: initial; background-origin: initial; background-clip: initial; line-height: 100%;\">\n\t<font color=\"#212529\"><\/font><font face=\"Arial, serif\">Conectividad: A\n\tmedida que millones de \u201ccosas\u201d comienzan a unirse a la red de la\n\tempresa, utilizando la infraestructura actual como: Wi-Fi, Redes,\n\tBluetooth, etc. Se crean vulnerabilidades. Nuestras soluciones\n\teval\u00faan A) Nivel de dispositivo B) Nivel de cifrado de datos C)\n\tSeguridad en la red y D) Inicio y cierre de sesi\u00f3n<\/font><\/p>\n\t<\/li><li><p align=\"JUSTIFY\" style=\"margin-top: 0.18cm; margin-bottom: 0.18cm; background-image: initial; background-position: initial; background-size: initial; background-repeat: initial; background-attachment: initial; background-origin: initial; background-clip: initial; line-height: 100%;\">\n\t<font color=\"#212529\"><\/font><font face=\"Arial, serif\">Evaluar y expandir\n\tla capacidad de la red: Uno de los mayores desaf\u00edos para cualquier\n\tdepartamento de TI, al implementar proyectos de IoT en toda la\n\tempresa, ser\u00e1 evaluar y gestionar el ancho de banda. A medida que\n\tmillones de dispositivos se conecten a la red a tasas cada vez\n\tmayores, la ampliaci\u00f3n del ancho de banda de la red ser\u00e1 una lucha\n\tconstante. Los requerimientos de ancho de banda deben permanecer\n\tel\u00e1sticos para soportar las necesidades empresariales y al tiempo\n\tminimizar costos.<\/font><\/p>\n\t<\/li><li><p align=\"JUSTIFY\" style=\"margin-top: 0.18cm; margin-bottom: 0.18cm; background-image: initial; background-position: initial; background-size: initial; background-repeat: initial; background-attachment: initial; background-origin: initial; background-clip: initial; line-height: 100%;\">\n\t<font color=\"#212529\"><\/font><font face=\"Arial, serif\">Transformaci\u00f3n de\n\tdatos a Informaci\u00f3n: Realizar un seguimiento de los datos\n\toperativos para crear alertas basadas en tendencias o anomal\u00edas.<\/font><\/p>\n<\/li><\/ol>\t\t\t\t\t\t\t\t<\/div>\n\t\t\t\t<\/div>\n\t\t\t\t\t<\/div>\n\t\t<\/div>\n\t\t\t\t\t<\/div>\n\t\t<\/section>\n\t\t\t\t<\/div>\n\t\t","protected":false},"excerpt":{"rendered":"<p>El IoT est\u00e1 redefiniendo las experiencias de los clientes, el desarrollo de productos, la prestaci\u00f3n de [&hellip;]<\/p>\n","protected":false},"author":7,"featured_media":0,"parent":0,"menu_order":0,"comment_status":"closed","ping_status":"closed","template":"","meta":{"footnotes":""},"class_list":["post-24123","page","type-page","status-publish","hentry"],"yoast_head":"<!-- This site is optimized with the Yoast SEO plugin v27.1.1 - https:\/\/yoast.com\/product\/yoast-seo-wordpress\/ -->\n<title>Transformaci\u00f3n Digital(IoT, 4T, Digital First) -<\/title>\n<meta name=\"robots\" content=\"index, follow, max-snippet:-1, max-image-preview:large, max-video-preview:-1\" \/>\n<link rel=\"canonical\" href=\"https:\/\/goldenti.com\/site\/transformacion-digitaliot-4t-digital-first\/\" \/>\n<meta property=\"og:locale\" content=\"es_ES\" \/>\n<meta property=\"og:type\" content=\"article\" \/>\n<meta property=\"og:title\" content=\"Transformaci\u00f3n Digital(IoT, 4T, Digital First) -\" \/>\n<meta property=\"og:description\" content=\"El IoT est\u00e1 redefiniendo las experiencias de los clientes, el desarrollo de productos, la prestaci\u00f3n de [&hellip;]\" \/>\n<meta property=\"og:url\" content=\"https:\/\/goldenti.com\/site\/transformacion-digitaliot-4t-digital-first\/\" \/>\n<meta property=\"article:modified_time\" content=\"2020-07-24T18:17:57+00:00\" \/>\n<meta name=\"twitter:card\" content=\"summary_large_image\" \/>\n<meta name=\"twitter:label1\" content=\"Tiempo de lectura\" \/>\n\t<meta name=\"twitter:data1\" content=\"1 minuto\" \/>\n<script type=\"application\/ld+json\" class=\"yoast-schema-graph\">{\"@context\":\"https:\/\/schema.org\",\"@graph\":[{\"@type\":\"WebPage\",\"@id\":\"https:\/\/goldenti.com\/site\/transformacion-digitaliot-4t-digital-first\/\",\"url\":\"https:\/\/goldenti.com\/site\/transformacion-digitaliot-4t-digital-first\/\",\"name\":\"Transformaci\u00f3n Digital(IoT, 4T, Digital First) -\",\"isPartOf\":{\"@id\":\"https:\/\/goldenti.com\/site\/#website\"},\"datePublished\":\"2020-07-24T18:16:14+00:00\",\"dateModified\":\"2020-07-24T18:17:57+00:00\",\"breadcrumb\":{\"@id\":\"https:\/\/goldenti.com\/site\/transformacion-digitaliot-4t-digital-first\/#breadcrumb\"},\"inLanguage\":\"es\",\"potentialAction\":[{\"@type\":\"ReadAction\",\"target\":[\"https:\/\/goldenti.com\/site\/transformacion-digitaliot-4t-digital-first\/\"]}]},{\"@type\":\"BreadcrumbList\",\"@id\":\"https:\/\/goldenti.com\/site\/transformacion-digitaliot-4t-digital-first\/#breadcrumb\",\"itemListElement\":[{\"@type\":\"ListItem\",\"position\":1,\"name\":\"Portada\",\"item\":\"https:\/\/goldenti.com\/site\/\"},{\"@type\":\"ListItem\",\"position\":2,\"name\":\"Transformaci\u00f3n Digital(IoT, 4T, Digital First)\"}]},{\"@type\":\"WebSite\",\"@id\":\"https:\/\/goldenti.com\/site\/#website\",\"url\":\"https:\/\/goldenti.com\/site\/\",\"name\":\"\",\"description\":\"\",\"potentialAction\":[{\"@type\":\"SearchAction\",\"target\":{\"@type\":\"EntryPoint\",\"urlTemplate\":\"https:\/\/goldenti.com\/site\/?s={search_term_string}\"},\"query-input\":{\"@type\":\"PropertyValueSpecification\",\"valueRequired\":true,\"valueName\":\"search_term_string\"}}],\"inLanguage\":\"es\"}]}<\/script>\n<!-- \/ Yoast SEO plugin. -->","yoast_head_json":{"title":"Transformaci\u00f3n Digital(IoT, 4T, Digital First) -","robots":{"index":"index","follow":"follow","max-snippet":"max-snippet:-1","max-image-preview":"max-image-preview:large","max-video-preview":"max-video-preview:-1"},"canonical":"https:\/\/goldenti.com\/site\/transformacion-digitaliot-4t-digital-first\/","og_locale":"es_ES","og_type":"article","og_title":"Transformaci\u00f3n Digital(IoT, 4T, Digital First) -","og_description":"El IoT est\u00e1 redefiniendo las experiencias de los clientes, el desarrollo de productos, la prestaci\u00f3n de [&hellip;]","og_url":"https:\/\/goldenti.com\/site\/transformacion-digitaliot-4t-digital-first\/","article_modified_time":"2020-07-24T18:17:57+00:00","twitter_card":"summary_large_image","twitter_misc":{"Tiempo de lectura":"1 minuto"},"schema":{"@context":"https:\/\/schema.org","@graph":[{"@type":"WebPage","@id":"https:\/\/goldenti.com\/site\/transformacion-digitaliot-4t-digital-first\/","url":"https:\/\/goldenti.com\/site\/transformacion-digitaliot-4t-digital-first\/","name":"Transformaci\u00f3n Digital(IoT, 4T, Digital First) -","isPartOf":{"@id":"https:\/\/goldenti.com\/site\/#website"},"datePublished":"2020-07-24T18:16:14+00:00","dateModified":"2020-07-24T18:17:57+00:00","breadcrumb":{"@id":"https:\/\/goldenti.com\/site\/transformacion-digitaliot-4t-digital-first\/#breadcrumb"},"inLanguage":"es","potentialAction":[{"@type":"ReadAction","target":["https:\/\/goldenti.com\/site\/transformacion-digitaliot-4t-digital-first\/"]}]},{"@type":"BreadcrumbList","@id":"https:\/\/goldenti.com\/site\/transformacion-digitaliot-4t-digital-first\/#breadcrumb","itemListElement":[{"@type":"ListItem","position":1,"name":"Portada","item":"https:\/\/goldenti.com\/site\/"},{"@type":"ListItem","position":2,"name":"Transformaci\u00f3n Digital(IoT, 4T, Digital First)"}]},{"@type":"WebSite","@id":"https:\/\/goldenti.com\/site\/#website","url":"https:\/\/goldenti.com\/site\/","name":"","description":"","potentialAction":[{"@type":"SearchAction","target":{"@type":"EntryPoint","urlTemplate":"https:\/\/goldenti.com\/site\/?s={search_term_string}"},"query-input":{"@type":"PropertyValueSpecification","valueRequired":true,"valueName":"search_term_string"}}],"inLanguage":"es"}]}},"_links":{"self":[{"href":"https:\/\/goldenti.com\/site\/wp-json\/wp\/v2\/pages\/24123","targetHints":{"allow":["GET"]}}],"collection":[{"href":"https:\/\/goldenti.com\/site\/wp-json\/wp\/v2\/pages"}],"about":[{"href":"https:\/\/goldenti.com\/site\/wp-json\/wp\/v2\/types\/page"}],"author":[{"embeddable":true,"href":"https:\/\/goldenti.com\/site\/wp-json\/wp\/v2\/users\/7"}],"replies":[{"embeddable":true,"href":"https:\/\/goldenti.com\/site\/wp-json\/wp\/v2\/comments?post=24123"}],"version-history":[{"count":2,"href":"https:\/\/goldenti.com\/site\/wp-json\/wp\/v2\/pages\/24123\/revisions"}],"predecessor-version":[{"id":24126,"href":"https:\/\/goldenti.com\/site\/wp-json\/wp\/v2\/pages\/24123\/revisions\/24126"}],"wp:attachment":[{"href":"https:\/\/goldenti.com\/site\/wp-json\/wp\/v2\/media?parent=24123"}],"curies":[{"name":"wp","href":"https:\/\/api.w.org\/{rel}","templated":true}]}}