{"id":30079,"date":"2023-11-06T19:14:46","date_gmt":"2023-11-07T01:14:46","guid":{"rendered":"https:\/\/goldenti.com\/site\/?page_id=30079"},"modified":"2023-11-06T19:24:38","modified_gmt":"2023-11-07T01:24:38","slug":"iso-37001","status":"publish","type":"page","link":"https:\/\/goldenti.com\/site\/iso-37001\/","title":{"rendered":"ISO 37001"},"content":{"rendered":"\t\t<div data-elementor-type=\"wp-page\" data-elementor-id=\"30079\" class=\"elementor elementor-30079\" data-elementor-post-type=\"page\">\n\t\t\t\t\t\t<section class=\"elementor-section elementor-top-section elementor-element elementor-element-a019a30 elementor-section-boxed elementor-section-height-default elementor-section-height-default\" data-id=\"a019a30\" data-element_type=\"section\" data-e-type=\"section\">\n\t\t\t\t\t\t<div class=\"elementor-container elementor-column-gap-default\">\n\t\t\t\t\t<div class=\"elementor-column elementor-col-100 elementor-top-column elementor-element elementor-element-5b5fa481\" data-id=\"5b5fa481\" data-element_type=\"column\" data-e-type=\"column\">\n\t\t\t<div class=\"elementor-widget-wrap elementor-element-populated\">\n\t\t\t\t\t\t<div class=\"elementor-element elementor-element-7ed023cc elementor-widget elementor-widget-text-editor\" data-id=\"7ed023cc\" data-element_type=\"widget\" data-e-type=\"widget\" data-widget_type=\"text-editor.default\">\n\t\t\t\t<div class=\"elementor-widget-container\">\n\t\t\t\t\t\t\t\t\t<p><\/p>\n<h1>SISTEMA DE GESTION ANTISOBORNO<\/h1>\n<div><span style=\"color: #ffffff; font-family: 'Noto Sans', Gesta, Tahoma, Arial, 'Helvetica Neue', 'Bitstream Vera Sans', Helvetica, sans-serif; font-size: 20px; background-color: #d72d18;\">Proteja y preserve su integridad organizacional<\/span><\/div>\n<p><\/p>\n<p><\/p>\n<p><\/p>\n<p><\/p>\n<p><\/p>\n<p><\/p>\n<h2><strong>ISO 37001:2016 &#8211; Anticorrupci\u00f3n y \u00e9tica empresarial<\/strong><\/h2>\n<p><\/p>\n<p><\/p>\n<p>ISO 37001 la norma internacional dise\u00f1ada para ayudar a las organizaciones p\u00fablicas y privadas a implementar un Sistema de Gesti\u00f3n Anti Soborno (SGA).\u00a0 Especifica una serie de medidas que su organizaci\u00f3n puede implementar para ayudar a prevenir, detectar y tratar el soborno.<\/p>\n<p><\/p>\n<p><\/p>\n<p>Esta dise\u00f1ada para ser integrada en los procesos de gesti\u00f3n y controles ya existentes en su organizaci\u00f3n, y se integra f\u00e1cilmente con el sistema de gesti\u00f3n de calidad ISO 9011. La ISO 37001 tambi\u00e9n sigue la estructura com\u00fan ISO\u00a0para las normas de sistemas de gesti\u00f3n<\/p>\n<p><span style=\"color: var( --e-global-color-text ); font-family: var( --e-global-typography-text-font-family ), Sans-serif; font-weight: var( --e-global-typography-text-font-weight ); font-size: 1rem;\">Los requisitos especificados por ISO 37001 abordan dos \u00e1reas clave:<\/span><\/p>\n<p><\/p>\n<p><\/p>\n<ul class=\"wp-block-list\">\n<li style=\"list-style-type: none;\">\n<ul><\/ul>\n<\/li>\n<\/ul>\n<ul>\n<li style=\"list-style-type: none;\">\n<ul>\n<li><strong>Soborno por la organizaci\u00f3n<\/strong>, su personal o socios comerciales para su propio beneficio<\/li>\n<\/ul>\n<\/li>\n<\/ul>\n<p><\/p>\n<p><\/p>\n<ul>\n<li style=\"list-style-type: none;\">\n<ul>\n<li><strong>Soborno de la organizaci\u00f3n,<\/strong>\u00a0su personal o socios comerciales en relaci\u00f3n con sus actividades<\/li>\n<\/ul>\n<\/li>\n<\/ul>\n<p><\/p>\n<p><\/p>\n<p><\/p>\n<hr \/>\n<p><\/p>\n<p><\/p>\n<h2 class=\"wp-block-heading\"><strong>\u00bfEs la norma ISO 37001 adecuada para su negocio?<\/strong><\/h2>\n<p><\/p>\n<p><\/p>\n<p>La norma es flexible y puede adaptarse para gestionar muchos tipos de sobornos y se adapta a una amplia gama de organizaciones, incluyendo:<\/p>\n<p><\/p>\n<p><\/p>\n<ul class=\"wp-block-list\">\n<li style=\"list-style-type: none;\">\n<ul><\/ul>\n<\/li>\n<\/ul>\n<ul>\n<li style=\"list-style-type: none;\">\n<ul>\n<li>Grandes empresas y organizaciones<\/li>\n<\/ul>\n<\/li>\n<\/ul>\n<p><\/p>\n<p><\/p>\n<ul>\n<li style=\"list-style-type: none;\">\n<ul>\n<li>Peque\u00f1as y medianas empresas<\/li>\n<\/ul>\n<\/li>\n<\/ul>\n<p><\/p>\n<p><\/p>\n<ul>\n<li style=\"list-style-type: none;\">\n<ul>\n<li>Organizaciones p\u00fablicas y sin \u00e1nimo de lucro<\/li>\n<\/ul>\n<\/li>\n<\/ul>\n<p><\/p>\n<p><\/p>\n<ul>\n<li style=\"list-style-type: none;\">\n<ul>\n<li>Organizaciones no gubernamentales (ONG) y organizaciones ben\u00e9ficas<\/li>\n<\/ul>\n<\/li>\n<\/ul>\n<p><\/p>\n<p><\/p>\n<p><\/p>\n<hr \/>\n<p><\/p>\n<p><\/p>\n<h2 class=\"wp-block-heading\"><strong>Beneficios de un sistema de gesti\u00f3n anti-soborno ISO 37001<\/strong><\/h2>\n<p><\/p>\n<p><\/p>\n<p>Los sistemas de gesti\u00f3n anti soborno ISO 37001 permiten proteger y preservar la integridad de las organizaciones mediante:<\/p>\n<p><\/p>\n<p><\/p>\n<ul class=\"wp-block-list\">\n<li style=\"list-style-type: none;\">\n<ul><\/ul>\n<\/li>\n<\/ul>\n<ul>\n<li style=\"list-style-type: none;\">\n<ul>\n<li>El aseguramiento del escrutinio de la eficacia de sus pol\u00edticas y procesos contra el soborno.<\/li>\n<\/ul>\n<\/li>\n<\/ul>\n<p><\/p>\n<p><\/p>\n<ul>\n<li style=\"list-style-type: none;\">\n<ul>\n<li>La demostraci\u00f3n del cumplimiento de la legislaciones, regulaciones, normativas pertinentes a la organizaci\u00f3n.<\/li>\n<\/ul>\n<\/li>\n<\/ul>\n<p><\/p>\n<p><\/p>\n<ul>\n<li style=\"list-style-type: none;\">\n<ul>\n<li>El fortalecimiento de la colaboraci\u00f3n con las partes interesadas para supervisar y administrar los riesgos de soborno toda la organizaci\u00f3n y la cadena de suministro.<\/li>\n<li>La promoci\u00f3n de una cultura anti soborno con los socios de negocio, proveedores, subcontratistas, agencias, colaboradores<\/li>\n<\/ul>\n<\/li>\n<\/ul>\n<ul>\n<li style=\"list-style-type: none;\">\n<ul>\n<li>\u00a0La comunicaci\u00f3n de las mejores pr\u00e1cticas contra el soborno.<\/li>\n<\/ul>\n<\/li>\n<\/ul>\n<p><\/p>\n<p><\/p>\t\t\t\t\t\t\t\t<\/div>\n\t\t\t\t<\/div>\n\t\t\t\t\t<\/div>\n\t\t<\/div>\n\t\t\t\t\t<\/div>\n\t\t<\/section>\n\t\t\t\t<\/div>\n\t\t","protected":false},"excerpt":{"rendered":"<p>SISTEMA DE GESTION ANTISOBORNO ISO 37001:2016 &#8211; Anticorrupci\u00f3n y \u00e9tica empresarial ISO 37001 es la nueva [&hellip;]<\/p>\n","protected":false},"author":1,"featured_media":0,"parent":0,"menu_order":0,"comment_status":"closed","ping_status":"closed","template":"","meta":{"footnotes":""},"class_list":["post-30079","page","type-page","status-publish","hentry"],"yoast_head":"<!-- This site is optimized with the Yoast SEO plugin v27.1.1 - https:\/\/yoast.com\/product\/yoast-seo-wordpress\/ -->\n<title>ISO 37001 -<\/title>\n<meta name=\"robots\" content=\"index, follow, max-snippet:-1, max-image-preview:large, max-video-preview:-1\" \/>\n<link rel=\"canonical\" href=\"https:\/\/goldenti.com\/site\/iso-37001\/\" \/>\n<meta property=\"og:locale\" content=\"es_ES\" \/>\n<meta property=\"og:type\" content=\"article\" \/>\n<meta property=\"og:title\" content=\"ISO 37001 -\" \/>\n<meta property=\"og:description\" content=\"SISTEMA DE GESTION ANTISOBORNO ISO 37001:2016 &#8211; Anticorrupci\u00f3n y \u00e9tica empresarial ISO 37001 es la nueva [&hellip;]\" \/>\n<meta property=\"og:url\" content=\"https:\/\/goldenti.com\/site\/iso-37001\/\" \/>\n<meta property=\"article:modified_time\" content=\"2023-11-07T01:24:38+00:00\" \/>\n<meta name=\"twitter:card\" content=\"summary_large_image\" \/>\n<meta name=\"twitter:label1\" content=\"Tiempo de lectura\" \/>\n\t<meta name=\"twitter:data1\" content=\"2 minutos\" \/>\n<script type=\"application\/ld+json\" class=\"yoast-schema-graph\">{\"@context\":\"https:\/\/schema.org\",\"@graph\":[{\"@type\":\"WebPage\",\"@id\":\"https:\/\/goldenti.com\/site\/iso-37001\/\",\"url\":\"https:\/\/goldenti.com\/site\/iso-37001\/\",\"name\":\"ISO 37001 -\",\"isPartOf\":{\"@id\":\"https:\/\/goldenti.com\/site\/#website\"},\"datePublished\":\"2023-11-07T01:14:46+00:00\",\"dateModified\":\"2023-11-07T01:24:38+00:00\",\"breadcrumb\":{\"@id\":\"https:\/\/goldenti.com\/site\/iso-37001\/#breadcrumb\"},\"inLanguage\":\"es\",\"potentialAction\":[{\"@type\":\"ReadAction\",\"target\":[\"https:\/\/goldenti.com\/site\/iso-37001\/\"]}]},{\"@type\":\"BreadcrumbList\",\"@id\":\"https:\/\/goldenti.com\/site\/iso-37001\/#breadcrumb\",\"itemListElement\":[{\"@type\":\"ListItem\",\"position\":1,\"name\":\"Portada\",\"item\":\"https:\/\/goldenti.com\/site\/\"},{\"@type\":\"ListItem\",\"position\":2,\"name\":\"ISO 37001\"}]},{\"@type\":\"WebSite\",\"@id\":\"https:\/\/goldenti.com\/site\/#website\",\"url\":\"https:\/\/goldenti.com\/site\/\",\"name\":\"\",\"description\":\"\",\"potentialAction\":[{\"@type\":\"SearchAction\",\"target\":{\"@type\":\"EntryPoint\",\"urlTemplate\":\"https:\/\/goldenti.com\/site\/?s={search_term_string}\"},\"query-input\":{\"@type\":\"PropertyValueSpecification\",\"valueRequired\":true,\"valueName\":\"search_term_string\"}}],\"inLanguage\":\"es\"}]}<\/script>\n<!-- \/ Yoast SEO plugin. -->","yoast_head_json":{"title":"ISO 37001 -","robots":{"index":"index","follow":"follow","max-snippet":"max-snippet:-1","max-image-preview":"max-image-preview:large","max-video-preview":"max-video-preview:-1"},"canonical":"https:\/\/goldenti.com\/site\/iso-37001\/","og_locale":"es_ES","og_type":"article","og_title":"ISO 37001 -","og_description":"SISTEMA DE GESTION ANTISOBORNO ISO 37001:2016 &#8211; Anticorrupci\u00f3n y \u00e9tica empresarial ISO 37001 es la nueva [&hellip;]","og_url":"https:\/\/goldenti.com\/site\/iso-37001\/","article_modified_time":"2023-11-07T01:24:38+00:00","twitter_card":"summary_large_image","twitter_misc":{"Tiempo de lectura":"2 minutos"},"schema":{"@context":"https:\/\/schema.org","@graph":[{"@type":"WebPage","@id":"https:\/\/goldenti.com\/site\/iso-37001\/","url":"https:\/\/goldenti.com\/site\/iso-37001\/","name":"ISO 37001 -","isPartOf":{"@id":"https:\/\/goldenti.com\/site\/#website"},"datePublished":"2023-11-07T01:14:46+00:00","dateModified":"2023-11-07T01:24:38+00:00","breadcrumb":{"@id":"https:\/\/goldenti.com\/site\/iso-37001\/#breadcrumb"},"inLanguage":"es","potentialAction":[{"@type":"ReadAction","target":["https:\/\/goldenti.com\/site\/iso-37001\/"]}]},{"@type":"BreadcrumbList","@id":"https:\/\/goldenti.com\/site\/iso-37001\/#breadcrumb","itemListElement":[{"@type":"ListItem","position":1,"name":"Portada","item":"https:\/\/goldenti.com\/site\/"},{"@type":"ListItem","position":2,"name":"ISO 37001"}]},{"@type":"WebSite","@id":"https:\/\/goldenti.com\/site\/#website","url":"https:\/\/goldenti.com\/site\/","name":"","description":"","potentialAction":[{"@type":"SearchAction","target":{"@type":"EntryPoint","urlTemplate":"https:\/\/goldenti.com\/site\/?s={search_term_string}"},"query-input":{"@type":"PropertyValueSpecification","valueRequired":true,"valueName":"search_term_string"}}],"inLanguage":"es"}]}},"_links":{"self":[{"href":"https:\/\/goldenti.com\/site\/wp-json\/wp\/v2\/pages\/30079","targetHints":{"allow":["GET"]}}],"collection":[{"href":"https:\/\/goldenti.com\/site\/wp-json\/wp\/v2\/pages"}],"about":[{"href":"https:\/\/goldenti.com\/site\/wp-json\/wp\/v2\/types\/page"}],"author":[{"embeddable":true,"href":"https:\/\/goldenti.com\/site\/wp-json\/wp\/v2\/users\/1"}],"replies":[{"embeddable":true,"href":"https:\/\/goldenti.com\/site\/wp-json\/wp\/v2\/comments?post=30079"}],"version-history":[{"count":2,"href":"https:\/\/goldenti.com\/site\/wp-json\/wp\/v2\/pages\/30079\/revisions"}],"predecessor-version":[{"id":30084,"href":"https:\/\/goldenti.com\/site\/wp-json\/wp\/v2\/pages\/30079\/revisions\/30084"}],"wp:attachment":[{"href":"https:\/\/goldenti.com\/site\/wp-json\/wp\/v2\/media?parent=30079"}],"curies":[{"name":"wp","href":"https:\/\/api.w.org\/{rel}","templated":true}]}}