{"id":651,"date":"2012-12-12T00:53:20","date_gmt":"2012-12-12T06:53:20","guid":{"rendered":"http:\/\/goldenti.com\/site\/?page_id=651"},"modified":"2024-04-10T12:49:22","modified_gmt":"2024-04-10T18:49:22","slug":"foro","status":"publish","type":"page","link":"https:\/\/goldenti.com\/site\/foro\/","title":{"rendered":"Sistemas de Gesti\u00f3n"},"content":{"rendered":"\t\t<div data-elementor-type=\"wp-page\" data-elementor-id=\"651\" class=\"elementor elementor-651\" data-elementor-post-type=\"page\">\n\t\t\t\t\t\t<section class=\"elementor-section elementor-top-section elementor-element elementor-element-cb1a82f elementor-section-boxed elementor-section-height-default elementor-section-height-default\" data-id=\"cb1a82f\" data-element_type=\"section\" data-e-type=\"section\">\n\t\t\t\t\t\t<div class=\"elementor-container elementor-column-gap-default\">\n\t\t\t\t\t<div class=\"elementor-column elementor-col-100 elementor-top-column elementor-element elementor-element-610ff59d\" data-id=\"610ff59d\" data-element_type=\"column\" data-e-type=\"column\">\n\t\t\t<div class=\"elementor-widget-wrap elementor-element-populated\">\n\t\t\t\t\t\t<div class=\"elementor-element elementor-element-e42993e elementor--h-position-center elementor--v-position-middle elementor-arrows-position-inside elementor-pagination-position-inside elementor-widget elementor-widget-slides\" data-id=\"e42993e\" data-element_type=\"widget\" data-e-type=\"widget\" data-settings=\"{&quot;navigation&quot;:&quot;both&quot;,&quot;autoplay&quot;:&quot;yes&quot;,&quot;pause_on_hover&quot;:&quot;yes&quot;,&quot;pause_on_interaction&quot;:&quot;yes&quot;,&quot;autoplay_speed&quot;:5000,&quot;infinite&quot;:&quot;yes&quot;,&quot;transition&quot;:&quot;slide&quot;,&quot;transition_speed&quot;:500}\" data-widget_type=\"slides.default\">\n\t\t\t\t<div class=\"elementor-widget-container\">\n\t\t\t\t\t\t\t<div class=\"elementor-swiper\">\n\t\t\t<div class=\"elementor-slides-wrapper elementor-main-swiper swiper-container\" dir=\"ltr\" data-animation=\"fadeInUp\">\n\t\t\t\t<div class=\"swiper-wrapper elementor-slides\">\n\t\t\t\t\t\t\t\t\t\t<div class=\"elementor-repeater-item-e7bbd04 swiper-slide\"><div class=\"swiper-slide-bg\" role=\"img\"><\/div><div class=\"swiper-slide-inner\" ><div class=\"swiper-slide-contents\"><\/div><\/div><\/div><div class=\"elementor-repeater-item-796a46f swiper-slide\"><div class=\"swiper-slide-bg\" role=\"img\"><\/div><div class=\"swiper-slide-inner\" ><div class=\"swiper-slide-contents\"><\/div><\/div><\/div><div class=\"elementor-repeater-item-e14b36f swiper-slide\"><div class=\"swiper-slide-bg\" role=\"img\"><\/div><div class=\"swiper-slide-inner\" ><div class=\"swiper-slide-contents\"><\/div><\/div><\/div>\t\t\t\t<\/div>\n\t\t\t\t\t\t\t\t\t\t\t\t\t\t\t<div class=\"swiper-pagination\"><\/div>\n\t\t\t\t\t\t\t\t\t\t\t\t\t\t\t\t<div class=\"elementor-swiper-button elementor-swiper-button-prev\" role=\"button\" tabindex=\"0\">\n\t\t\t\t\t\t\t<i aria-hidden=\"true\" class=\"eicon-chevron-left\"><\/i>\t\t\t\t\t\t\t<span class=\"elementor-screen-only\">Diapositiva anterior<\/span>\n\t\t\t\t\t\t<\/div>\n\t\t\t\t\t\t<div class=\"elementor-swiper-button elementor-swiper-button-next\" role=\"button\" tabindex=\"0\">\n\t\t\t\t\t\t\t<i aria-hidden=\"true\" class=\"eicon-chevron-right\"><\/i>\t\t\t\t\t\t\t<span class=\"elementor-screen-only\">Diapositiva siguiente<\/span>\n\t\t\t\t\t\t<\/div>\n\t\t\t\t\t\t\t\t\t\t\t\t<\/div>\n\t\t<\/div>\n\t\t\t\t\t\t<\/div>\n\t\t\t\t<\/div>\n\t\t\t\t<div class=\"elementor-element elementor-element-5cae8c7d elementor-widget elementor-widget-text-editor\" data-id=\"5cae8c7d\" data-element_type=\"widget\" data-e-type=\"widget\" data-widget_type=\"text-editor.default\">\n\t\t\t\t<div class=\"elementor-widget-container\">\n\t\t\t\t\t\t\t\t\t<h1><span style=\"color: var( --e-global-color-text ); font-family: var( --e-global-typography-text-font-family ), Sans-serif; font-weight: var( --e-global-typography-text-font-weight ); font-size: 1rem;\">La norma ISO 9001:2008 es la que tiene m\u00e1s certificados emitidos en el mundo e inicio su revisi\u00f3n en el 2013, en Mayo 2015 termino el proceso de revisi\u00f3n del DIS (El Borrador Final). En estos momento estamos a la espera su publicaci\u00f3n final.<\/span><br \/><\/h1>\n<p>&nbsp;<\/p>\n<p>En<strong> Golden TI<\/strong>&nbsp;hemos desarrollado un taller en donde los participantes conocer\u00e1n los cambios de la nueva versi\u00f3n de la norma ISO 9001:2015 as\u00ed como realizar\u00e1n ejercicios pr\u00e1cticos en los cuales aplicara los nuevos enfoques como: Contexto de la Organizaci\u00f3n; Manejo de Riesgos; Cambios en su Estructura, entre otros.<\/p>\n<p style=\"text-align: center;\"><strong>Este taller tiene un costo de recuperaci\u00f3n de $1,850.00 pesos m\u00e1s IVA e incluye: coffee break, material de apoyo, comida y certificado de asistencia.<\/strong><\/p>\n<p style=\"text-align: center;\"><strong><u>Inscr\u00edbete Cupo limitado<\/u><\/strong><\/p>\t\t\t\t\t\t\t\t<\/div>\n\t\t\t\t<\/div>\n\t\t\t\t\t<\/div>\n\t\t<\/div>\n\t\t\t\t\t<\/div>\n\t\t<\/section>\n\t\t\t\t<\/div>\n\t\t","protected":false},"excerpt":{"rendered":"<p>Diapositiva anterior Diapositiva siguiente La norma ISO 9001:2008 es la que tiene m\u00e1s certificados emitidos en [&hellip;]<\/p>\n","protected":false},"author":1,"featured_media":0,"parent":0,"menu_order":0,"comment_status":"closed","ping_status":"closed","template":"","meta":{"footnotes":""},"class_list":["post-651","page","type-page","status-publish","hentry"],"yoast_head":"<!-- This site is optimized with the Yoast SEO plugin v27.1.1 - https:\/\/yoast.com\/product\/yoast-seo-wordpress\/ -->\n<title>Sistemas de Gesti\u00f3n -<\/title>\n<meta name=\"robots\" content=\"index, follow, max-snippet:-1, max-image-preview:large, max-video-preview:-1\" \/>\n<link rel=\"canonical\" href=\"https:\/\/goldenti.com\/site\/foro\/\" \/>\n<meta property=\"og:locale\" content=\"es_ES\" \/>\n<meta property=\"og:type\" content=\"article\" \/>\n<meta property=\"og:title\" content=\"Sistemas de Gesti\u00f3n -\" \/>\n<meta property=\"og:description\" content=\"Diapositiva anterior Diapositiva siguiente La norma ISO 9001:2008 es la que tiene m\u00e1s certificados emitidos en [&hellip;]\" \/>\n<meta property=\"og:url\" content=\"https:\/\/goldenti.com\/site\/foro\/\" \/>\n<meta property=\"article:modified_time\" content=\"2024-04-10T18:49:22+00:00\" \/>\n<meta name=\"twitter:card\" content=\"summary_large_image\" \/>\n<meta name=\"twitter:label1\" content=\"Tiempo de lectura\" \/>\n\t<meta name=\"twitter:data1\" content=\"1 minuto\" \/>\n<script type=\"application\/ld+json\" class=\"yoast-schema-graph\">{\"@context\":\"https:\/\/schema.org\",\"@graph\":[{\"@type\":\"WebPage\",\"@id\":\"https:\/\/goldenti.com\/site\/foro\/\",\"url\":\"https:\/\/goldenti.com\/site\/foro\/\",\"name\":\"Sistemas de Gesti\u00f3n -\",\"isPartOf\":{\"@id\":\"https:\/\/goldenti.com\/site\/#website\"},\"datePublished\":\"2012-12-12T06:53:20+00:00\",\"dateModified\":\"2024-04-10T18:49:22+00:00\",\"breadcrumb\":{\"@id\":\"https:\/\/goldenti.com\/site\/foro\/#breadcrumb\"},\"inLanguage\":\"es\",\"potentialAction\":[{\"@type\":\"ReadAction\",\"target\":[\"https:\/\/goldenti.com\/site\/foro\/\"]}]},{\"@type\":\"BreadcrumbList\",\"@id\":\"https:\/\/goldenti.com\/site\/foro\/#breadcrumb\",\"itemListElement\":[{\"@type\":\"ListItem\",\"position\":1,\"name\":\"Portada\",\"item\":\"https:\/\/goldenti.com\/site\/\"},{\"@type\":\"ListItem\",\"position\":2,\"name\":\"Sistemas de Gesti\u00f3n\"}]},{\"@type\":\"WebSite\",\"@id\":\"https:\/\/goldenti.com\/site\/#website\",\"url\":\"https:\/\/goldenti.com\/site\/\",\"name\":\"\",\"description\":\"\",\"potentialAction\":[{\"@type\":\"SearchAction\",\"target\":{\"@type\":\"EntryPoint\",\"urlTemplate\":\"https:\/\/goldenti.com\/site\/?s={search_term_string}\"},\"query-input\":{\"@type\":\"PropertyValueSpecification\",\"valueRequired\":true,\"valueName\":\"search_term_string\"}}],\"inLanguage\":\"es\"}]}<\/script>\n<!-- \/ Yoast SEO plugin. -->","yoast_head_json":{"title":"Sistemas de Gesti\u00f3n -","robots":{"index":"index","follow":"follow","max-snippet":"max-snippet:-1","max-image-preview":"max-image-preview:large","max-video-preview":"max-video-preview:-1"},"canonical":"https:\/\/goldenti.com\/site\/foro\/","og_locale":"es_ES","og_type":"article","og_title":"Sistemas de Gesti\u00f3n -","og_description":"Diapositiva anterior Diapositiva siguiente La norma ISO 9001:2008 es la que tiene m\u00e1s certificados emitidos en [&hellip;]","og_url":"https:\/\/goldenti.com\/site\/foro\/","article_modified_time":"2024-04-10T18:49:22+00:00","twitter_card":"summary_large_image","twitter_misc":{"Tiempo de lectura":"1 minuto"},"schema":{"@context":"https:\/\/schema.org","@graph":[{"@type":"WebPage","@id":"https:\/\/goldenti.com\/site\/foro\/","url":"https:\/\/goldenti.com\/site\/foro\/","name":"Sistemas de Gesti\u00f3n -","isPartOf":{"@id":"https:\/\/goldenti.com\/site\/#website"},"datePublished":"2012-12-12T06:53:20+00:00","dateModified":"2024-04-10T18:49:22+00:00","breadcrumb":{"@id":"https:\/\/goldenti.com\/site\/foro\/#breadcrumb"},"inLanguage":"es","potentialAction":[{"@type":"ReadAction","target":["https:\/\/goldenti.com\/site\/foro\/"]}]},{"@type":"BreadcrumbList","@id":"https:\/\/goldenti.com\/site\/foro\/#breadcrumb","itemListElement":[{"@type":"ListItem","position":1,"name":"Portada","item":"https:\/\/goldenti.com\/site\/"},{"@type":"ListItem","position":2,"name":"Sistemas de Gesti\u00f3n"}]},{"@type":"WebSite","@id":"https:\/\/goldenti.com\/site\/#website","url":"https:\/\/goldenti.com\/site\/","name":"","description":"","potentialAction":[{"@type":"SearchAction","target":{"@type":"EntryPoint","urlTemplate":"https:\/\/goldenti.com\/site\/?s={search_term_string}"},"query-input":{"@type":"PropertyValueSpecification","valueRequired":true,"valueName":"search_term_string"}}],"inLanguage":"es"}]}},"_links":{"self":[{"href":"https:\/\/goldenti.com\/site\/wp-json\/wp\/v2\/pages\/651","targetHints":{"allow":["GET"]}}],"collection":[{"href":"https:\/\/goldenti.com\/site\/wp-json\/wp\/v2\/pages"}],"about":[{"href":"https:\/\/goldenti.com\/site\/wp-json\/wp\/v2\/types\/page"}],"author":[{"embeddable":true,"href":"https:\/\/goldenti.com\/site\/wp-json\/wp\/v2\/users\/1"}],"replies":[{"embeddable":true,"href":"https:\/\/goldenti.com\/site\/wp-json\/wp\/v2\/comments?post=651"}],"version-history":[{"count":13,"href":"https:\/\/goldenti.com\/site\/wp-json\/wp\/v2\/pages\/651\/revisions"}],"predecessor-version":[{"id":30480,"href":"https:\/\/goldenti.com\/site\/wp-json\/wp\/v2\/pages\/651\/revisions\/30480"}],"wp:attachment":[{"href":"https:\/\/goldenti.com\/site\/wp-json\/wp\/v2\/media?parent=651"}],"curies":[{"name":"wp","href":"https:\/\/api.w.org\/{rel}","templated":true}]}}